{"id":15232,"date":"2025-03-07T14:55:50","date_gmt":"2025-03-07T14:55:50","guid":{"rendered":"https:\/\/tjekvik.com\/kundenberichte\/dynamische-motoren-fallstudie\/"},"modified":"2025-03-17T15:52:10","modified_gmt":"2025-03-17T15:52:10","slug":"dynamische-motoren-fallstudie","status":"publish","type":"page","link":"https:\/\/tjekvik.com\/de\/kundenberichte\/dynamische-motoren-fallstudie\/","title":{"rendered":"Dynamische Motoren Fallstudie"},"content":{"rendered":"\t\t<div data-elementor-type=\"wp-page\" data-elementor-id=\"15232\" class=\"elementor elementor-15232 elementor-14516\" data-elementor-post-type=\"page\">\n\t\t\t\t<div class=\"elementor-element elementor-element-62901e37 e-flex e-con-boxed e-con e-parent\" data-id=\"62901e37\" data-element_type=\"container\" data-e-type=\"container\" data-settings=\"{&quot;background_background&quot;:&quot;classic&quot;}\">\n\t\t\t\t\t<div class=\"e-con-inner\">\n\t\t<div class=\"elementor-element elementor-element-7feee963 e-con-full e-flex e-con e-child\" data-id=\"7feee963\" data-element_type=\"container\" data-e-type=\"container\">\n\t\t\t\t<div class=\"elementor-element elementor-element-b5b0997 elementor-widget elementor-widget-heading\" data-id=\"b5b0997\" data-element_type=\"widget\" data-e-type=\"widget\" data-widget_type=\"heading.default\">\n\t\t\t\t<div class=\"elementor-widget-container\">\n\t\t\t\t\t<h2 class=\"elementor-heading-title elementor-size-default\"><a href=\"https:\/\/www.bmw-dynamicmotors.pl\/\" target=\"_blank\">BMW DYNAMISCHE MOTOREN<\/a><\/h2>\t\t\t\t<\/div>\n\t\t\t\t<\/div>\n\t\t<div class=\"elementor-element elementor-element-6c878ffd e-con-full elementor-hidden-widescreen elementor-hidden-desktop elementor-hidden-laptop elementor-hidden-tablet_extra elementor-hidden-mobile_extra e-flex e-con e-child\" data-id=\"6c878ffd\" data-element_type=\"container\" data-e-type=\"container\">\n\t\t\t\t<div class=\"elementor-element elementor-element-27dd93c6 elementor-widget elementor-widget-image\" data-id=\"27dd93c6\" data-element_type=\"widget\" data-e-type=\"widget\" data-widget_type=\"image.default\">\n\t\t\t\t<div class=\"elementor-widget-container\">\n\t\t\t\t\t\t\t\t\t\t\t\t\t\t\t<img fetchpriority=\"high\" decoding=\"async\" width=\"587\" height=\"648\" src=\"https:\/\/tjekvik.com\/wp-content\/uploads\/2025\/03\/Dynamic-Motors-showroom.webp\" class=\"attachment-medium_large size-medium_large wp-image-14520\" alt=\"Dynamic Motors showroom\" srcset=\"https:\/\/tjekvik.com\/wp-content\/uploads\/2025\/03\/Dynamic-Motors-showroom.webp 587w, https:\/\/tjekvik.com\/wp-content\/uploads\/2025\/03\/Dynamic-Motors-showroom-272x300.webp 272w\" sizes=\"(max-width: 587px) 100vw, 587px\" title=\"Dynamic Motors showroom | Tjekvik\" \/>\t\t\t\t\t\t\t\t\t\t\t\t\t\t\t<\/div>\n\t\t\t\t<\/div>\n\t\t\t\t<\/div>\n\t\t\t\t<div class=\"elementor-element elementor-element-77b30190 elementor-widget elementor-widget-heading\" data-id=\"77b30190\" data-element_type=\"widget\" data-e-type=\"widget\" data-widget_type=\"heading.default\">\n\t\t\t\t<div class=\"elementor-widget-container\">\n\t\t\t\t\t<h1 class=\"elementor-heading-title elementor-size-default\">Dynamic Motors implementiert digitale Selbstbedienungskioske f\u00fcr BMW und Mini Kunden<\/h1>\t\t\t\t<\/div>\n\t\t\t\t<\/div>\n\t\t<div class=\"elementor-element elementor-element-4f4f81ed e-con-full e-flex e-con e-child\" data-id=\"4f4f81ed\" data-element_type=\"container\" data-e-type=\"container\">\n\t\t\t\t<div class=\"elementor-element elementor-element-efc306 elementor-widget elementor-widget-text-editor\" data-id=\"efc306\" data-element_type=\"widget\" data-e-type=\"widget\" data-widget_type=\"text-editor.default\">\n\t\t\t\t<div class=\"elementor-widget-container\">\n\t\t\t\t\t\t\t\t\t<p>Mai 31, 2024<\/p>\n\t\t\t\t\t\t\t\t<\/div>\n\t\t\t\t<\/div>\n\t\t\t\t<\/div>\n\t\t\t\t<div class=\"elementor-element elementor-element-79494e92 elementor-widget elementor-widget-text-editor\" data-id=\"79494e92\" data-element_type=\"widget\" data-e-type=\"widget\" data-widget_type=\"text-editor.default\">\n\t\t\t\t<div class=\"elementor-widget-container\">\n\t\t\t\t\t\t\t\t\t<div class=\"row-fluid-wrapper row-depth-1 row-number-1 dnd_area-row-0-max-width-section-centering dnd_area-row-0-vertical-alignment dnd_area-row-0-background-layers dnd-section dnd_area-row-0-padding dnd_area-row-0-background-image\">\n<div class=\"row-fluid \">\n<div class=\"span12 widget-span widget-type-cell dnd-column dnd_area-column-1-vertical-alignment\" data-widget-type=\"cell\" data-x=\"0\" data-w=\"12\">\n<div class=\"row-fluid-wrapper row-depth-1 row-number-3 dnd_area-column-1-row-1-vertical-alignment dnd-row\">\n<div class=\"row-fluid \">\n<div class=\"span6 widget-span widget-type-cell dnd_area-column-4-vertical-alignment dnd-column\" data-widget-type=\"cell\" data-x=\"6\" data-w=\"6\">\n<div class=\"row-fluid-wrapper row-depth-1 row-number-4 dnd_area-column-4-row-0-padding dnd-row\">\n<div class=\"row-fluid \">\n<div class=\"span12 widget-span widget-type-custom_widget dnd-module\" data-widget-type=\"custom_widget\" data-x=\"0\" data-w=\"12\">\n<div id=\"hs_cos_wrapper_dnd_area-module-5\" class=\"hs_cos_wrapper hs_cos_wrapper_widget hs_cos_wrapper_type_module widget-type-rich_text widget-type-rich_text\" data-hs-cos-general-type=\"widget\" data-hs-cos-type=\"module\">\n<p>Dynamic Motors, ein f\u00fchrender Kfz-Serviceanbieter f\u00fcr BMW und Mini in Polen, hat erfolgreich die digitalen Selbstbedienungskioske von Tjekvik integriert, um das Kundenerlebnis zu verbessern, die betriebliche Effizienz zu steigern und zus\u00e4tzliche Einnahmequellen zu erschlie\u00dfen.<\/p>\n<\/div>\n<\/div>\n<\/div>\n<\/div>\n<\/div>\n<\/div>\n<\/div>\n<\/div>\n<\/div>\n<\/div>\n\t\t\t\t\t\t\t\t<\/div>\n\t\t\t\t<\/div>\n\t\t\t\t<\/div>\n\t\t<div class=\"elementor-element elementor-element-718b21c1 e-con-full elementor-hidden-tablet elementor-hidden-mobile e-flex e-con e-child\" data-id=\"718b21c1\" data-element_type=\"container\" data-e-type=\"container\">\n\t\t\t\t<div class=\"elementor-element elementor-element-65bf918b elementor-widget elementor-widget-image\" data-id=\"65bf918b\" data-element_type=\"widget\" data-e-type=\"widget\" data-widget_type=\"image.default\">\n\t\t\t\t<div class=\"elementor-widget-container\">\n\t\t\t\t\t\t\t\t\t\t\t\t\t\t\t<img fetchpriority=\"high\" decoding=\"async\" width=\"587\" height=\"648\" src=\"https:\/\/tjekvik.com\/wp-content\/uploads\/2025\/03\/Dynamic-Motors-showroom.webp\" class=\"attachment-medium_large size-medium_large wp-image-14520\" alt=\"Dynamic Motors showroom\" srcset=\"https:\/\/tjekvik.com\/wp-content\/uploads\/2025\/03\/Dynamic-Motors-showroom.webp 587w, https:\/\/tjekvik.com\/wp-content\/uploads\/2025\/03\/Dynamic-Motors-showroom-272x300.webp 272w\" sizes=\"(max-width: 587px) 100vw, 587px\" title=\"Dynamic Motors showroom | Tjekvik\" \/>\t\t\t\t\t\t\t\t\t\t\t\t\t\t\t<\/div>\n\t\t\t\t<\/div>\n\t\t\t\t<\/div>\n\t\t\t\t\t<\/div>\n\t\t\t\t<\/div>\n\t\t<div class=\"elementor-element elementor-element-4d08c63c e-flex e-con-boxed e-con e-parent\" data-id=\"4d08c63c\" data-element_type=\"container\" data-e-type=\"container\">\n\t\t\t\t\t<div class=\"e-con-inner\">\n\t\t<div class=\"elementor-element elementor-element-7de7949f e-con-full e-flex e-con e-child\" data-id=\"7de7949f\" data-element_type=\"container\" data-e-type=\"container\">\n\t\t\t\t<div class=\"elementor-element elementor-element-33f697b3 elementor-widget elementor-widget-image\" data-id=\"33f697b3\" data-element_type=\"widget\" data-e-type=\"widget\" data-widget_type=\"image.default\">\n\t\t\t\t<div class=\"elementor-widget-container\">\n\t\t\t\t\t\t\t\t\t\t\t\t\t\t\t<img decoding=\"async\" width=\"292\" height=\"360\" src=\"https:\/\/tjekvik.com\/wp-content\/uploads\/2025\/03\/Dynamic-Motors-Tjekvik-kiosk.webp\" class=\"attachment-medium_large size-medium_large wp-image-14526\" alt=\"Dynamic Motors Tjekvik kiosk\" srcset=\"https:\/\/tjekvik.com\/wp-content\/uploads\/2025\/03\/Dynamic-Motors-Tjekvik-kiosk.webp 292w, https:\/\/tjekvik.com\/wp-content\/uploads\/2025\/03\/Dynamic-Motors-Tjekvik-kiosk-243x300.webp 243w\" sizes=\"(max-width: 292px) 100vw, 292px\" title=\"Dynamic Motors Tjekvik kiosk | Tjekvik\" \/>\t\t\t\t\t\t\t\t\t\t\t\t\t\t\t<\/div>\n\t\t\t\t<\/div>\n\t\t\t\t<\/div>\n\t\t<div class=\"elementor-element elementor-element-121507fc e-con-full e-flex e-con e-child\" data-id=\"121507fc\" data-element_type=\"container\" data-e-type=\"container\">\n\t\t\t\t<div class=\"elementor-element elementor-element-d26e29b elementor-widget elementor-widget-heading\" data-id=\"d26e29b\" data-element_type=\"widget\" data-e-type=\"widget\" data-widget_type=\"heading.default\">\n\t\t\t\t<div class=\"elementor-widget-container\">\n\t\t\t\t\t<h2 class=\"elementor-heading-title elementor-size-default\">Die Herausforderung: Anpassung an die zunehmende Digitalisierung und den pandemischen Druck<\/h2>\t\t\t\t<\/div>\n\t\t\t\t<\/div>\n\t\t\t\t<div class=\"elementor-element elementor-element-403204ff elementor-widget elementor-widget-text-editor\" data-id=\"403204ff\" data-element_type=\"widget\" data-e-type=\"widget\" data-widget_type=\"text-editor.default\">\n\t\t\t\t<div class=\"elementor-widget-container\">\n\t\t\t\t\t\t\t\t\t<div class=\"span6 widget-span widget-type-custom_widget dnd_area-module-8-vertical-alignment dnd-module\" data-widget-type=\"custom_widget\" data-x=\"0\" data-w=\"6\">\n<div id=\"hs_cos_wrapper_dnd_area-module-8\" class=\"hs_cos_wrapper hs_cos_wrapper_widget hs_cos_wrapper_type_module widget-type-rich_text widget-type-rich_text\" data-hs-cos-general-type=\"widget\" data-hs-cos-type=\"module\">\n<p>Mit dem Ausbruch der Pandemie stand Dynamic Motors vor der Herausforderung, einen hochwertigen Service aufrechtzuerhalten und gleichzeitig den pers\u00f6nlichen Kontakt zu minimieren. Das Unternehmen erkannte die Notwendigkeit, seine digitale Transformation zu beschleunigen, um diesen Anforderungen gerecht zu werden und sich an seiner Proactive Care-Politik zu orientieren. Diese Politik legt den Schwerpunkt auf digitale Dienste wie die Online-Terminvereinbarung, die kontaktlose Fahrzeugabgabe, die MyBMW- und MyMINI-Apps f\u00fcr die Kommunikation, CitNOW-Video-Updates zum Fahrzeugzustand und Online-Zahlungen.  <\/p>\n<\/div>\n<\/div>\n\t\t\t\t\t\t\t\t<\/div>\n\t\t\t\t<\/div>\n\t\t\t\t<\/div>\n\t\t\t\t\t<\/div>\n\t\t\t\t<\/div>\n\t\t<div class=\"elementor-element elementor-element-6efa09e5 e-flex e-con-boxed e-con e-parent\" data-id=\"6efa09e5\" data-element_type=\"container\" data-e-type=\"container\" data-settings=\"{&quot;background_background&quot;:&quot;classic&quot;}\">\n\t\t\t\t\t<div class=\"e-con-inner\">\n\t\t<div class=\"elementor-element elementor-element-5e1810d2 e-con-full e-flex e-con e-child\" data-id=\"5e1810d2\" data-element_type=\"container\" data-e-type=\"container\">\n\t\t\t\t<div class=\"elementor-element elementor-element-ca81f01 elementor-hidden-widescreen elementor-hidden-desktop elementor-hidden-laptop elementor-hidden-tablet_extra elementor-hidden-mobile_extra elementor-widget elementor-widget-image\" data-id=\"ca81f01\" data-element_type=\"widget\" data-e-type=\"widget\" data-widget_type=\"image.default\">\n\t\t\t\t<div class=\"elementor-widget-container\">\n\t\t\t\t\t\t\t\t\t\t\t\t\t\t\t<img decoding=\"async\" width=\"800\" height=\"343\" src=\"https:\/\/tjekvik.com\/wp-content\/uploads\/2025\/03\/Dynamic-Motors-showroom-2.webp\" class=\"attachment-large size-large wp-image-14532\" alt=\"Dynamic Motors showroom 2\" srcset=\"https:\/\/tjekvik.com\/wp-content\/uploads\/2025\/03\/Dynamic-Motors-showroom-2.webp 967w, https:\/\/tjekvik.com\/wp-content\/uploads\/2025\/03\/Dynamic-Motors-showroom-2-300x129.webp 300w, https:\/\/tjekvik.com\/wp-content\/uploads\/2025\/03\/Dynamic-Motors-showroom-2-768x330.webp 768w\" sizes=\"(max-width: 800px) 100vw, 800px\" title=\"Dynamic Motors showroom 2 | Tjekvik\" \/>\t\t\t\t\t\t\t\t\t\t\t\t\t\t\t<\/div>\n\t\t\t\t<\/div>\n\t\t\t\t<div class=\"elementor-element elementor-element-7f4a7fdb elementor-widget elementor-widget-heading\" data-id=\"7f4a7fdb\" data-element_type=\"widget\" data-e-type=\"widget\" data-widget_type=\"heading.default\">\n\t\t\t\t<div class=\"elementor-widget-container\">\n\t\t\t\t\t<h2 class=\"elementor-heading-title elementor-size-default\">Die L\u00f6sung: Der Einsatz von Tjekviks Selbstbedienungskiosken<\/h2>\t\t\t\t<\/div>\n\t\t\t\t<\/div>\n\t\t\t\t<div class=\"elementor-element elementor-element-22602e38 elementor-widget elementor-widget-text-editor\" data-id=\"22602e38\" data-element_type=\"widget\" data-e-type=\"widget\" data-widget_type=\"text-editor.default\">\n\t\t\t\t<div class=\"elementor-widget-container\">\n\t\t\t\t\t\t\t\t\t<div class=\"row-fluid-wrapper row-depth-1 row-number-7 dnd_area-row-2-background-layers dnd_area-row-2-padding dnd_area-row-2-background-color dnd_area-row-2-max-width-section-centering dnd-section dnd_area-row-2-vertical-alignment\">\n<div class=\"row-fluid \">\n<div class=\"span12 widget-span widget-type-cell dnd_area-column-10-vertical-alignment dnd-column\" data-widget-type=\"cell\" data-x=\"0\" data-w=\"12\">\n<div class=\"row-fluid-wrapper row-depth-1 row-number-8 dnd_area-column-10-row-0-vertical-alignment dnd-row\">\n<div class=\"row-fluid \">\n<div class=\"span12 widget-span widget-type-custom_widget dnd_area-module-12-vertical-alignment dnd-module\" data-widget-type=\"custom_widget\" data-x=\"0\" data-w=\"12\">\n<div id=\"hs_cos_wrapper_dnd_area-module-12\" class=\"hs_cos_wrapper hs_cos_wrapper_widget hs_cos_wrapper_type_module widget-type-rich_text widget-type-rich_text\" data-hs-cos-general-type=\"widget\" data-hs-cos-type=\"module\">\n<p>Im Jahr 2021 startete Dynamic Motors unter der Leitung von Krzysztof Ejdowski, dem Gesch\u00e4ftsf\u00fchrer der Niederlassung, ein Pilotprogramm in Toru\u0144, bei dem die intelligenten Selbstbedienungskioske von Tjekvik eingesetzt wurden. Nach dem Erfolg dieses Pilotprojekts wurde die Initiative auf zwei weitere Standorte ausgeweitet. Geplant ist die Einf\u00fchrung von insgesamt vier Standorten, darunter ein neuer Standort, der in Q2\/Q3 2024 er\u00f6ffnet wird. <\/p>\n<p>Dynamic Motors betreibt derzeit sechs Kioske an seinen Standorten, davon drei im Innen- und drei im Au\u00dfenbereich. Diese Kioske erm\u00f6glichen es den Kunden, ihre Fahrzeuge schnell und effizient ein- und auszuchecken, entweder vor Ort oder aus der Ferne \u00fcber ihre eigenen Ger\u00e4te. <\/p>\n<\/div>\n<\/div>\n<\/div>\n<\/div>\n<\/div>\n<\/div>\n<\/div>\n\t\t\t\t\t\t\t\t<\/div>\n\t\t\t\t<\/div>\n\t\t\t\t<div class=\"elementor-element elementor-element-edf6f31 elementor-hidden-tablet elementor-hidden-mobile elementor-widget elementor-widget-image\" data-id=\"edf6f31\" data-element_type=\"widget\" data-e-type=\"widget\" data-widget_type=\"image.default\">\n\t\t\t\t<div class=\"elementor-widget-container\">\n\t\t\t\t\t\t\t\t\t\t\t\t\t\t\t<img decoding=\"async\" width=\"800\" height=\"343\" src=\"https:\/\/tjekvik.com\/wp-content\/uploads\/2025\/03\/Dynamic-Motors-showroom-2.webp\" class=\"attachment-large size-large wp-image-14532\" alt=\"Dynamic Motors showroom 2\" srcset=\"https:\/\/tjekvik.com\/wp-content\/uploads\/2025\/03\/Dynamic-Motors-showroom-2.webp 967w, https:\/\/tjekvik.com\/wp-content\/uploads\/2025\/03\/Dynamic-Motors-showroom-2-300x129.webp 300w, https:\/\/tjekvik.com\/wp-content\/uploads\/2025\/03\/Dynamic-Motors-showroom-2-768x330.webp 768w\" sizes=\"(max-width: 800px) 100vw, 800px\" title=\"Dynamic Motors showroom 2 | Tjekvik\" \/>\t\t\t\t\t\t\t\t\t\t\t\t\t\t\t<\/div>\n\t\t\t\t<\/div>\n\t\t\t\t<\/div>\n\t\t\t\t\t<\/div>\n\t\t\t\t<\/div>\n\t\t<div class=\"elementor-element elementor-element-22be5fd e-flex e-con-boxed e-con e-parent\" data-id=\"22be5fd\" data-element_type=\"container\" data-e-type=\"container\">\n\t\t\t\t\t<div class=\"e-con-inner\">\n\t\t\t\t<div class=\"elementor-element elementor-element-85fcab4 elementor-widget elementor-widget-heading\" data-id=\"85fcab4\" data-element_type=\"widget\" data-e-type=\"widget\" data-widget_type=\"heading.default\">\n\t\t\t\t<div class=\"elementor-widget-container\">\n\t\t\t\t\t<h2 class=\"elementor-heading-title elementor-size-default\">Implementierung, wichtige Leistungsindikatoren und Kundenfeedback<\/h2>\t\t\t\t<\/div>\n\t\t\t\t<\/div>\n\t\t\t\t\t<\/div>\n\t\t\t\t<\/div>\n\t\t<div class=\"elementor-element elementor-element-8387b2b e-grid e-con-boxed e-con e-parent\" data-id=\"8387b2b\" data-element_type=\"container\" data-e-type=\"container\">\n\t\t\t\t\t<div class=\"e-con-inner\">\n\t\t\t\t<div class=\"elementor-element elementor-element-35f4fc2 elementor-widget elementor-widget-image\" data-id=\"35f4fc2\" data-element_type=\"widget\" data-e-type=\"widget\" data-widget_type=\"image.default\">\n\t\t\t\t<div class=\"elementor-widget-container\">\n\t\t\t\t\t\t\t\t\t\t\t\t\t\t\t<img loading=\"lazy\" decoding=\"async\" width=\"683\" height=\"1024\" src=\"https:\/\/tjekvik.com\/wp-content\/uploads\/2025\/03\/Tjekvik-terminal-1-683x1024.webp\" class=\"attachment-large size-large wp-image-14550\" alt=\"Tjekvik terminal\" srcset=\"https:\/\/tjekvik.com\/wp-content\/uploads\/2025\/03\/Tjekvik-terminal-1-683x1024.webp 683w, https:\/\/tjekvik.com\/wp-content\/uploads\/2025\/03\/Tjekvik-terminal-1-200x300.webp 200w, https:\/\/tjekvik.com\/wp-content\/uploads\/2025\/03\/Tjekvik-terminal-1-768x1152.webp 768w, https:\/\/tjekvik.com\/wp-content\/uploads\/2025\/03\/Tjekvik-terminal-1-1024x1536.webp 1024w, https:\/\/tjekvik.com\/wp-content\/uploads\/2025\/03\/Tjekvik-terminal-1.webp 1333w\" sizes=\"(max-width: 683px) 100vw, 683px\" title=\"Tjekvik terminal | Tjekvik\" \/>\t\t\t\t\t\t\t\t\t\t\t\t\t\t\t<\/div>\n\t\t\t\t<\/div>\n\t\t\t\t<div class=\"elementor-element elementor-element-cb9706a elementor-widget elementor-widget-text-editor\" data-id=\"cb9706a\" data-element_type=\"widget\" data-e-type=\"widget\" data-widget_type=\"text-editor.default\">\n\t\t\t\t<div class=\"elementor-widget-container\">\n\t\t\t\t\t\t\t\t\t<p>Die Einf\u00fchrung der Selbstbedienungskioske verlief reibungslos, trotz einiger logistischer Herausforderungen durch die Pandemie. Zun\u00e4chst f\u00fchrte das Unternehmen Kioske im Innenbereich ein, gefolgt von moderneren Kiosken im Au\u00dfenbereich, die mit sicheren Schl\u00fcsselschlie\u00dff\u00e4chern und gro\u00dfen Touchscreens ausgestattet sind. Dieser technologische Fortschritt hat die Effizienz des Check-in- und Check-out-Prozesses kontinuierlich verbessert.  <\/p>\n<p>Die Selbstbedienungskioske wurden gut angenommen, \u00fcber 80% der Kunden gaben ein positives Feedback. Marek Sojecki, Director of Aftersales bei Dynamic Motors, stellt fest, dass die Kioske den Abgabe- und Abholprozess rationalisiert haben und sowohl den Kunden als auch den Serviceberatern Zeit sparen. Dieses System hat sich vor allem f\u00fcr Kunden mit vollen Terminkalendern als vorteilhaft erwiesen, da sie ihr Fahrzeug so abgeben k\u00f6nnen, wie es ihnen passt und Warteschlangen vermieden werden.  <\/p>\n<p>Die Serviceberater mussten sich zun\u00e4chst einarbeiten, haben sich aber schnell an das neue System gew\u00f6hnt. Die Selbstbedienungskioske haben den Beratern Zeit verschafft, so dass sie sich auf komplexere Kundeninteraktionen konzentrieren und ihre Gesamtproduktivit\u00e4t verbessern konnten. Das intuitive Design des Systems und die Unterst\u00fctzung durch die Serviceassistenten haben es den Kunden erleichtert, die Kioske zu nutzen, was das Kundenerlebnis weiter verbessert hat.  <\/p>\n<div class=\"span12 widget-span widget-type-custom_widget dnd-module\" data-widget-type=\"custom_widget\" data-x=\"0\" data-w=\"12\">\n<div id=\"hs_cos_wrapper_module_17128418950364\" class=\"hs_cos_wrapper hs_cos_wrapper_widget hs_cos_wrapper_type_module widget-type-rich_text\" data-hs-cos-general-type=\"widget\" data-hs-cos-type=\"module\">\n<p>Die Einf\u00fchrung der Kioske hat den Verkaufsprozess nicht wesentlich ver\u00e4ndert, erforderte aber verst\u00e4rkte Marketingma\u00dfnahmen, um die Kunden \u00fcber das neue System zu informieren. Dazu geh\u00f6ren informative Banner, Kampagnen in den sozialen Medien und Anleitungsmaterial. Der Kundendienstprozess wurde ebenfalls verfeinert, wobei automatische SMS-Benachrichtigungen die Kunden in jeder Phase ihres Service auf dem Laufenden halten.  <\/p>\n<\/div>\n<\/div>\n\t\t\t\t\t\t\t\t<\/div>\n\t\t\t\t<\/div>\n\t\t\t\t\t<\/div>\n\t\t\t\t<\/div>\n\t\t<div class=\"elementor-element elementor-element-84fe65b e-flex e-con-boxed e-con e-parent\" data-id=\"84fe65b\" data-element_type=\"container\" data-e-type=\"container\" data-settings=\"{&quot;background_background&quot;:&quot;classic&quot;}\">\n\t\t\t\t\t<div class=\"e-con-inner\">\n\t\t<div class=\"elementor-element elementor-element-b8c220a e-con-full e-flex e-con e-child\" data-id=\"b8c220a\" data-element_type=\"container\" data-e-type=\"container\">\n\t\t\t\t<div class=\"elementor-element elementor-element-9bfbbcb elementor-widget elementor-widget-heading\" data-id=\"9bfbbcb\" data-element_type=\"widget\" data-e-type=\"widget\" data-widget_type=\"heading.default\">\n\t\t\t\t<div class=\"elementor-widget-container\">\n\t\t\t\t\t<h2 class=\"elementor-heading-title elementor-size-default\">Vorteile und Zukunftsperspektiven<\/h2>\t\t\t\t<\/div>\n\t\t\t\t<\/div>\n\t\t\t\t<div class=\"elementor-element elementor-element-d621095 elementor-widget elementor-widget-text-editor\" data-id=\"d621095\" data-element_type=\"widget\" data-e-type=\"widget\" data-widget_type=\"text-editor.default\">\n\t\t\t\t<div class=\"elementor-widget-container\">\n\t\t\t\t\t\t\t\t\t<p>Die Selbstbedienungskioske haben eine Reihe von Vorteilen mit sich gebracht, darunter eine h\u00f6here Betriebseffizienz, eine gr\u00f6\u00dfere Kundenzufriedenheit und zus\u00e4tzliche Einnahmen durch den Verkauf von Dienstleistungen wie Fahrzeugw\u00e4sche und Reinigung von Klimaanlagen. Die Kunden sch\u00e4tzen die Flexibilit\u00e4t und den Komfort der Kioske, die es ihnen erm\u00f6glichen, ihre Fahrzeuge au\u00dferhalb der regul\u00e4ren Gesch\u00e4ftszeiten abzugeben und abzuholen. <\/p>\n<p>F\u00fcr die Zukunft plant Dynamic Motors die weitere Integration von Zahlungssystemen in die Kioske, um eine nahtlose Verbindung zwischen Servicezahlungen und Schl\u00fcsselabruf zu erm\u00f6glichen. Kontinuierliche Software-Updates und benutzerfreundliche Verbesserungen sind ebenfalls geplant, um sicherzustellen, dass die Kioske den Markttrends und Kundenerwartungen entsprechen. <\/p>\n<h2>Fazit<\/h2>\n<p>Mit der Einf\u00fchrung der Selbstbedienungskioske von Tjekvik hat sich Dynamic Motors als zukunftsorientierter Marktf\u00fchrer in der Kfz-Servicebranche positioniert. Durch die Einf\u00fchrung digitaler L\u00f6sungen hat Dynamic Motors seine Servicequalit\u00e4t verbessert, die Kundenzufriedenheit erh\u00f6ht und einen Ma\u00dfstab f\u00fcr Innovation im Automobilservice gesetzt. <\/p>\n\t\t\t\t\t\t\t\t<\/div>\n\t\t\t\t<\/div>\n\t\t\t\t<\/div>\n\t\t<div class=\"elementor-element elementor-element-22184de e-con-full elementor-hidden-tablet elementor-hidden-mobile e-flex e-con e-child\" data-id=\"22184de\" data-element_type=\"container\" data-e-type=\"container\">\n\t\t\t\t<div class=\"elementor-element elementor-element-cb5b900 elementor-widget elementor-widget-image\" data-id=\"cb5b900\" data-element_type=\"widget\" data-e-type=\"widget\" data-widget_type=\"image.default\">\n\t\t\t\t<div class=\"elementor-widget-container\">\n\t\t\t\t\t\t\t\t\t\t\t\t\t\t\t<img loading=\"lazy\" decoding=\"async\" width=\"600\" height=\"800\" src=\"https:\/\/tjekvik.com\/wp-content\/uploads\/2025\/03\/Tjekvik-terminal-2.webp\" class=\"attachment-medium_large size-medium_large wp-image-14565\" alt=\"Tjekvik terminal\" srcset=\"https:\/\/tjekvik.com\/wp-content\/uploads\/2025\/03\/Tjekvik-terminal-2.webp 600w, https:\/\/tjekvik.com\/wp-content\/uploads\/2025\/03\/Tjekvik-terminal-2-225x300.webp 225w\" sizes=\"(max-width: 600px) 100vw, 600px\" title=\"Tjekvik terminal 2 | Tjekvik\" \/>\t\t\t\t\t\t\t\t\t\t\t\t\t\t\t<\/div>\n\t\t\t\t<\/div>\n\t\t\t\t<\/div>\n\t\t\t\t\t<\/div>\n\t\t\t\t<\/div>\n\t\t\t\t<\/div>\n\t\t","protected":false},"excerpt":{"rendered":"<p>BMW DYNAMISCHE MOTOREN Dynamic Motors implementiert digitale Selbstbedienungskioske f\u00fcr BMW und Mini Kunden Mai 31, 2024 Dynamic Motors, ein f\u00fchrender Kfz-Serviceanbieter f\u00fcr BMW und Mini in Polen, hat erfolgreich die digitalen Selbstbedienungskioske von Tjekvik integriert, um das Kundenerlebnis zu verbessern, die betriebliche Effizienz zu steigern und zus\u00e4tzliche Einnahmequellen zu erschlie\u00dfen. Die Herausforderung: Anpassung an die [&hellip;]<\/p>\n","protected":false},"author":22,"featured_media":0,"parent":3777,"menu_order":0,"comment_status":"closed","ping_status":"closed","template":"","meta":{"_acf_changed":false,"footnotes":""},"class_list":["post-15232","page","type-page","status-publish","hentry"],"acf":[],"aioseo_notices":[],"_links":{"self":[{"href":"https:\/\/tjekvik.com\/de\/wp-json\/wp\/v2\/pages\/15232","targetHints":{"allow":["GET"]}}],"collection":[{"href":"https:\/\/tjekvik.com\/de\/wp-json\/wp\/v2\/pages"}],"about":[{"href":"https:\/\/tjekvik.com\/de\/wp-json\/wp\/v2\/types\/page"}],"author":[{"embeddable":true,"href":"https:\/\/tjekvik.com\/de\/wp-json\/wp\/v2\/users\/22"}],"replies":[{"embeddable":true,"href":"https:\/\/tjekvik.com\/de\/wp-json\/wp\/v2\/comments?post=15232"}],"version-history":[{"count":2,"href":"https:\/\/tjekvik.com\/de\/wp-json\/wp\/v2\/pages\/15232\/revisions"}],"predecessor-version":[{"id":15339,"href":"https:\/\/tjekvik.com\/de\/wp-json\/wp\/v2\/pages\/15232\/revisions\/15339"}],"up":[{"embeddable":true,"href":"https:\/\/tjekvik.com\/de\/wp-json\/wp\/v2\/pages\/3777"}],"wp:attachment":[{"href":"https:\/\/tjekvik.com\/de\/wp-json\/wp\/v2\/media?parent=15232"}],"curies":[{"name":"wp","href":"https:\/\/api.w.org\/{rel}","templated":true}]}}