{"id":22538,"date":"2025-11-27T13:47:23","date_gmt":"2025-11-27T13:47:23","guid":{"rendered":"https:\/\/tjekvik.com\/webinar-aufzeichnung-check-out-global\/"},"modified":"2025-11-27T18:46:53","modified_gmt":"2025-11-27T18:46:53","slug":"webinar-aufzeichnung-check-out-global","status":"publish","type":"page","link":"https:\/\/tjekvik.com\/de\/webinar-aufzeichnung-check-out-global\/","title":{"rendered":"Webinar-Aufzeichnung &#8211; Check-Out &#8211; Global"},"content":{"rendered":"\t\t<div data-elementor-type=\"wp-page\" data-elementor-id=\"22538\" class=\"elementor elementor-22538 elementor-22492\" data-elementor-post-type=\"page\">\n\t\t\t\t<div class=\"elementor-element elementor-element-c961d4d e-flex e-con-boxed e-con e-parent\" data-id=\"c961d4d\" data-element_type=\"container\" data-e-type=\"container\" data-settings=\"{&quot;background_background&quot;:&quot;classic&quot;}\">\n\t\t\t\t\t<div class=\"e-con-inner\">\n\t\t<div class=\"elementor-element elementor-element-3d4c4d5 e-con-full e-flex e-con e-child\" data-id=\"3d4c4d5\" data-element_type=\"container\" data-e-type=\"container\" data-settings=\"{&quot;background_background&quot;:&quot;classic&quot;}\">\n\t\t\t\t<div class=\"elementor-element elementor-element-99f189d elementor-widget elementor-widget-heading\" data-id=\"99f189d\" data-element_type=\"widget\" data-e-type=\"widget\" data-widget_type=\"heading.default\">\n\t\t\t\t<div class=\"elementor-widget-container\">\n\t\t\t\t\t<h1 class=\"elementor-heading-title elementor-size-default\">Check-out: Verl\u00e4ngern Sie die Betriebszeiten ohne zus\u00e4tzliche Kosten<\/h1>\t\t\t\t<\/div>\n\t\t\t\t<\/div>\n\t\t\t\t<div class=\"elementor-element elementor-element-6a44000 elementor-widget elementor-widget-text-editor\" data-id=\"6a44000\" data-element_type=\"widget\" data-e-type=\"widget\" data-widget_type=\"text-editor.default\">\n\t\t\t\t<div class=\"elementor-widget-container\">\n\t\t\t\t\t\t\t\t\t<p>November 25, 2025<\/p>\t\t\t\t\t\t\t\t<\/div>\n\t\t\t\t<\/div>\n\t\t\t\t<\/div>\n\t\t\t\t\t<\/div>\n\t\t\t\t<\/div>\n\t\t<div class=\"elementor-element elementor-element-297c897 e-flex e-con-boxed e-con e-parent\" data-id=\"297c897\" data-element_type=\"container\" data-e-type=\"container\">\n\t\t\t\t\t<div class=\"e-con-inner\">\n\t\t\t\t<div class=\"elementor-element elementor-element-0b2badb elementor-widget elementor-widget-spacer\" data-id=\"0b2badb\" data-element_type=\"widget\" data-e-type=\"widget\" data-widget_type=\"spacer.default\">\n\t\t\t\t<div class=\"elementor-widget-container\">\n\t\t\t\t\t\t\t<div class=\"elementor-spacer\">\n\t\t\t<div class=\"elementor-spacer-inner\"><\/div>\n\t\t<\/div>\n\t\t\t\t\t\t<\/div>\n\t\t\t\t<\/div>\n\t\t\t\t\t<\/div>\n\t\t\t\t<\/div>\n\t\t<div class=\"elementor-element elementor-element-e36675a e-flex e-con-boxed e-con e-parent\" data-id=\"e36675a\" data-element_type=\"container\" data-e-type=\"container\">\n\t\t\t\t\t<div class=\"e-con-inner\">\n\t\t<div class=\"elementor-element elementor-element-3f88bca e-con-full e-flex e-con e-child\" data-id=\"3f88bca\" data-element_type=\"container\" data-e-type=\"container\">\n\t\t\t\t<div class=\"elementor-element elementor-element-d2b7df2 elementor-widget elementor-widget-heading\" data-id=\"d2b7df2\" data-element_type=\"widget\" data-e-type=\"widget\" data-widget_type=\"heading.default\">\n\t\t\t\t<div class=\"elementor-widget-container\">\n\t\t\t\t\t<h2 class=\"elementor-heading-title elementor-size-default\">Vereinfachen Sie die Fahrzeug\u00fcbernahme und erh\u00f6hen Sie die Kundenzufriedenheit mit der Selbstbedienungskasse.<\/h2>\t\t\t\t<\/div>\n\t\t\t\t<\/div>\n\t\t\t\t<div class=\"elementor-element elementor-element-d62de34 elementor-widget elementor-widget-text-editor\" data-id=\"d62de34\" data-element_type=\"widget\" data-e-type=\"widget\" data-widget_type=\"text-editor.default\">\n\t\t\t\t<div class=\"elementor-widget-container\">\n\t\t\t\t\t\t\t\t\t<div class=\"elementor-element elementor-element-3d2637e elementor-widget elementor-widget-text-editor\" data-id=\"3d2637e\" data-element_type=\"widget\" data-widget_type=\"text-editor.default\"><div class=\"elementor-widget-container\"><p>Sehen Sie sich Aarun Kooner und Sarah Rukas von Tjekvik an, wie sie erl\u00e4utern, wie der digitale Check-out den Kunden eine flexible und unkomplizierte Fahrzeugabholung erm\u00f6glicht und gleichzeitig Wartezeiten sowie die Belastung au\u00dferhalb der \u00d6ffnungszeiten f\u00fcr Ihr Team reduziert.<\/p><p><em>Das Webinar wird auf Englisch gehalten.<\/em><\/p><div class=\"elementor-element elementor-element-3624983 elementor-align-left elementor-widget elementor-widget-button\" data-id=\"3624983\" data-element_type=\"widget\" data-widget_type=\"button.default\"><div class=\"elementor-widget-container\"><div class=\"elementor-button-wrapper\"> <\/div><\/div><\/div><\/div><\/div>\t\t\t\t\t\t\t\t<\/div>\n\t\t\t\t<\/div>\n\t\t\t\t<\/div>\n\t\t\t\t<div class=\"elementor-element elementor-element-2ac7bbb elementor-widget elementor-widget-spacer\" data-id=\"2ac7bbb\" data-element_type=\"widget\" data-e-type=\"widget\" data-widget_type=\"spacer.default\">\n\t\t\t\t<div class=\"elementor-widget-container\">\n\t\t\t\t\t\t\t<div class=\"elementor-spacer\">\n\t\t\t<div class=\"elementor-spacer-inner\"><\/div>\n\t\t<\/div>\n\t\t\t\t\t\t<\/div>\n\t\t\t\t<\/div>\n\t\t<div class=\"elementor-element elementor-element-efc9f46 e-con-full e-flex e-con e-child\" data-id=\"efc9f46\" data-element_type=\"container\" data-e-type=\"container\">\n\t\t\t\t<div class=\"elementor-element elementor-element-6ed0ddb elementor-widget elementor-widget-text-editor\" data-id=\"6ed0ddb\" data-element_type=\"widget\" data-e-type=\"widget\" data-widget_type=\"text-editor.default\">\n\t\t\t\t<div class=\"elementor-widget-container\">\n\t\t\t\t\t\t\t\t\t<p><strong>Sehen Sie sich die Aufnahme an<\/strong><\/p>\t\t\t\t\t\t\t\t<\/div>\n\t\t\t\t<\/div>\n\t\t\t\t<div class=\"elementor-element elementor-element-662515a elementor-widget elementor-widget-html\" data-id=\"662515a\" data-element_type=\"widget\" data-e-type=\"widget\" data-widget_type=\"html.default\">\n\t\t\t\t<div class=\"elementor-widget-container\">\n\t\t\t\t\t<script charset=\"utf-8\" type=\"text\/javascript\" src=\"\/\/js-eu1.hsforms.net\/forms\/embed\/v2.js\"><\/script><script>hbspt.forms.create({\n    portalId: \"26682254\",\n    formId: \"0ea3fc16-c108-4260-be86-b7bedfe3e897\",\n    region: \"eu1\"\n  });\n<\/script>\t\t\t\t<\/div>\n\t\t\t\t<\/div>\n\t\t\t\t<\/div>\n\t\t\t\t\t<\/div>\n\t\t\t\t<\/div>\n\t\t\t\t<\/div>\n\t\t","protected":false},"excerpt":{"rendered":"<p>Sehen Sie sich unser Webinar an und erfahren Sie, wie Sie die betriebliche Effizienz steigern und das Kundenerlebnis verbessern k\u00f6nnen, indem Sie Selbstbedienungskassen in Ihrem Autohaus einf\u00fchren.<\/p>\n","protected":false},"author":33,"featured_media":18577,"parent":0,"menu_order":0,"comment_status":"closed","ping_status":"closed","template":"","meta":{"_acf_changed":false,"footnotes":""},"class_list":["post-22538","page","type-page","status-publish","has-post-thumbnail","hentry"],"acf":[],"aioseo_notices":[],"_links":{"self":[{"href":"https:\/\/tjekvik.com\/de\/wp-json\/wp\/v2\/pages\/22538","targetHints":{"allow":["GET"]}}],"collection":[{"href":"https:\/\/tjekvik.com\/de\/wp-json\/wp\/v2\/pages"}],"about":[{"href":"https:\/\/tjekvik.com\/de\/wp-json\/wp\/v2\/types\/page"}],"author":[{"embeddable":true,"href":"https:\/\/tjekvik.com\/de\/wp-json\/wp\/v2\/users\/33"}],"replies":[{"embeddable":true,"href":"https:\/\/tjekvik.com\/de\/wp-json\/wp\/v2\/comments?post=22538"}],"version-history":[{"count":1,"href":"https:\/\/tjekvik.com\/de\/wp-json\/wp\/v2\/pages\/22538\/revisions"}],"predecessor-version":[{"id":22539,"href":"https:\/\/tjekvik.com\/de\/wp-json\/wp\/v2\/pages\/22538\/revisions\/22539"}],"wp:featuredmedia":[{"embeddable":true,"href":"https:\/\/tjekvik.com\/de\/wp-json\/wp\/v2\/media\/18577"}],"wp:attachment":[{"href":"https:\/\/tjekvik.com\/de\/wp-json\/wp\/v2\/media?parent=22538"}],"curies":[{"name":"wp","href":"https:\/\/api.w.org\/{rel}","templated":true}]}}