{"id":23129,"date":"2025-12-18T12:50:18","date_gmt":"2025-12-18T12:50:18","guid":{"rendered":"https:\/\/tjekvik.com\/?page_id=23129"},"modified":"2025-12-18T13:10:30","modified_gmt":"2025-12-18T13:10:30","slug":"whitepaper-maximierung-der-kundenbindung-nach-dem-kauf-spanien","status":"publish","type":"page","link":"https:\/\/tjekvik.com\/de\/whitepaper-maximierung-der-kundenbindung-nach-dem-kauf-spanien\/","title":{"rendered":"Whitepaper &#8211; Maximierung der Kundenbindung nach dem Kauf [Spanien]"},"content":{"rendered":"\t\t<div data-elementor-type=\"wp-page\" data-elementor-id=\"23129\" class=\"elementor elementor-23129 elementor-23128\" data-elementor-post-type=\"page\">\n\t\t\t\t<div class=\"elementor-element elementor-element-c961d4d e-flex e-con-boxed e-con e-parent\" data-id=\"c961d4d\" data-element_type=\"container\" data-e-type=\"container\" data-settings=\"{&quot;background_background&quot;:&quot;classic&quot;}\">\n\t\t\t\t\t<div class=\"e-con-inner\">\n\t\t<div class=\"elementor-element elementor-element-3d4c4d5 e-con-full e-flex e-con e-child\" data-id=\"3d4c4d5\" data-element_type=\"container\" data-e-type=\"container\">\n\t\t\t\t<div class=\"elementor-element elementor-element-99f189d elementor-widget elementor-widget-heading\" data-id=\"99f189d\" data-element_type=\"widget\" data-e-type=\"widget\" data-widget_type=\"heading.default\">\n\t\t\t\t<div class=\"elementor-widget-container\">\n\t\t\t\t\t<h1 class=\"elementor-heading-title elementor-size-default\">Wie H\u00e4ndler die Kundenbindung maximieren k\u00f6nnen, indem sie das Kundenerlebnis neu definieren<\/h1>\t\t\t\t<\/div>\n\t\t\t\t<\/div>\n\t\t\t\t<div class=\"elementor-element elementor-element-6a44000 elementor-widget elementor-widget-text-editor\" data-id=\"6a44000\" data-element_type=\"widget\" data-e-type=\"widget\" data-widget_type=\"text-editor.default\">\n\t\t\t\t<div class=\"elementor-widget-container\">\n\t\t\t\t\t\t\t\t\t<div class=\"wp-block-group is-content-justification-left is-layout-constrained wp-container-core-group-is-layout-2 wp-block-group-is-layout-constrained\"><p>Die Rolle der digitalen Selbstbedienung bei der Steigerung der Kundentreue nach dem Kauf.<\/p><\/div>\t\t\t\t\t\t\t\t<\/div>\n\t\t\t\t<\/div>\n\t\t\t\t<\/div>\n\t\t\t\t\t<\/div>\n\t\t\t\t<\/div>\n\t\t<div class=\"elementor-element elementor-element-297c897 e-flex e-con-boxed e-con e-parent\" data-id=\"297c897\" data-element_type=\"container\" data-e-type=\"container\">\n\t\t\t\t\t<div class=\"e-con-inner\">\n\t\t\t\t<div class=\"elementor-element elementor-element-0b2badb elementor-widget elementor-widget-spacer\" data-id=\"0b2badb\" data-element_type=\"widget\" data-e-type=\"widget\" data-widget_type=\"spacer.default\">\n\t\t\t\t<div class=\"elementor-widget-container\">\n\t\t\t\t\t\t\t<div class=\"elementor-spacer\">\n\t\t\t<div class=\"elementor-spacer-inner\"><\/div>\n\t\t<\/div>\n\t\t\t\t\t\t<\/div>\n\t\t\t\t<\/div>\n\t\t\t\t\t<\/div>\n\t\t\t\t<\/div>\n\t\t<div class=\"elementor-element elementor-element-622408a elementor-hidden-widescreen elementor-hidden-desktop elementor-hidden-laptop elementor-hidden-tablet_extra elementor-hidden-tablet elementor-hidden-mobile_extra e-flex e-con-boxed e-con e-parent\" data-id=\"622408a\" data-element_type=\"container\" data-e-type=\"container\" data-settings=\"{&quot;background_background&quot;:&quot;classic&quot;}\">\n\t\t\t\t\t<div class=\"e-con-inner\">\n\t\t\t\t<div class=\"elementor-element elementor-element-c2334ec elementor-hidden-desktop elementor-hidden-tablet elementor-widget elementor-widget-image\" data-id=\"c2334ec\" data-element_type=\"widget\" data-e-type=\"widget\" data-widget_type=\"image.default\">\n\t\t\t\t<div class=\"elementor-widget-container\">\n\t\t\t\t\t\t\t\t\t\t\t\t\t\t\t<img fetchpriority=\"high\" decoding=\"async\" width=\"613\" height=\"830\" src=\"https:\/\/tjekvik.com\/wp-content\/uploads\/2025\/12\/autoinnovation-sharepoint-com-sites-.png\" class=\"attachment-full size-full wp-image-23155\" alt=\"Spain whitepaper\" srcset=\"https:\/\/tjekvik.com\/wp-content\/uploads\/2025\/12\/autoinnovation-sharepoint-com-sites-.png 613w, https:\/\/tjekvik.com\/wp-content\/uploads\/2025\/12\/autoinnovation-sharepoint-com-sites--222x300.png 222w\" sizes=\"(max-width: 613px) 100vw, 613px\" title=\"autoinnovation-sharepoint-com-sites-- | Tjekvik\" \/>\t\t\t\t\t\t\t\t\t\t\t\t\t\t\t<\/div>\n\t\t\t\t<\/div>\n\t\t\t\t\t<\/div>\n\t\t\t\t<\/div>\n\t\t<div class=\"elementor-element elementor-element-e36675a e-flex e-con-boxed e-con e-parent\" data-id=\"e36675a\" data-element_type=\"container\" data-e-type=\"container\">\n\t\t\t\t\t<div class=\"e-con-inner\">\n\t\t<div class=\"elementor-element elementor-element-3f88bca e-con-full e-flex e-con e-child\" data-id=\"3f88bca\" data-element_type=\"container\" data-e-type=\"container\">\n\t\t\t\t<div class=\"elementor-element elementor-element-d2b7df2 elementor-widget elementor-widget-heading\" data-id=\"d2b7df2\" data-element_type=\"widget\" data-e-type=\"widget\" data-widget_type=\"heading.default\">\n\t\t\t\t<div class=\"elementor-widget-container\">\n\t\t\t\t\t<h2 class=\"elementor-heading-title elementor-size-default\">Maximierung der Kundenbindung im Aftersales-Bereich<\/h2>\t\t\t\t<\/div>\n\t\t\t\t<\/div>\n\t\t\t\t<div class=\"elementor-element elementor-element-d62de34 elementor-widget elementor-widget-text-editor\" data-id=\"d62de34\" data-element_type=\"widget\" data-e-type=\"widget\" data-widget_type=\"text-editor.default\">\n\t\t\t\t<div class=\"elementor-widget-container\">\n\t\t\t\t\t\t\t\t\t<p>Digitale L\u00f6sungen erm\u00f6glichen es H\u00e4ndlern, die betriebliche Effizienz zu steigern und bessere Kundenerlebnisse zu bieten, was zu einer schnelleren und effektiveren Rentabilit\u00e4t f\u00fchrt.<\/p><p>In diesem Whitepaper erfahren Sie, wie:<\/p><ul><li>Die Digitalisierung der Aftersales-Prozesse erh\u00f6ht die Kundentreue.<\/li><li>Selbstbedienungsl\u00f6sungen verk\u00fcrzen Wartezeiten und erh\u00f6hen die Flexibilit\u00e4t.<\/li><li>Personalisiertes Upselling steigert den Umsatz im Aftersales-Bereich.<\/li><\/ul><p>Erfahren Sie au\u00dferdem, wie Grupo Concesur einen digitalen Transformationsprozess durchlaufen hat, der die Effizienz in allen Abteilungen &#8211; einschlie\u00dflich Vertrieb, Kundendienst und Buchhaltung &#8211; erh\u00f6ht.<\/p><p><em>* Whitepaper auf Spanisch ver\u00f6ffentlicht<\/em><\/p>\t\t\t\t\t\t\t\t<\/div>\n\t\t\t\t<\/div>\n\t\t\t\t<\/div>\n\t\t\t\t<div class=\"elementor-element elementor-element-2ac7bbb elementor-widget elementor-widget-spacer\" data-id=\"2ac7bbb\" data-element_type=\"widget\" data-e-type=\"widget\" data-widget_type=\"spacer.default\">\n\t\t\t\t<div class=\"elementor-widget-container\">\n\t\t\t\t\t\t\t<div class=\"elementor-spacer\">\n\t\t\t<div class=\"elementor-spacer-inner\"><\/div>\n\t\t<\/div>\n\t\t\t\t\t\t<\/div>\n\t\t\t\t<\/div>\n\t\t<div class=\"elementor-element elementor-element-efc9f46 e-con-full e-flex e-con e-child\" data-id=\"efc9f46\" data-element_type=\"container\" data-e-type=\"container\">\n\t\t\t\t<div class=\"elementor-element elementor-element-6ed0ddb elementor-widget elementor-widget-text-editor\" data-id=\"6ed0ddb\" data-element_type=\"widget\" data-e-type=\"widget\" data-widget_type=\"text-editor.default\">\n\t\t\t\t<div class=\"elementor-widget-container\">\n\t\t\t\t\t\t\t\t\t<p><strong>Laden Sie das Whitepaper herunter<\/strong><\/p>\t\t\t\t\t\t\t\t<\/div>\n\t\t\t\t<\/div>\n\t\t\t\t<div class=\"elementor-element elementor-element-662515a elementor-widget elementor-widget-html\" data-id=\"662515a\" data-element_type=\"widget\" data-e-type=\"widget\" data-widget_type=\"html.default\">\n\t\t\t\t<div class=\"elementor-widget-container\">\n\t\t\t\t\t<script charset=\"utf-8\" type=\"text\/javascript\" src=\"\/\/js-eu1.hsforms.net\/forms\/embed\/v2.js\"><\/script><script>hbspt.forms.create({\n    portalId: \"26682254\",\n    formId: \"95fbec2e-8716-4e18-89d8-92bd9b6e7336\",\n    region: \"eu1\"\n  });\n<\/script>\t\t\t\t<\/div>\n\t\t\t\t<\/div>\n\t\t\t\t<\/div>\n\t\t\t\t\t<\/div>\n\t\t\t\t<\/div>\n\t\t\t\t<\/div>\n\t\t","protected":false},"excerpt":{"rendered":"<p>Lesen Sie unsere Kundenberichte und erfahren Sie, wie Hunderte von Unternehmen ihre Effizienz und Rentabilit\u00e4t mit der Tjekvik intelligence self service technology steigern.<\/p>\n","protected":false},"author":29,"featured_media":3442,"parent":0,"menu_order":0,"comment_status":"closed","ping_status":"closed","template":"","meta":{"_acf_changed":false,"footnotes":""},"class_list":["post-23129","page","type-page","status-publish","has-post-thumbnail","hentry"],"acf":[],"aioseo_notices":[],"_links":{"self":[{"href":"https:\/\/tjekvik.com\/de\/wp-json\/wp\/v2\/pages\/23129","targetHints":{"allow":["GET"]}}],"collection":[{"href":"https:\/\/tjekvik.com\/de\/wp-json\/wp\/v2\/pages"}],"about":[{"href":"https:\/\/tjekvik.com\/de\/wp-json\/wp\/v2\/types\/page"}],"author":[{"embeddable":true,"href":"https:\/\/tjekvik.com\/de\/wp-json\/wp\/v2\/users\/29"}],"replies":[{"embeddable":true,"href":"https:\/\/tjekvik.com\/de\/wp-json\/wp\/v2\/comments?post=23129"}],"version-history":[{"count":3,"href":"https:\/\/tjekvik.com\/de\/wp-json\/wp\/v2\/pages\/23129\/revisions"}],"predecessor-version":[{"id":23174,"href":"https:\/\/tjekvik.com\/de\/wp-json\/wp\/v2\/pages\/23129\/revisions\/23174"}],"wp:featuredmedia":[{"embeddable":true,"href":"https:\/\/tjekvik.com\/de\/wp-json\/wp\/v2\/media\/3442"}],"wp:attachment":[{"href":"https:\/\/tjekvik.com\/de\/wp-json\/wp\/v2\/media?parent=23129"}],"curies":[{"name":"wp","href":"https:\/\/api.w.org\/{rel}","templated":true}]}}