{"id":9974,"date":"2024-01-13T05:14:34","date_gmt":"2024-01-13T05:14:34","guid":{"rendered":"https:\/\/tjekvik.com\/blog\/"},"modified":"2025-06-30T10:50:00","modified_gmt":"2025-06-30T10:50:00","slug":"blog","status":"publish","type":"page","link":"https:\/\/tjekvik.com\/de\/blog\/","title":{"rendered":"Blog"},"content":{"rendered":"\t\t<div data-elementor-type=\"wp-page\" data-elementor-id=\"9974\" class=\"elementor elementor-9974 elementor-8443\" data-elementor-post-type=\"page\">\n\t\t\t\t<div class=\"elementor-element elementor-element-ad37ad8 e-flex e-con-boxed e-con e-parent\" data-id=\"ad37ad8\" data-element_type=\"container\" data-e-type=\"container\" data-settings=\"{&quot;background_background&quot;:&quot;classic&quot;}\">\n\t\t\t\t\t<div class=\"e-con-inner\">\n\t\t\t\t<div class=\"elementor-element elementor-element-6922d3a elementor-widget elementor-widget-heading\" data-id=\"6922d3a\" data-element_type=\"widget\" data-e-type=\"widget\" data-widget_type=\"heading.default\">\n\t\t\t\t<div class=\"elementor-widget-container\">\n\t\t\t\t\t<h2 class=\"elementor-heading-title elementor-size-default\">Tjekvik Automobil-Updates<\/h2>\t\t\t\t<\/div>\n\t\t\t\t<\/div>\n\t\t\t\t\t<\/div>\n\t\t\t\t<\/div>\n\t\t<div class=\"elementor-element elementor-element-7853605 e-flex e-con-boxed e-con e-parent\" data-id=\"7853605\" data-element_type=\"container\" data-e-type=\"container\">\n\t\t\t\t\t<div class=\"e-con-inner\">\n\t\t\t\t<div class=\"elementor-element elementor-element-d3204ce elementor-grid-1 elementor-grid-tablet-2 elementor-grid-mobile-1 elementor-posts--thumbnail-top elementor-card-shadow-yes elementor-posts__hover-gradient elementor-widget elementor-widget-posts\" data-id=\"d3204ce\" data-element_type=\"widget\" data-e-type=\"widget\" data-settings=\"{&quot;cards_columns&quot;:&quot;1&quot;,&quot;pagination_type&quot;:&quot;numbers&quot;,&quot;cards_columns_tablet&quot;:&quot;2&quot;,&quot;cards_columns_mobile&quot;:&quot;1&quot;,&quot;cards_row_gap&quot;:{&quot;unit&quot;:&quot;px&quot;,&quot;size&quot;:35,&quot;sizes&quot;:[]},&quot;cards_row_gap_widescreen&quot;:{&quot;unit&quot;:&quot;px&quot;,&quot;size&quot;:&quot;&quot;,&quot;sizes&quot;:[]},&quot;cards_row_gap_laptop&quot;:{&quot;unit&quot;:&quot;px&quot;,&quot;size&quot;:&quot;&quot;,&quot;sizes&quot;:[]},&quot;cards_row_gap_tablet_extra&quot;:{&quot;unit&quot;:&quot;px&quot;,&quot;size&quot;:&quot;&quot;,&quot;sizes&quot;:[]},&quot;cards_row_gap_tablet&quot;:{&quot;unit&quot;:&quot;px&quot;,&quot;size&quot;:&quot;&quot;,&quot;sizes&quot;:[]},&quot;cards_row_gap_mobile_extra&quot;:{&quot;unit&quot;:&quot;px&quot;,&quot;size&quot;:&quot;&quot;,&quot;sizes&quot;:[]},&quot;cards_row_gap_mobile&quot;:{&quot;unit&quot;:&quot;px&quot;,&quot;size&quot;:&quot;&quot;,&quot;sizes&quot;:[]}}\" data-widget_type=\"posts.cards\">\n\t\t\t\t<div class=\"elementor-widget-container\">\n\t\t\t\t\t\t\t<div class=\"elementor-posts-container elementor-posts elementor-posts--skin-cards elementor-grid\" role=\"list\">\n\t\t\t\t<article class=\"elementor-post elementor-grid-item post-25309 post type-post status-publish format-standard has-post-thumbnail hentry category-einblicke category-erfolg-beim-kunden tag-kundenerfolg tag-kundengeschichte tag-selbstbedienung\" role=\"listitem\">\n\t\t\t<div class=\"elementor-post__card\">\n\t\t\t\t<a class=\"elementor-post__thumbnail__link\" href=\"https:\/\/tjekvik.com\/de\/blog\/wie-moderne-haendler-technologie-nutzen-um-mit-weniger-verwaltung-mehr-umsatz-zu-machen\/\" tabindex=\"-1\" target=\"_blank\"><div class=\"elementor-post__thumbnail\"><img fetchpriority=\"high\" decoding=\"async\" width=\"800\" height=\"534\" src=\"https:\/\/tjekvik.com\/wp-content\/uploads\/2026\/03\/Blog-images-3-1024x683.png\" class=\"attachment-large size-large wp-image-25290\" alt=\"\" srcset=\"https:\/\/tjekvik.com\/wp-content\/uploads\/2026\/03\/Blog-images-3-1024x683.png 1024w, https:\/\/tjekvik.com\/wp-content\/uploads\/2026\/03\/Blog-images-3-300x200.png 300w, https:\/\/tjekvik.com\/wp-content\/uploads\/2026\/03\/Blog-images-3-768x513.png 768w, https:\/\/tjekvik.com\/wp-content\/uploads\/2026\/03\/Blog-images-3.png 1500w\" sizes=\"(max-width: 800px) 100vw, 800px\" \/><\/div><\/a>\n\t\t\t\t<div class=\"elementor-post__text\">\n\t\t\t\t<h3 class=\"elementor-post__title\">\n\t\t\t<a href=\"https:\/\/tjekvik.com\/de\/blog\/wie-moderne-haendler-technologie-nutzen-um-mit-weniger-verwaltung-mehr-umsatz-zu-machen\/\" target=&quot;_blank&quot;>\n\t\t\t\tWie moderne H\u00e4ndler Technologie nutzen, um mit weniger Verwaltung mehr Umsatz zu machen\t\t\t<\/a>\n\t\t<\/h3>\n\t\t\t\t<div class=\"elementor-post__excerpt\">\n\t\t\t<p>Elektrifizierung, Fachkr\u00e4ftemangel und Digitalisierung ver\u00e4ndern den Kundendienst rasant &#8211; und f\u00fcr Autoh\u00e4user, die mithalten wollen, ist Technologie nicht l\u00e4nger ein Nice-to-have. Nur so bleiben sie<\/p>\n\t\t<\/div>\n\t\t\t\t\t<div class=\"elementor-post__read-more-wrapper\">\n\t\t\n\t\t<a class=\"elementor-post__read-more\" href=\"https:\/\/tjekvik.com\/de\/blog\/wie-moderne-haendler-technologie-nutzen-um-mit-weniger-verwaltung-mehr-umsatz-zu-machen\/\" aria-label=\"Mehr \u00fcber Wie moderne H\u00e4ndler Technologie nutzen, um mit weniger Verwaltung mehr Umsatz zu machen\" tabindex=\"-1\" target=\"_blank\">\n\t\t\tWeiterlesen\t\t<\/a>\n\n\t\t\t\t\t<\/div>\n\t\t\t\t<\/div>\n\t\t\t\t<div class=\"elementor-post__meta-data\">\n\t\t\t\t\t<span class=\"elementor-post-author\">\n\t\t\tAna Dragnea\t\t<\/span>\n\t\t\t\t<span class=\"elementor-post-date\">\n\t\t\t23. M\u00e4rz 2026\t\t<\/span>\n\t\t\t\t<\/div>\n\t\t\t\t\t<\/div>\n\t\t<\/article>\n\t\t\t\t<article class=\"elementor-post elementor-grid-item post-25227 post type-post status-publish format-standard has-post-thumbnail hentry category-einblicke category-erfolg-beim-kunden tag-kundenerfolg tag-kundengeschichte tag-tjekvik-de\" role=\"listitem\">\n\t\t\t<div class=\"elementor-post__card\">\n\t\t\t\t<a class=\"elementor-post__thumbnail__link\" href=\"https:\/\/tjekvik.com\/de\/blog\/wie-die-chorley-group-ihren-kundendienst-mit-digitalem-self-service-umgestaltet-hat\/\" tabindex=\"-1\" target=\"_blank\"><div class=\"elementor-post__thumbnail\"><img decoding=\"async\" width=\"800\" height=\"534\" src=\"https:\/\/tjekvik.com\/wp-content\/uploads\/2026\/03\/Blog-images-10-1024x683.png\" class=\"attachment-large size-large wp-image-25198\" alt=\"\" srcset=\"https:\/\/tjekvik.com\/wp-content\/uploads\/2026\/03\/Blog-images-10-1024x683.png 1024w, https:\/\/tjekvik.com\/wp-content\/uploads\/2026\/03\/Blog-images-10-300x200.png 300w, https:\/\/tjekvik.com\/wp-content\/uploads\/2026\/03\/Blog-images-10-768x513.png 768w, https:\/\/tjekvik.com\/wp-content\/uploads\/2026\/03\/Blog-images-10.png 1500w\" sizes=\"(max-width: 800px) 100vw, 800px\" \/><\/div><\/a>\n\t\t\t\t<div class=\"elementor-post__text\">\n\t\t\t\t<h3 class=\"elementor-post__title\">\n\t\t\t<a href=\"https:\/\/tjekvik.com\/de\/blog\/wie-die-chorley-group-ihren-kundendienst-mit-digitalem-self-service-umgestaltet-hat\/\" target=&quot;_blank&quot;>\n\t\t\t\tWie die Chorley Group ihren Kundendienst mit digitalem Self-Service umgestaltet hat\t\t\t<\/a>\n\t\t<\/h3>\n\t\t\t\t<div class=\"elementor-post__excerpt\">\n\t\t\t<p>Es ist ein gutes Beispiel daf\u00fcr, was passiert, wenn die richtige Technologie auf die richtige Einstellung trifft. Die Erfahrungen der Chorley Group zeigen, was Tjekvik leisten kann, wenn sich ein Team voll darauf einl\u00e4sst. <\/p>\n\t\t<\/div>\n\t\t\t\t\t<div class=\"elementor-post__read-more-wrapper\">\n\t\t\n\t\t<a class=\"elementor-post__read-more\" href=\"https:\/\/tjekvik.com\/de\/blog\/wie-die-chorley-group-ihren-kundendienst-mit-digitalem-self-service-umgestaltet-hat\/\" aria-label=\"Mehr \u00fcber Wie die Chorley Group ihren Kundendienst mit digitalem Self-Service umgestaltet hat\" tabindex=\"-1\" target=\"_blank\">\n\t\t\tWeiterlesen\t\t<\/a>\n\n\t\t\t\t\t<\/div>\n\t\t\t\t<\/div>\n\t\t\t\t<div class=\"elementor-post__meta-data\">\n\t\t\t\t\t<span class=\"elementor-post-author\">\n\t\t\tJan Borysiak\t\t<\/span>\n\t\t\t\t<span class=\"elementor-post-date\">\n\t\t\t19. M\u00e4rz 2026\t\t<\/span>\n\t\t\t\t<\/div>\n\t\t\t\t\t<\/div>\n\t\t<\/article>\n\t\t\t\t<article class=\"elementor-post elementor-grid-item post-24860 post type-post status-publish format-standard has-post-thumbnail hentry category-einblicke category-nachrichten category-pressemitteilung category-produkt tag-mobility tag-nachrichten tag-tjekvik-de\" role=\"listitem\">\n\t\t\t<div class=\"elementor-post__card\">\n\t\t\t\t<a class=\"elementor-post__thumbnail__link\" href=\"https:\/\/tjekvik.com\/de\/blog\/neue-software-von-tjekvik-rationalisiert-die-verwaltung-von-leihwagen\/\" tabindex=\"-1\" target=\"_blank\"><div class=\"elementor-post__thumbnail\"><img decoding=\"async\" width=\"800\" height=\"534\" src=\"https:\/\/tjekvik.com\/wp-content\/uploads\/2026\/03\/Tjekvik-mobility-blog-1-1024x683.png\" class=\"attachment-large size-large wp-image-24783\" alt=\"\" srcset=\"https:\/\/tjekvik.com\/wp-content\/uploads\/2026\/03\/Tjekvik-mobility-blog-1-1024x683.png 1024w, https:\/\/tjekvik.com\/wp-content\/uploads\/2026\/03\/Tjekvik-mobility-blog-1-300x200.png 300w, https:\/\/tjekvik.com\/wp-content\/uploads\/2026\/03\/Tjekvik-mobility-blog-1-768x513.png 768w, https:\/\/tjekvik.com\/wp-content\/uploads\/2026\/03\/Tjekvik-mobility-blog-1.png 1500w\" sizes=\"(max-width: 800px) 100vw, 800px\" \/><\/div><\/a>\n\t\t\t\t<div class=\"elementor-post__text\">\n\t\t\t\t<h3 class=\"elementor-post__title\">\n\t\t\t<a href=\"https:\/\/tjekvik.com\/de\/blog\/neue-software-von-tjekvik-rationalisiert-die-verwaltung-von-leihwagen\/\" target=&quot;_blank&quot;>\n\t\t\t\tNeue Software von Tjekvik rationalisiert die Verwaltung von Leihwagen\t\t\t<\/a>\n\t\t<\/h3>\n\t\t\t\t<div class=\"elementor-post__excerpt\">\n\t\t\t<p>Tjekvik hat ein neues System auf den Markt gebracht, das den H\u00e4ndlern die Zuteilung von Leihwagen erheblich erleichtert&#8230;<\/p>\n\t\t<\/div>\n\t\t\t\t\t<div class=\"elementor-post__read-more-wrapper\">\n\t\t\n\t\t<a class=\"elementor-post__read-more\" href=\"https:\/\/tjekvik.com\/de\/blog\/neue-software-von-tjekvik-rationalisiert-die-verwaltung-von-leihwagen\/\" aria-label=\"Mehr \u00fcber Neue Software von Tjekvik rationalisiert die Verwaltung von Leihwagen\" tabindex=\"-1\" target=\"_blank\">\n\t\t\tWeiterlesen\t\t<\/a>\n\n\t\t\t\t\t<\/div>\n\t\t\t\t<\/div>\n\t\t\t\t<div class=\"elementor-post__meta-data\">\n\t\t\t\t\t<span class=\"elementor-post-author\">\n\t\t\tJan Borysiak\t\t<\/span>\n\t\t\t\t<span class=\"elementor-post-date\">\n\t\t\t6. M\u00e4rz 2026\t\t<\/span>\n\t\t\t\t<\/div>\n\t\t\t\t\t<\/div>\n\t\t<\/article>\n\t\t\t\t<article class=\"elementor-post elementor-grid-item post-24684 post type-post status-publish format-standard has-post-thumbnail hentry category-einblicke tag-bericht tag-frankreich tag-tjekvik-de tag-umfrage\" role=\"listitem\">\n\t\t\t<div class=\"elementor-post__card\">\n\t\t\t\t<a class=\"elementor-post__thumbnail__link\" href=\"https:\/\/tjekvik.com\/de\/blog\/einer-von-drei-franzoesischen-autofahrern-wuenscht-sich-serviceleistungen-ausserhalb-der-geschaeftszeiten\/\" tabindex=\"-1\" target=\"_blank\"><div class=\"elementor-post__thumbnail\"><img loading=\"lazy\" decoding=\"async\" width=\"800\" height=\"534\" src=\"https:\/\/tjekvik.com\/wp-content\/uploads\/2026\/02\/french-drivers-blog-1-1024x683.png\" class=\"attachment-large size-large wp-image-24664\" alt=\"\" srcset=\"https:\/\/tjekvik.com\/wp-content\/uploads\/2026\/02\/french-drivers-blog-1-1024x683.png 1024w, https:\/\/tjekvik.com\/wp-content\/uploads\/2026\/02\/french-drivers-blog-1-300x200.png 300w, https:\/\/tjekvik.com\/wp-content\/uploads\/2026\/02\/french-drivers-blog-1-768x513.png 768w, https:\/\/tjekvik.com\/wp-content\/uploads\/2026\/02\/french-drivers-blog-1.png 1500w\" sizes=\"(max-width: 800px) 100vw, 800px\" \/><\/div><\/a>\n\t\t\t\t<div class=\"elementor-post__text\">\n\t\t\t\t<h3 class=\"elementor-post__title\">\n\t\t\t<a href=\"https:\/\/tjekvik.com\/de\/blog\/einer-von-drei-franzoesischen-autofahrern-wuenscht-sich-serviceleistungen-ausserhalb-der-geschaeftszeiten\/\" target=&quot;_blank&quot;>\n\t\t\t\tEiner von drei franz\u00f6sischen Autofahrern w\u00fcnscht sich Serviceleistungen au\u00dferhalb der Gesch\u00e4ftszeiten\t\t\t<\/a>\n\t\t<\/h3>\n\t\t\t\t<div class=\"elementor-post__excerpt\">\n\t\t\t<p>Einer von drei franz\u00f6sischen Autofahrern w\u00fcnscht sich Serviceleistungen au\u00dferhalb der \u00d6ffnungszeiten, w\u00e4hrend 26% lieber online und im Voraus einchecken w\u00fcrden.<\/p>\n\t\t<\/div>\n\t\t\t\t\t<div class=\"elementor-post__read-more-wrapper\">\n\t\t\n\t\t<a class=\"elementor-post__read-more\" href=\"https:\/\/tjekvik.com\/de\/blog\/einer-von-drei-franzoesischen-autofahrern-wuenscht-sich-serviceleistungen-ausserhalb-der-geschaeftszeiten\/\" aria-label=\"Mehr \u00fcber Einer von drei franz\u00f6sischen Autofahrern w\u00fcnscht sich Serviceleistungen au\u00dferhalb der Gesch\u00e4ftszeiten\" tabindex=\"-1\" target=\"_blank\">\n\t\t\tWeiterlesen\t\t<\/a>\n\n\t\t\t\t\t<\/div>\n\t\t\t\t<\/div>\n\t\t\t\t<div class=\"elementor-post__meta-data\">\n\t\t\t\t\t<span class=\"elementor-post-author\">\n\t\t\tJan Borysiak\t\t<\/span>\n\t\t\t\t<span class=\"elementor-post-date\">\n\t\t\t20. Februar 2026\t\t<\/span>\n\t\t\t\t<\/div>\n\t\t\t\t\t<\/div>\n\t\t<\/article>\n\t\t\t\t<article class=\"elementor-post elementor-grid-item post-24563 post type-post status-publish format-standard has-post-thumbnail hentry category-nachrichten category-pressemitteilung category-produkt tag-leihwagen tag-mobility tag-produkteinfuhrung tag-selbstbedienung tag-vermietung\" role=\"listitem\">\n\t\t\t<div class=\"elementor-post__card\">\n\t\t\t\t<a class=\"elementor-post__thumbnail__link\" href=\"https:\/\/tjekvik.com\/de\/blog\/warum-es-nicht-mehr-ausreicht-den-schluessel-auf-den-reifen-zu-legen-hoefliche-autouebergabe-im-digitalen-zeitalter\/\" tabindex=\"-1\" target=\"_blank\"><div class=\"elementor-post__thumbnail\"><img loading=\"lazy\" decoding=\"async\" width=\"800\" height=\"534\" src=\"https:\/\/tjekvik.com\/wp-content\/uploads\/2026\/02\/Tjekvik-Mobility-1-1024x683.png\" class=\"attachment-large size-large wp-image-24330\" alt=\"Tjekvik Mobility Blog\" srcset=\"https:\/\/tjekvik.com\/wp-content\/uploads\/2026\/02\/Tjekvik-Mobility-1-1024x683.png 1024w, https:\/\/tjekvik.com\/wp-content\/uploads\/2026\/02\/Tjekvik-Mobility-1-300x200.png 300w, https:\/\/tjekvik.com\/wp-content\/uploads\/2026\/02\/Tjekvik-Mobility-1-768x513.png 768w, https:\/\/tjekvik.com\/wp-content\/uploads\/2026\/02\/Tjekvik-Mobility-1.png 1500w\" sizes=\"(max-width: 800px) 100vw, 800px\" \/><\/div><\/a>\n\t\t\t\t<div class=\"elementor-post__text\">\n\t\t\t\t<h3 class=\"elementor-post__title\">\n\t\t\t<a href=\"https:\/\/tjekvik.com\/de\/blog\/warum-es-nicht-mehr-ausreicht-den-schluessel-auf-den-reifen-zu-legen-hoefliche-autouebergabe-im-digitalen-zeitalter\/\" target=&quot;_blank&quot;>\n\t\t\t\tWarum es nicht mehr ausreicht, den Schl\u00fcssel auf den Reifen zu legen: H\u00f6fliche Auto\u00fcbergabe im digitalen Zeitalter\t\t\t<\/a>\n\t\t<\/h3>\n\t\t\t\t<div class=\"elementor-post__excerpt\">\n\t\t\t<p>Wahrscheinlich haben Sie es schon einmal geh\u00f6rt &#8211; oder sogar selbst getan: &#8218;Die Schl\u00fcssel liegen auf dem Reifen, der Vertrag ist im Handschuhfach&#8218;. Es ist<\/p>\n\t\t<\/div>\n\t\t\t\t\t<div class=\"elementor-post__read-more-wrapper\">\n\t\t\n\t\t<a class=\"elementor-post__read-more\" href=\"https:\/\/tjekvik.com\/de\/blog\/warum-es-nicht-mehr-ausreicht-den-schluessel-auf-den-reifen-zu-legen-hoefliche-autouebergabe-im-digitalen-zeitalter\/\" aria-label=\"Mehr \u00fcber Warum es nicht mehr ausreicht, den Schl\u00fcssel auf den Reifen zu legen: H\u00f6fliche Auto\u00fcbergabe im digitalen Zeitalter\" tabindex=\"-1\" target=\"_blank\">\n\t\t\tWeiterlesen\t\t<\/a>\n\n\t\t\t\t\t<\/div>\n\t\t\t\t<\/div>\n\t\t\t\t<div class=\"elementor-post__meta-data\">\n\t\t\t\t\t<span class=\"elementor-post-author\">\n\t\t\tVeronika Kinstova\t\t<\/span>\n\t\t\t\t<span class=\"elementor-post-date\">\n\t\t\t9. Februar 2026\t\t<\/span>\n\t\t\t\t<\/div>\n\t\t\t\t\t<\/div>\n\t\t<\/article>\n\t\t\t\t<article class=\"elementor-post elementor-grid-item post-24242 post type-post status-publish format-standard has-post-thumbnail hentry category-nachrichten tag-bericht tag-nachrichten tag-tjekvik-de\" role=\"listitem\">\n\t\t\t<div class=\"elementor-post__card\">\n\t\t\t\t<a class=\"elementor-post__thumbnail__link\" href=\"https:\/\/tjekvik.com\/de\/blog\/globale-nutzung-digitaler-selbstbedienung-im-kundendienst-steigt-bis-2025-um-21\/\" tabindex=\"-1\" target=\"_blank\"><div class=\"elementor-post__thumbnail\"><img loading=\"lazy\" decoding=\"async\" width=\"800\" height=\"534\" src=\"https:\/\/tjekvik.com\/wp-content\/uploads\/2026\/01\/2025-global-results-blog-1024x683.png\" class=\"attachment-large size-large wp-image-24224\" alt=\"2025 global results blog\" srcset=\"https:\/\/tjekvik.com\/wp-content\/uploads\/2026\/01\/2025-global-results-blog-1024x683.png 1024w, https:\/\/tjekvik.com\/wp-content\/uploads\/2026\/01\/2025-global-results-blog-300x200.png 300w, https:\/\/tjekvik.com\/wp-content\/uploads\/2026\/01\/2025-global-results-blog-768x513.png 768w, https:\/\/tjekvik.com\/wp-content\/uploads\/2026\/01\/2025-global-results-blog.png 1500w\" sizes=\"(max-width: 800px) 100vw, 800px\" \/><\/div><\/a>\n\t\t\t\t<div class=\"elementor-post__text\">\n\t\t\t\t<h3 class=\"elementor-post__title\">\n\t\t\t<a href=\"https:\/\/tjekvik.com\/de\/blog\/globale-nutzung-digitaler-selbstbedienung-im-kundendienst-steigt-bis-2025-um-21\/\" target=&quot;_blank&quot;>\n\t\t\t\tGlobale Nutzung digitaler Selbstbedienung im Kundendienst steigt bis 2025 um 21%\t\t\t<\/a>\n\t\t<\/h3>\n\t\t\t\t<div class=\"elementor-post__excerpt\">\n\t\t\t<p>Die Nutzung digitaler Selbstbedienungssysteme im Kundendienst ist 2025 stark angestiegen. Mehr als f\u00fcnf Millionen Kunden nutzen digitale Check-in- und Check-out-L\u00f6sungen, um ihr Fahrzeug nach einer<\/p>\n\t\t<\/div>\n\t\t\t\t\t<div class=\"elementor-post__read-more-wrapper\">\n\t\t\n\t\t<a class=\"elementor-post__read-more\" href=\"https:\/\/tjekvik.com\/de\/blog\/globale-nutzung-digitaler-selbstbedienung-im-kundendienst-steigt-bis-2025-um-21\/\" aria-label=\"Mehr \u00fcber Globale Nutzung digitaler Selbstbedienung im Kundendienst steigt bis 2025 um 21%\" tabindex=\"-1\" target=\"_blank\">\n\t\t\tWeiterlesen\t\t<\/a>\n\n\t\t\t\t\t<\/div>\n\t\t\t\t<\/div>\n\t\t\t\t<div class=\"elementor-post__meta-data\">\n\t\t\t\t\t<span class=\"elementor-post-author\">\n\t\t\tAna Dragnea\t\t<\/span>\n\t\t\t\t<span class=\"elementor-post-date\">\n\t\t\t27. Januar 2026\t\t<\/span>\n\t\t\t\t<\/div>\n\t\t\t\t\t<\/div>\n\t\t<\/article>\n\t\t\t\t<\/div>\n\t\t\n\t\t\t\t<div class=\"e-load-more-anchor\" data-page=\"1\" data-max-page=\"14\" data-next-page=\"https:\/\/tjekvik.com\/de\/wp-json\/wp\/v2\/pages\/9974\/page\/2\/\"><\/div>\n\t\t\t\t<nav class=\"elementor-pagination\" aria-label=\"Seitennummerierung\">\n\t\t\t<span aria-current=\"page\" class=\"page-numbers current\"><span class=\"elementor-screen-only\">Seite<\/span>1<\/span>\n<a class=\"page-numbers\" href=\"https:\/\/tjekvik.com\/de\/wp-json\/wp\/v2\/pages\/9974\/page\/2\/\"><span class=\"elementor-screen-only\">Seite<\/span>2<\/a>\n<a class=\"page-numbers\" href=\"https:\/\/tjekvik.com\/de\/wp-json\/wp\/v2\/pages\/9974\/page\/3\/\"><span class=\"elementor-screen-only\">Seite<\/span>3<\/a>\n<a class=\"page-numbers\" href=\"https:\/\/tjekvik.com\/de\/wp-json\/wp\/v2\/pages\/9974\/page\/4\/\"><span class=\"elementor-screen-only\">Seite<\/span>4<\/a>\n<a class=\"page-numbers\" href=\"https:\/\/tjekvik.com\/de\/wp-json\/wp\/v2\/pages\/9974\/page\/5\/\"><span class=\"elementor-screen-only\">Seite<\/span>5<\/a>\t\t<\/nav>\n\t\t\t\t\t\t<\/div>\n\t\t\t\t<\/div>\n\t\t\t\t\t<\/div>\n\t\t\t\t<\/div>\n\t\t<div class=\"elementor-element elementor-element-adde683 e-flex e-con-boxed e-con e-parent\" data-id=\"adde683\" data-element_type=\"container\" data-e-type=\"container\">\n\t\t\t\t\t<div class=\"e-con-inner\">\n\t\t\t\t<div class=\"elementor-element elementor-element-448de9b elementor-widget elementor-widget-heading\" data-id=\"448de9b\" data-element_type=\"widget\" data-e-type=\"widget\" data-widget_type=\"heading.default\">\n\t\t\t\t<div class=\"elementor-widget-container\">\n\t\t\t\t\t<h2 class=\"elementor-heading-title elementor-size-default\">Abonnieren Sie unseren Newsletter<\/h2>\t\t\t\t<\/div>\n\t\t\t\t<\/div>\n\t\t\t\t<div class=\"elementor-element elementor-element-47c6d49 elementor-widget elementor-widget-html\" data-id=\"47c6d49\" data-element_type=\"widget\" data-e-type=\"widget\" data-widget_type=\"html.default\">\n\t\t\t\t<div class=\"elementor-widget-container\">\n\t\t\t\t\t<script charset=\"utf-8\" type=\"text\/javascript\" src=\"\/\/js-eu1.hsforms.net\/forms\/embed\/v2.js\"><\/script><script>hbspt.forms.create({\n    portalId: \"26682254\",\n    formId: \"b8bd2a68-f33b-4756-a2d2-d3186c65962c\",\n    region: \"eu1\"\n  });\n<\/script>\t\t\t\t<\/div>\n\t\t\t\t<\/div>\n\t\t\t\t\t<\/div>\n\t\t\t\t<\/div>\n\t\t\t\t<\/div>\n\t\t","protected":false},"excerpt":{"rendered":"<p>Tjekvik Automobil-Updates Abonnieren Sie unseren Newsletter<\/p>\n","protected":false},"author":20,"featured_media":0,"parent":0,"menu_order":0,"comment_status":"closed","ping_status":"closed","template":"","meta":{"_acf_changed":false,"footnotes":""},"class_list":["post-9974","page","type-page","status-publish","hentry"],"acf":[],"aioseo_notices":[],"_links":{"self":[{"href":"https:\/\/tjekvik.com\/de\/wp-json\/wp\/v2\/pages\/9974","targetHints":{"allow":["GET"]}}],"collection":[{"href":"https:\/\/tjekvik.com\/de\/wp-json\/wp\/v2\/pages"}],"about":[{"href":"https:\/\/tjekvik.com\/de\/wp-json\/wp\/v2\/types\/page"}],"author":[{"embeddable":true,"href":"https:\/\/tjekvik.com\/de\/wp-json\/wp\/v2\/users\/20"}],"replies":[{"embeddable":true,"href":"https:\/\/tjekvik.com\/de\/wp-json\/wp\/v2\/comments?post=9974"}],"version-history":[{"count":5,"href":"https:\/\/tjekvik.com\/de\/wp-json\/wp\/v2\/pages\/9974\/revisions"}],"predecessor-version":[{"id":19046,"href":"https:\/\/tjekvik.com\/de\/wp-json\/wp\/v2\/pages\/9974\/revisions\/19046"}],"wp:attachment":[{"href":"https:\/\/tjekvik.com\/de\/wp-json\/wp\/v2\/media?parent=9974"}],"curies":[{"name":"wp","href":"https:\/\/api.w.org\/{rel}","templated":true}]}}