{"id":15224,"date":"2025-03-07T14:55:50","date_gmt":"2025-03-07T14:55:50","guid":{"rendered":"https:\/\/tjekvik.com\/testimonios-de-clientes\/estudio-de-caso-sobre-motores-dinamicos\/"},"modified":"2025-03-17T15:51:06","modified_gmt":"2025-03-17T15:51:06","slug":"estudio-de-caso-sobre-motores-dinamicos","status":"publish","type":"page","link":"https:\/\/tjekvik.com\/es\/testimonios-de-clientes\/estudio-de-caso-sobre-motores-dinamicos\/","title":{"rendered":"Estudio de caso sobre motores din\u00e1micos"},"content":{"rendered":"\t\t<div data-elementor-type=\"wp-page\" data-elementor-id=\"15224\" class=\"elementor elementor-15224 elementor-14516\" data-elementor-post-type=\"page\">\n\t\t\t\t<div class=\"elementor-element elementor-element-62901e37 e-flex e-con-boxed e-con e-parent\" data-id=\"62901e37\" data-element_type=\"container\" data-e-type=\"container\" data-settings=\"{&quot;background_background&quot;:&quot;classic&quot;}\">\n\t\t\t\t\t<div class=\"e-con-inner\">\n\t\t<div class=\"elementor-element elementor-element-7feee963 e-con-full e-flex e-con e-child\" data-id=\"7feee963\" data-element_type=\"container\" data-e-type=\"container\">\n\t\t\t\t<div class=\"elementor-element elementor-element-b5b0997 elementor-widget elementor-widget-heading\" data-id=\"b5b0997\" data-element_type=\"widget\" data-e-type=\"widget\" data-widget_type=\"heading.default\">\n\t\t\t\t<div class=\"elementor-widget-container\">\n\t\t\t\t\t<h2 class=\"elementor-heading-title elementor-size-default\"><a href=\"https:\/\/www.bmw-dynamicmotors.pl\/\" target=\"_blank\">MOTORES DIN\u00c1MICOS BMW<\/a><\/h2>\t\t\t\t<\/div>\n\t\t\t\t<\/div>\n\t\t<div class=\"elementor-element elementor-element-6c878ffd e-con-full elementor-hidden-widescreen elementor-hidden-desktop elementor-hidden-laptop elementor-hidden-tablet_extra elementor-hidden-mobile_extra e-flex e-con e-child\" data-id=\"6c878ffd\" data-element_type=\"container\" data-e-type=\"container\">\n\t\t\t\t<div class=\"elementor-element elementor-element-27dd93c6 elementor-widget elementor-widget-image\" data-id=\"27dd93c6\" data-element_type=\"widget\" data-e-type=\"widget\" data-widget_type=\"image.default\">\n\t\t\t\t<div class=\"elementor-widget-container\">\n\t\t\t\t\t\t\t\t\t\t\t\t\t\t\t<img fetchpriority=\"high\" decoding=\"async\" width=\"587\" height=\"648\" src=\"https:\/\/tjekvik.com\/wp-content\/uploads\/2025\/03\/Dynamic-Motors-showroom.webp\" class=\"attachment-medium_large size-medium_large wp-image-14523\" alt=\"Dynamic Motors showroom\" srcset=\"https:\/\/tjekvik.com\/wp-content\/uploads\/2025\/03\/Dynamic-Motors-showroom.webp 587w, https:\/\/tjekvik.com\/wp-content\/uploads\/2025\/03\/Dynamic-Motors-showroom-272x300.webp 272w\" sizes=\"(max-width: 587px) 100vw, 587px\" title=\"Dynamic Motors showroom | Tjekvik\" \/>\t\t\t\t\t\t\t\t\t\t\t\t\t\t\t<\/div>\n\t\t\t\t<\/div>\n\t\t\t\t<\/div>\n\t\t\t\t<div class=\"elementor-element elementor-element-77b30190 elementor-widget elementor-widget-heading\" data-id=\"77b30190\" data-element_type=\"widget\" data-e-type=\"widget\" data-widget_type=\"heading.default\">\n\t\t\t\t<div class=\"elementor-widget-container\">\n\t\t\t\t\t<h1 class=\"elementor-heading-title elementor-size-default\">Dynamic Motors implanta quioscos digitales de autoservicio para clientes de BMW y Mini<\/h1>\t\t\t\t<\/div>\n\t\t\t\t<\/div>\n\t\t<div class=\"elementor-element elementor-element-4f4f81ed e-con-full e-flex e-con e-child\" data-id=\"4f4f81ed\" data-element_type=\"container\" data-e-type=\"container\">\n\t\t\t\t<div class=\"elementor-element elementor-element-efc306 elementor-widget elementor-widget-text-editor\" data-id=\"efc306\" data-element_type=\"widget\" data-e-type=\"widget\" data-widget_type=\"text-editor.default\">\n\t\t\t\t<div class=\"elementor-widget-container\">\n\t\t\t\t\t\t\t\t\t<p>31 de mayo de 2024<\/p>\n\t\t\t\t\t\t\t\t<\/div>\n\t\t\t\t<\/div>\n\t\t\t\t<\/div>\n\t\t\t\t<div class=\"elementor-element elementor-element-79494e92 elementor-widget elementor-widget-text-editor\" data-id=\"79494e92\" data-element_type=\"widget\" data-e-type=\"widget\" data-widget_type=\"text-editor.default\">\n\t\t\t\t<div class=\"elementor-widget-container\">\n\t\t\t\t\t\t\t\t\t<div class=\"row-fluid-wrapper row-depth-1 row-number-1 dnd_area-row-0-max-width-section-centering dnd_area-row-0-vertical-alignment dnd_area-row-0-background-layers dnd-section dnd_area-row-0-padding dnd_area-row-0-background-image\">\n<div class=\"row-fluid \">\n<div class=\"span12 widget-span widget-type-cell dnd-column dnd_area-column-1-vertical-alignment\" data-widget-type=\"cell\" data-x=\"0\" data-w=\"12\">\n<div class=\"row-fluid-wrapper row-depth-1 row-number-3 dnd_area-column-1-row-1-vertical-alignment dnd-row\">\n<div class=\"row-fluid \">\n<div class=\"span6 widget-span widget-type-cell dnd_area-column-4-vertical-alignment dnd-column\" data-widget-type=\"cell\" data-x=\"6\" data-w=\"6\">\n<div class=\"row-fluid-wrapper row-depth-1 row-number-4 dnd_area-column-4-row-0-padding dnd-row\">\n<div class=\"row-fluid \">\n<div class=\"span12 widget-span widget-type-custom_widget dnd-module\" data-widget-type=\"custom_widget\" data-x=\"0\" data-w=\"12\">\n<div id=\"hs_cos_wrapper_dnd_area-module-5\" class=\"hs_cos_wrapper hs_cos_wrapper_widget hs_cos_wrapper_type_module widget-type-rich_text widget-type-rich_text\" data-hs-cos-general-type=\"widget\" data-hs-cos-type=\"module\">\n<p>Dynamic Motors, proveedor l\u00edder de servicios de automoci\u00f3n para BMW y Mini en Polonia, ha integrado con \u00e9xito los quioscos digitales de autoservicio de Tjekvik para mejorar la experiencia del cliente, aumentar la eficacia operativa e impulsar fuentes de ingresos adicionales.<\/p>\n<\/div>\n<\/div>\n<\/div>\n<\/div>\n<\/div>\n<\/div>\n<\/div>\n<\/div>\n<\/div>\n<\/div>\n\t\t\t\t\t\t\t\t<\/div>\n\t\t\t\t<\/div>\n\t\t\t\t<\/div>\n\t\t<div class=\"elementor-element elementor-element-718b21c1 e-con-full elementor-hidden-tablet elementor-hidden-mobile e-flex e-con e-child\" data-id=\"718b21c1\" data-element_type=\"container\" data-e-type=\"container\">\n\t\t\t\t<div class=\"elementor-element elementor-element-65bf918b elementor-widget elementor-widget-image\" data-id=\"65bf918b\" data-element_type=\"widget\" data-e-type=\"widget\" data-widget_type=\"image.default\">\n\t\t\t\t<div class=\"elementor-widget-container\">\n\t\t\t\t\t\t\t\t\t\t\t\t\t\t\t<img fetchpriority=\"high\" decoding=\"async\" width=\"587\" height=\"648\" src=\"https:\/\/tjekvik.com\/wp-content\/uploads\/2025\/03\/Dynamic-Motors-showroom.webp\" class=\"attachment-medium_large size-medium_large wp-image-14523\" alt=\"Dynamic Motors showroom\" srcset=\"https:\/\/tjekvik.com\/wp-content\/uploads\/2025\/03\/Dynamic-Motors-showroom.webp 587w, https:\/\/tjekvik.com\/wp-content\/uploads\/2025\/03\/Dynamic-Motors-showroom-272x300.webp 272w\" sizes=\"(max-width: 587px) 100vw, 587px\" title=\"Dynamic Motors showroom | Tjekvik\" \/>\t\t\t\t\t\t\t\t\t\t\t\t\t\t\t<\/div>\n\t\t\t\t<\/div>\n\t\t\t\t<\/div>\n\t\t\t\t\t<\/div>\n\t\t\t\t<\/div>\n\t\t<div class=\"elementor-element elementor-element-4d08c63c e-flex e-con-boxed e-con e-parent\" data-id=\"4d08c63c\" data-element_type=\"container\" data-e-type=\"container\">\n\t\t\t\t\t<div class=\"e-con-inner\">\n\t\t<div class=\"elementor-element elementor-element-7de7949f e-con-full e-flex e-con e-child\" data-id=\"7de7949f\" data-element_type=\"container\" data-e-type=\"container\">\n\t\t\t\t<div class=\"elementor-element elementor-element-33f697b3 elementor-widget elementor-widget-image\" data-id=\"33f697b3\" data-element_type=\"widget\" data-e-type=\"widget\" data-widget_type=\"image.default\">\n\t\t\t\t<div class=\"elementor-widget-container\">\n\t\t\t\t\t\t\t\t\t\t\t\t\t\t\t<img decoding=\"async\" width=\"292\" height=\"360\" src=\"https:\/\/tjekvik.com\/wp-content\/uploads\/2025\/03\/Dynamic-Motors-Tjekvik-kiosk.webp\" class=\"attachment-medium_large size-medium_large wp-image-14529\" alt=\"Dynamic Motors Tjekvik kiosk\" srcset=\"https:\/\/tjekvik.com\/wp-content\/uploads\/2025\/03\/Dynamic-Motors-Tjekvik-kiosk.webp 292w, https:\/\/tjekvik.com\/wp-content\/uploads\/2025\/03\/Dynamic-Motors-Tjekvik-kiosk-243x300.webp 243w\" sizes=\"(max-width: 292px) 100vw, 292px\" title=\"Dynamic Motors Tjekvik kiosk | Tjekvik\" \/>\t\t\t\t\t\t\t\t\t\t\t\t\t\t\t<\/div>\n\t\t\t\t<\/div>\n\t\t\t\t<\/div>\n\t\t<div class=\"elementor-element elementor-element-121507fc e-con-full e-flex e-con e-child\" data-id=\"121507fc\" data-element_type=\"container\" data-e-type=\"container\">\n\t\t\t\t<div class=\"elementor-element elementor-element-d26e29b elementor-widget elementor-widget-heading\" data-id=\"d26e29b\" data-element_type=\"widget\" data-e-type=\"widget\" data-widget_type=\"heading.default\">\n\t\t\t\t<div class=\"elementor-widget-container\">\n\t\t\t\t\t<h2 class=\"elementor-heading-title elementor-size-default\">El Desaf\u00edo: Adaptarse a la creciente digitalizaci\u00f3n y a las presiones pand\u00e9micas<\/h2>\t\t\t\t<\/div>\n\t\t\t\t<\/div>\n\t\t\t\t<div class=\"elementor-element elementor-element-403204ff elementor-widget elementor-widget-text-editor\" data-id=\"403204ff\" data-element_type=\"widget\" data-e-type=\"widget\" data-widget_type=\"text-editor.default\">\n\t\t\t\t<div class=\"elementor-widget-container\">\n\t\t\t\t\t\t\t\t\t<div class=\"span6 widget-span widget-type-custom_widget dnd_area-module-8-vertical-alignment dnd-module\" data-widget-type=\"custom_widget\" data-x=\"0\" data-w=\"6\">\n<div id=\"hs_cos_wrapper_dnd_area-module-8\" class=\"hs_cos_wrapper hs_cos_wrapper_widget hs_cos_wrapper_type_module widget-type-rich_text widget-type-rich_text\" data-hs-cos-general-type=\"widget\" data-hs-cos-type=\"module\">\n<p>Con el inicio de la pandemia, Dynamic Motors se enfrent\u00f3 al reto de mantener un servicio de alta calidad minimizando las interacciones cara a cara. La empresa reconoci\u00f3 la necesidad de acelerar su transformaci\u00f3n digital para satisfacer estas demandas y alinearse con su pol\u00edtica de Atenci\u00f3n Proactiva. Esta pol\u00edtica hace hincapi\u00e9 en los servicios digitales, como la programaci\u00f3n de citas online, la entrega de veh\u00edculos sin contacto, las aplicaciones MyBMW y MyMINI para la comunicaci\u00f3n, las actualizaciones de v\u00eddeo CitNOW sobre el estado del veh\u00edculo y los pagos online.  <\/p>\n<\/div>\n<\/div>\n\t\t\t\t\t\t\t\t<\/div>\n\t\t\t\t<\/div>\n\t\t\t\t<\/div>\n\t\t\t\t\t<\/div>\n\t\t\t\t<\/div>\n\t\t<div class=\"elementor-element elementor-element-6efa09e5 e-flex e-con-boxed e-con e-parent\" data-id=\"6efa09e5\" data-element_type=\"container\" data-e-type=\"container\" data-settings=\"{&quot;background_background&quot;:&quot;classic&quot;}\">\n\t\t\t\t\t<div class=\"e-con-inner\">\n\t\t<div class=\"elementor-element elementor-element-5e1810d2 e-con-full e-flex e-con e-child\" data-id=\"5e1810d2\" data-element_type=\"container\" data-e-type=\"container\">\n\t\t\t\t<div class=\"elementor-element elementor-element-ca81f01 elementor-hidden-widescreen elementor-hidden-desktop elementor-hidden-laptop elementor-hidden-tablet_extra elementor-hidden-mobile_extra elementor-widget elementor-widget-image\" data-id=\"ca81f01\" data-element_type=\"widget\" data-e-type=\"widget\" data-widget_type=\"image.default\">\n\t\t\t\t<div class=\"elementor-widget-container\">\n\t\t\t\t\t\t\t\t\t\t\t\t\t\t\t<img decoding=\"async\" width=\"800\" height=\"343\" src=\"https:\/\/tjekvik.com\/wp-content\/uploads\/2025\/03\/Dynamic-Motors-showroom-2.webp\" class=\"attachment-large size-large wp-image-14535\" alt=\"Dynamic Motors showroom 2\" srcset=\"https:\/\/tjekvik.com\/wp-content\/uploads\/2025\/03\/Dynamic-Motors-showroom-2.webp 967w, https:\/\/tjekvik.com\/wp-content\/uploads\/2025\/03\/Dynamic-Motors-showroom-2-300x129.webp 300w, https:\/\/tjekvik.com\/wp-content\/uploads\/2025\/03\/Dynamic-Motors-showroom-2-768x330.webp 768w\" sizes=\"(max-width: 800px) 100vw, 800px\" title=\"Dynamic Motors showroom 2 | Tjekvik\" \/>\t\t\t\t\t\t\t\t\t\t\t\t\t\t\t<\/div>\n\t\t\t\t<\/div>\n\t\t\t\t<div class=\"elementor-element elementor-element-7f4a7fdb elementor-widget elementor-widget-heading\" data-id=\"7f4a7fdb\" data-element_type=\"widget\" data-e-type=\"widget\" data-widget_type=\"heading.default\">\n\t\t\t\t<div class=\"elementor-widget-container\">\n\t\t\t\t\t<h2 class=\"elementor-heading-title elementor-size-default\">La Soluci\u00f3n: Despliegue de los quioscos de autoservicio de Tjekvik<\/h2>\t\t\t\t<\/div>\n\t\t\t\t<\/div>\n\t\t\t\t<div class=\"elementor-element elementor-element-22602e38 elementor-widget elementor-widget-text-editor\" data-id=\"22602e38\" data-element_type=\"widget\" data-e-type=\"widget\" data-widget_type=\"text-editor.default\">\n\t\t\t\t<div class=\"elementor-widget-container\">\n\t\t\t\t\t\t\t\t\t<div class=\"row-fluid-wrapper row-depth-1 row-number-7 dnd_area-row-2-background-layers dnd_area-row-2-padding dnd_area-row-2-background-color dnd_area-row-2-max-width-section-centering dnd-section dnd_area-row-2-vertical-alignment\">\n<div class=\"row-fluid \">\n<div class=\"span12 widget-span widget-type-cell dnd_area-column-10-vertical-alignment dnd-column\" data-widget-type=\"cell\" data-x=\"0\" data-w=\"12\">\n<div class=\"row-fluid-wrapper row-depth-1 row-number-8 dnd_area-column-10-row-0-vertical-alignment dnd-row\">\n<div class=\"row-fluid \">\n<div class=\"span12 widget-span widget-type-custom_widget dnd_area-module-12-vertical-alignment dnd-module\" data-widget-type=\"custom_widget\" data-x=\"0\" data-w=\"12\">\n<div id=\"hs_cos_wrapper_dnd_area-module-12\" class=\"hs_cos_wrapper hs_cos_wrapper_widget hs_cos_wrapper_type_module widget-type-rich_text widget-type-rich_text\" data-hs-cos-general-type=\"widget\" data-hs-cos-type=\"module\">\n<p>En 2021, bajo la direcci\u00f3n de Krzysztof Ejdowski, Director General de Sucursales, Dynamic Motors puso en marcha un programa piloto en Toru\u0144, implementando los quioscos inteligentes de autoservicio de Tjekvik. Tras el \u00e9xito de este programa piloto, la iniciativa se ampli\u00f3 a otras dos ubicaciones, con planes para desplegar un total de cuatro centros, incluida la apertura de un nuevo centro en el segundo y tercer trimestre de 2024. <\/p>\n<p>Dynamic Motors opera actualmente seis quioscos en sus instalaciones, tres interiores y tres exteriores. Estos quioscos permiten a los clientes facturar y retirar sus veh\u00edculos de forma r\u00e1pida y eficaz, in situ o a distancia a trav\u00e9s de sus propios dispositivos. <\/p>\n<\/div>\n<\/div>\n<\/div>\n<\/div>\n<\/div>\n<\/div>\n<\/div>\n\t\t\t\t\t\t\t\t<\/div>\n\t\t\t\t<\/div>\n\t\t\t\t<div class=\"elementor-element elementor-element-edf6f31 elementor-hidden-tablet elementor-hidden-mobile elementor-widget elementor-widget-image\" data-id=\"edf6f31\" data-element_type=\"widget\" data-e-type=\"widget\" data-widget_type=\"image.default\">\n\t\t\t\t<div class=\"elementor-widget-container\">\n\t\t\t\t\t\t\t\t\t\t\t\t\t\t\t<img decoding=\"async\" width=\"800\" height=\"343\" src=\"https:\/\/tjekvik.com\/wp-content\/uploads\/2025\/03\/Dynamic-Motors-showroom-2.webp\" class=\"attachment-large size-large wp-image-14535\" alt=\"Dynamic Motors showroom 2\" srcset=\"https:\/\/tjekvik.com\/wp-content\/uploads\/2025\/03\/Dynamic-Motors-showroom-2.webp 967w, https:\/\/tjekvik.com\/wp-content\/uploads\/2025\/03\/Dynamic-Motors-showroom-2-300x129.webp 300w, https:\/\/tjekvik.com\/wp-content\/uploads\/2025\/03\/Dynamic-Motors-showroom-2-768x330.webp 768w\" sizes=\"(max-width: 800px) 100vw, 800px\" title=\"Dynamic Motors showroom 2 | Tjekvik\" \/>\t\t\t\t\t\t\t\t\t\t\t\t\t\t\t<\/div>\n\t\t\t\t<\/div>\n\t\t\t\t<\/div>\n\t\t\t\t\t<\/div>\n\t\t\t\t<\/div>\n\t\t<div class=\"elementor-element elementor-element-22be5fd e-flex e-con-boxed e-con e-parent\" data-id=\"22be5fd\" data-element_type=\"container\" data-e-type=\"container\">\n\t\t\t\t\t<div class=\"e-con-inner\">\n\t\t\t\t<div class=\"elementor-element elementor-element-85fcab4 elementor-widget elementor-widget-heading\" data-id=\"85fcab4\" data-element_type=\"widget\" data-e-type=\"widget\" data-widget_type=\"heading.default\">\n\t\t\t\t<div class=\"elementor-widget-container\">\n\t\t\t\t\t<h2 class=\"elementor-heading-title elementor-size-default\">Aplicaci\u00f3n, indicadores clave de rendimiento y comentarios de los clientes<\/h2>\t\t\t\t<\/div>\n\t\t\t\t<\/div>\n\t\t\t\t\t<\/div>\n\t\t\t\t<\/div>\n\t\t<div class=\"elementor-element elementor-element-8387b2b e-grid e-con-boxed e-con e-parent\" data-id=\"8387b2b\" data-element_type=\"container\" data-e-type=\"container\">\n\t\t\t\t\t<div class=\"e-con-inner\">\n\t\t\t\t<div class=\"elementor-element elementor-element-35f4fc2 elementor-widget elementor-widget-image\" data-id=\"35f4fc2\" data-element_type=\"widget\" data-e-type=\"widget\" data-widget_type=\"image.default\">\n\t\t\t\t<div class=\"elementor-widget-container\">\n\t\t\t\t\t\t\t\t\t\t\t\t\t\t\t<img loading=\"lazy\" decoding=\"async\" width=\"683\" height=\"1024\" src=\"https:\/\/tjekvik.com\/wp-content\/uploads\/2025\/03\/Tjekvik-terminal-1-683x1024.webp\" class=\"attachment-large size-large wp-image-14553\" alt=\"\" srcset=\"https:\/\/tjekvik.com\/wp-content\/uploads\/2025\/03\/Tjekvik-terminal-1-683x1024.webp 683w, https:\/\/tjekvik.com\/wp-content\/uploads\/2025\/03\/Tjekvik-terminal-1-200x300.webp 200w, https:\/\/tjekvik.com\/wp-content\/uploads\/2025\/03\/Tjekvik-terminal-1-768x1152.webp 768w, https:\/\/tjekvik.com\/wp-content\/uploads\/2025\/03\/Tjekvik-terminal-1-1024x1536.webp 1024w, https:\/\/tjekvik.com\/wp-content\/uploads\/2025\/03\/Tjekvik-terminal-1.webp 1333w\" sizes=\"(max-width: 683px) 100vw, 683px\" title=\"Tjekvik terminal | Tjekvik\" \/>\t\t\t\t\t\t\t\t\t\t\t\t\t\t\t<\/div>\n\t\t\t\t<\/div>\n\t\t\t\t<div class=\"elementor-element elementor-element-cb9706a elementor-widget elementor-widget-text-editor\" data-id=\"cb9706a\" data-element_type=\"widget\" data-e-type=\"widget\" data-widget_type=\"text-editor.default\">\n\t\t\t\t<div class=\"elementor-widget-container\">\n\t\t\t\t\t\t\t\t\t<p>El despliegue de los quioscos de autoservicio fue fluido, a pesar de algunos problemas log\u00edsticos planteados por la pandemia. Al principio, la empresa introdujo quioscos interiores, seguidos de quioscos exteriores m\u00e1s avanzados equipados con taquillas seguras para llaves y grandes pantallas t\u00e1ctiles. Este avance tecnol\u00f3gico ha mejorado continuamente la eficacia del proceso de facturaci\u00f3n y salida.  <\/p>\n<p>Los quioscos de autoservicio han sido bien recibidos, con m\u00e1s del 80% de comentarios positivos de los clientes. Marek Sojecki, Director de Posventa de Dynamic Motors, se\u00f1ala que los quioscos han agilizado el proceso de entrega y recogida, ahorrando tiempo tanto a los clientes como a los asesores de servicio. Este sistema ha resultado especialmente beneficioso para los clientes con agendas apretadas, ya que les permite dejar sus veh\u00edculos cuando m\u00e1s les convenga y evitar colas.  <\/p>\n<p>Los asesores de servicio se enfrentaron inicialmente a una curva de aprendizaje, pero se adaptaron r\u00e1pidamente al nuevo sistema. Los quioscos de autoservicio han liberado tiempo de los asesores, permiti\u00e9ndoles centrarse en interacciones m\u00e1s complejas con los clientes y mejorar su productividad general. El dise\u00f1o intuitivo del sistema y la ayuda de los asistentes de servicio han facilitado a los clientes el uso de los quioscos, mejorando a\u00fan m\u00e1s la experiencia del cliente.  <\/p>\n<div class=\"span12 widget-span widget-type-custom_widget dnd-module\" data-widget-type=\"custom_widget\" data-x=\"0\" data-w=\"12\">\n<div id=\"hs_cos_wrapper_module_17128418950364\" class=\"hs_cos_wrapper hs_cos_wrapper_widget hs_cos_wrapper_type_module widget-type-rich_text\" data-hs-cos-general-type=\"widget\" data-hs-cos-type=\"module\">\n<p>La introducci\u00f3n de los quioscos no ha alterado significativamente el proceso de venta, pero ha requerido mayores esfuerzos de marketing para educar a los clientes sobre el nuevo sistema. Esto incluye banners informativos, campa\u00f1as en las redes sociales y material did\u00e1ctico. Tambi\u00e9n se ha perfeccionado el proceso posventa, con notificaciones automatizadas por SMS que mantienen informados a los clientes en cada fase del servicio.  <\/p>\n<\/div>\n<\/div>\n\t\t\t\t\t\t\t\t<\/div>\n\t\t\t\t<\/div>\n\t\t\t\t\t<\/div>\n\t\t\t\t<\/div>\n\t\t<div class=\"elementor-element elementor-element-84fe65b e-flex e-con-boxed e-con e-parent\" data-id=\"84fe65b\" data-element_type=\"container\" data-e-type=\"container\" data-settings=\"{&quot;background_background&quot;:&quot;classic&quot;}\">\n\t\t\t\t\t<div class=\"e-con-inner\">\n\t\t<div class=\"elementor-element elementor-element-b8c220a e-con-full e-flex e-con e-child\" data-id=\"b8c220a\" data-element_type=\"container\" data-e-type=\"container\">\n\t\t\t\t<div class=\"elementor-element elementor-element-9bfbbcb elementor-widget elementor-widget-heading\" data-id=\"9bfbbcb\" data-element_type=\"widget\" data-e-type=\"widget\" data-widget_type=\"heading.default\">\n\t\t\t\t<div class=\"elementor-widget-container\">\n\t\t\t\t\t<h2 class=\"elementor-heading-title elementor-size-default\">Beneficios y perspectivas de futuro<\/h2>\t\t\t\t<\/div>\n\t\t\t\t<\/div>\n\t\t\t\t<div class=\"elementor-element elementor-element-d621095 elementor-widget elementor-widget-text-editor\" data-id=\"d621095\" data-element_type=\"widget\" data-e-type=\"widget\" data-widget_type=\"text-editor.default\">\n\t\t\t\t<div class=\"elementor-widget-container\">\n\t\t\t\t\t\t\t\t\t<p>Los quioscos de autoservicio han proporcionado varias ventajas, como una mayor eficacia operativa, una mayor satisfacci\u00f3n de los clientes e ingresos adicionales por la venta de servicios como el lavado de veh\u00edculos y la limpieza del aire acondicionado. Los clientes aprecian la flexibilidad y comodidad de los quioscos, que les permiten dejar y recoger sus veh\u00edculos fuera del horario comercial habitual. <\/p>\n<p>De cara al futuro, Dynamic Motors planea integrar a\u00fan m\u00e1s los sistemas de pago con los quioscos, permitiendo una conexi\u00f3n sin fisuras entre el pago de servicios y la recuperaci\u00f3n de llaves. Tambi\u00e9n est\u00e1 previsto actualizar continuamente el software y mejorar la facilidad de uso para garantizar que los quioscos sigan en l\u00ednea con las tendencias del mercado y las expectativas de los clientes. <\/p>\n<h2>Conclusi\u00f3n<\/h2>\n<p>La adopci\u00f3n por Dynamic Motors de los quioscos de autoservicio de Tjekvik ha posicionado a la empresa como l\u00edder con visi\u00f3n de futuro en el sector de los servicios de automoci\u00f3n. Al adoptar soluciones digitales, Dynamic Motors ha mejorado la calidad de su servicio, ha aumentado la satisfacci\u00f3n del cliente y ha establecido un punto de referencia para la innovaci\u00f3n en la prestaci\u00f3n de servicios de automoci\u00f3n. <\/p>\n\t\t\t\t\t\t\t\t<\/div>\n\t\t\t\t<\/div>\n\t\t\t\t<\/div>\n\t\t<div class=\"elementor-element elementor-element-22184de e-con-full elementor-hidden-tablet elementor-hidden-mobile e-flex e-con e-child\" data-id=\"22184de\" data-element_type=\"container\" data-e-type=\"container\">\n\t\t\t\t<div class=\"elementor-element elementor-element-cb5b900 elementor-widget elementor-widget-image\" data-id=\"cb5b900\" data-element_type=\"widget\" data-e-type=\"widget\" data-widget_type=\"image.default\">\n\t\t\t\t<div class=\"elementor-widget-container\">\n\t\t\t\t\t\t\t\t\t\t\t\t\t\t\t<img loading=\"lazy\" decoding=\"async\" width=\"600\" height=\"800\" src=\"https:\/\/tjekvik.com\/wp-content\/uploads\/2025\/03\/Tjekvik-terminal-2.webp\" class=\"attachment-medium_large size-medium_large wp-image-14568\" alt=\"Tjekvik terminal\" srcset=\"https:\/\/tjekvik.com\/wp-content\/uploads\/2025\/03\/Tjekvik-terminal-2.webp 600w, https:\/\/tjekvik.com\/wp-content\/uploads\/2025\/03\/Tjekvik-terminal-2-225x300.webp 225w\" sizes=\"(max-width: 600px) 100vw, 600px\" title=\"Tjekvik terminal 2 | Tjekvik\" \/>\t\t\t\t\t\t\t\t\t\t\t\t\t\t\t<\/div>\n\t\t\t\t<\/div>\n\t\t\t\t<\/div>\n\t\t\t\t\t<\/div>\n\t\t\t\t<\/div>\n\t\t\t\t<\/div>\n\t\t","protected":false},"excerpt":{"rendered":"<p>MOTORES DIN\u00c1MICOS BMW Dynamic Motors implanta quioscos digitales de autoservicio para clientes de BMW y Mini 31 de mayo de 2024 Dynamic Motors, proveedor l\u00edder de servicios de automoci\u00f3n para BMW y Mini en Polonia, ha integrado con \u00e9xito los quioscos digitales de autoservicio de Tjekvik para mejorar la experiencia del cliente, aumentar la eficacia [&hellip;]<\/p>\n","protected":false},"author":22,"featured_media":0,"parent":3806,"menu_order":0,"comment_status":"closed","ping_status":"closed","template":"","meta":{"_acf_changed":false,"footnotes":""},"class_list":["post-15224","page","type-page","status-publish","hentry"],"acf":[],"aioseo_notices":[],"_links":{"self":[{"href":"https:\/\/tjekvik.com\/es\/wp-json\/wp\/v2\/pages\/15224","targetHints":{"allow":["GET"]}}],"collection":[{"href":"https:\/\/tjekvik.com\/es\/wp-json\/wp\/v2\/pages"}],"about":[{"href":"https:\/\/tjekvik.com\/es\/wp-json\/wp\/v2\/types\/page"}],"author":[{"embeddable":true,"href":"https:\/\/tjekvik.com\/es\/wp-json\/wp\/v2\/users\/22"}],"replies":[{"embeddable":true,"href":"https:\/\/tjekvik.com\/es\/wp-json\/wp\/v2\/comments?post=15224"}],"version-history":[{"count":2,"href":"https:\/\/tjekvik.com\/es\/wp-json\/wp\/v2\/pages\/15224\/revisions"}],"predecessor-version":[{"id":15336,"href":"https:\/\/tjekvik.com\/es\/wp-json\/wp\/v2\/pages\/15224\/revisions\/15336"}],"up":[{"embeddable":true,"href":"https:\/\/tjekvik.com\/es\/wp-json\/wp\/v2\/pages\/3806"}],"wp:attachment":[{"href":"https:\/\/tjekvik.com\/es\/wp-json\/wp\/v2\/media?parent=15224"}],"curies":[{"name":"wp","href":"https:\/\/api.w.org\/{rel}","templated":true}]}}