{"id":9986,"date":"2024-01-13T05:14:34","date_gmt":"2024-01-13T05:14:34","guid":{"rendered":"https:\/\/tjekvik.com\/blog\/"},"modified":"2025-06-30T10:50:08","modified_gmt":"2025-06-30T10:50:08","slug":"blog","status":"publish","type":"page","link":"https:\/\/tjekvik.com\/es\/blog\/","title":{"rendered":"Blog"},"content":{"rendered":"\t\t<div data-elementor-type=\"wp-page\" data-elementor-id=\"9986\" class=\"elementor elementor-9986 elementor-8443\" data-elementor-post-type=\"page\">\n\t\t\t\t<div class=\"elementor-element elementor-element-ad37ad8 e-flex e-con-boxed e-con e-parent\" data-id=\"ad37ad8\" data-element_type=\"container\" data-e-type=\"container\" data-settings=\"{&quot;background_background&quot;:&quot;classic&quot;}\">\n\t\t\t\t\t<div class=\"e-con-inner\">\n\t\t\t\t<div class=\"elementor-element elementor-element-6922d3a elementor-widget elementor-widget-heading\" data-id=\"6922d3a\" data-element_type=\"widget\" data-e-type=\"widget\" data-widget_type=\"heading.default\">\n\t\t\t\t<div class=\"elementor-widget-container\">\n\t\t\t\t\t<h2 class=\"elementor-heading-title elementor-size-default\">Tjekvik actualizaciones de automoci\u00f3n<\/h2>\t\t\t\t<\/div>\n\t\t\t\t<\/div>\n\t\t\t\t\t<\/div>\n\t\t\t\t<\/div>\n\t\t<div class=\"elementor-element elementor-element-7853605 e-flex e-con-boxed e-con e-parent\" data-id=\"7853605\" data-element_type=\"container\" data-e-type=\"container\">\n\t\t\t\t\t<div class=\"e-con-inner\">\n\t\t\t\t<div class=\"elementor-element elementor-element-d3204ce elementor-grid-1 elementor-grid-tablet-2 elementor-grid-mobile-1 elementor-posts--thumbnail-top elementor-card-shadow-yes elementor-posts__hover-gradient elementor-widget elementor-widget-posts\" data-id=\"d3204ce\" data-element_type=\"widget\" data-e-type=\"widget\" data-settings=\"{&quot;cards_columns&quot;:&quot;1&quot;,&quot;pagination_type&quot;:&quot;numbers&quot;,&quot;cards_columns_tablet&quot;:&quot;2&quot;,&quot;cards_columns_mobile&quot;:&quot;1&quot;,&quot;cards_row_gap&quot;:{&quot;unit&quot;:&quot;px&quot;,&quot;size&quot;:35,&quot;sizes&quot;:[]},&quot;cards_row_gap_widescreen&quot;:{&quot;unit&quot;:&quot;px&quot;,&quot;size&quot;:&quot;&quot;,&quot;sizes&quot;:[]},&quot;cards_row_gap_laptop&quot;:{&quot;unit&quot;:&quot;px&quot;,&quot;size&quot;:&quot;&quot;,&quot;sizes&quot;:[]},&quot;cards_row_gap_tablet_extra&quot;:{&quot;unit&quot;:&quot;px&quot;,&quot;size&quot;:&quot;&quot;,&quot;sizes&quot;:[]},&quot;cards_row_gap_tablet&quot;:{&quot;unit&quot;:&quot;px&quot;,&quot;size&quot;:&quot;&quot;,&quot;sizes&quot;:[]},&quot;cards_row_gap_mobile_extra&quot;:{&quot;unit&quot;:&quot;px&quot;,&quot;size&quot;:&quot;&quot;,&quot;sizes&quot;:[]},&quot;cards_row_gap_mobile&quot;:{&quot;unit&quot;:&quot;px&quot;,&quot;size&quot;:&quot;&quot;,&quot;sizes&quot;:[]}}\" data-widget_type=\"posts.cards\">\n\t\t\t\t<div class=\"elementor-widget-container\">\n\t\t\t\t\t\t\t<div class=\"elementor-posts-container elementor-posts elementor-posts--skin-cards elementor-grid\" role=\"list\">\n\t\t\t\t<article class=\"elementor-post elementor-grid-item post-25347 post type-post status-publish format-standard has-post-thumbnail hentry category-perspectivas tag-autoservicio tag-encuesta tag-estudios-de-mercado\" role=\"listitem\">\n\t\t\t<div class=\"elementor-post__card\">\n\t\t\t\t<a class=\"elementor-post__thumbnail__link\" href=\"https:\/\/tjekvik.com\/es\/blog\/al-44-de-los-conductores-espanoles-le-gustaria-gestionar-la-entrega-de-sus-vehiculos-online-en-horario-flexible\/\" tabindex=\"-1\" target=\"_blank\"><div class=\"elementor-post__thumbnail\"><img fetchpriority=\"high\" decoding=\"async\" width=\"800\" height=\"534\" src=\"https:\/\/tjekvik.com\/wp-content\/uploads\/2026\/04\/spanish-survey-blog-1024x683.png\" class=\"attachment-large size-large wp-image-25331\" alt=\"\" srcset=\"https:\/\/tjekvik.com\/wp-content\/uploads\/2026\/04\/spanish-survey-blog-1024x683.png 1024w, https:\/\/tjekvik.com\/wp-content\/uploads\/2026\/04\/spanish-survey-blog-300x200.png 300w, https:\/\/tjekvik.com\/wp-content\/uploads\/2026\/04\/spanish-survey-blog-768x513.png 768w, https:\/\/tjekvik.com\/wp-content\/uploads\/2026\/04\/spanish-survey-blog.png 1500w\" sizes=\"(max-width: 800px) 100vw, 800px\" \/><\/div><\/a>\n\t\t\t\t<div class=\"elementor-post__text\">\n\t\t\t\t<h3 class=\"elementor-post__title\">\n\t\t\t<a href=\"https:\/\/tjekvik.com\/es\/blog\/al-44-de-los-conductores-espanoles-le-gustaria-gestionar-la-entrega-de-sus-vehiculos-online-en-horario-flexible\/\" target=&quot;_blank&quot;>\n\t\t\t\tAl 44% de los conductores espa\u00f1oles le gustar\u00eda gestionar la entrega de sus veh\u00edculos online, en horario flexible\t\t\t<\/a>\n\t\t<\/h3>\n\t\t\t\t<div class=\"elementor-post__excerpt\">\n\t\t\t<p>Al 44% de los conductores espa\u00f1oles le gustar\u00eda gestionar la entrega de sus veh\u00edculos online, en horario flexible<\/p>\n\t\t<\/div>\n\t\t\t\t\t<div class=\"elementor-post__read-more-wrapper\">\n\t\t\n\t\t<a class=\"elementor-post__read-more\" href=\"https:\/\/tjekvik.com\/es\/blog\/al-44-de-los-conductores-espanoles-le-gustaria-gestionar-la-entrega-de-sus-vehiculos-online-en-horario-flexible\/\" aria-label=\"M\u00e1s informaci\u00f3n sobre Al 44% de los conductores espa\u00f1oles le gustar\u00eda gestionar la entrega de sus veh\u00edculos online, en horario flexible\" tabindex=\"-1\" target=\"_blank\">\n\t\t\tLeer m\u00e1s\t\t<\/a>\n\n\t\t\t\t\t<\/div>\n\t\t\t\t<\/div>\n\t\t\t\t<div class=\"elementor-post__meta-data\">\n\t\t\t\t\t<span class=\"elementor-post-author\">\n\t\t\tJan Borysiak\t\t<\/span>\n\t\t\t\t<span class=\"elementor-post-date\">\n\t\t\t7 de abril de 2026\t\t<\/span>\n\t\t\t\t<\/div>\n\t\t\t\t\t<\/div>\n\t\t<\/article>\n\t\t\t\t<article class=\"elementor-post elementor-grid-item post-25315 post type-post status-publish format-standard has-post-thumbnail hentry category-exito-de-los-clientes category-perspectivas tag-autoservicio tag-exito-del-cliente tag-historia-de-un-cliente\" role=\"listitem\">\n\t\t\t<div class=\"elementor-post__card\">\n\t\t\t\t<a class=\"elementor-post__thumbnail__link\" href=\"https:\/\/tjekvik.com\/es\/blog\/como-utilizan-la-tecnologia-los-concesionarios-modernos-para-generar-mas-ingresos-con-menos-administracion\/\" tabindex=\"-1\" target=\"_blank\"><div class=\"elementor-post__thumbnail\"><img decoding=\"async\" width=\"800\" height=\"534\" src=\"https:\/\/tjekvik.com\/wp-content\/uploads\/2026\/03\/Blog-images-3-1024x683.png\" class=\"attachment-large size-large wp-image-25293\" alt=\"\" srcset=\"https:\/\/tjekvik.com\/wp-content\/uploads\/2026\/03\/Blog-images-3-1024x683.png 1024w, https:\/\/tjekvik.com\/wp-content\/uploads\/2026\/03\/Blog-images-3-300x200.png 300w, https:\/\/tjekvik.com\/wp-content\/uploads\/2026\/03\/Blog-images-3-768x513.png 768w, https:\/\/tjekvik.com\/wp-content\/uploads\/2026\/03\/Blog-images-3.png 1500w\" sizes=\"(max-width: 800px) 100vw, 800px\" \/><\/div><\/a>\n\t\t\t\t<div class=\"elementor-post__text\">\n\t\t\t\t<h3 class=\"elementor-post__title\">\n\t\t\t<a href=\"https:\/\/tjekvik.com\/es\/blog\/como-utilizan-la-tecnologia-los-concesionarios-modernos-para-generar-mas-ingresos-con-menos-administracion\/\" target=&quot;_blank&quot;>\n\t\t\t\tC\u00f3mo utilizan la tecnolog\u00eda los concesionarios modernos para generar m\u00e1s ingresos con menos administraci\u00f3n\t\t\t<\/a>\n\t\t<\/h3>\n\t\t\t\t<div class=\"elementor-post__excerpt\">\n\t\t\t<p>La electrificaci\u00f3n, la escasez de personal cualificado y la digitalizaci\u00f3n est\u00e1n transformando r\u00e1pidamente el servicio posventa, y para los concesionarios que quieren mantenerse al d\u00eda,<\/p>\n\t\t<\/div>\n\t\t\t\t\t<div class=\"elementor-post__read-more-wrapper\">\n\t\t\n\t\t<a class=\"elementor-post__read-more\" href=\"https:\/\/tjekvik.com\/es\/blog\/como-utilizan-la-tecnologia-los-concesionarios-modernos-para-generar-mas-ingresos-con-menos-administracion\/\" aria-label=\"M\u00e1s informaci\u00f3n sobre C\u00f3mo utilizan la tecnolog\u00eda los concesionarios modernos para generar m\u00e1s ingresos con menos administraci\u00f3n\" tabindex=\"-1\" target=\"_blank\">\n\t\t\tLeer m\u00e1s\t\t<\/a>\n\n\t\t\t\t\t<\/div>\n\t\t\t\t<\/div>\n\t\t\t\t<div class=\"elementor-post__meta-data\">\n\t\t\t\t\t<span class=\"elementor-post-author\">\n\t\t\tAna Dragnea\t\t<\/span>\n\t\t\t\t<span class=\"elementor-post-date\">\n\t\t\t23 de marzo de 2026\t\t<\/span>\n\t\t\t\t<\/div>\n\t\t\t\t\t<\/div>\n\t\t<\/article>\n\t\t\t\t<article class=\"elementor-post elementor-grid-item post-25233 post type-post status-publish format-standard has-post-thumbnail hentry category-exito-de-los-clientes category-perspectivas tag-exito-del-cliente tag-historia-de-un-cliente tag-tjekvik-es\" role=\"listitem\">\n\t\t\t<div class=\"elementor-post__card\">\n\t\t\t\t<a class=\"elementor-post__thumbnail__link\" href=\"https:\/\/tjekvik.com\/es\/blog\/como-chorley-group-transformo-sus-operaciones-de-posventa-con-el-autoservicio-digital\/\" tabindex=\"-1\" target=\"_blank\"><div class=\"elementor-post__thumbnail\"><img decoding=\"async\" width=\"800\" height=\"534\" src=\"https:\/\/tjekvik.com\/wp-content\/uploads\/2026\/03\/Blog-images-10-1024x683.png\" class=\"attachment-large size-large wp-image-25201\" alt=\"\" srcset=\"https:\/\/tjekvik.com\/wp-content\/uploads\/2026\/03\/Blog-images-10-1024x683.png 1024w, https:\/\/tjekvik.com\/wp-content\/uploads\/2026\/03\/Blog-images-10-300x200.png 300w, https:\/\/tjekvik.com\/wp-content\/uploads\/2026\/03\/Blog-images-10-768x513.png 768w, https:\/\/tjekvik.com\/wp-content\/uploads\/2026\/03\/Blog-images-10.png 1500w\" sizes=\"(max-width: 800px) 100vw, 800px\" \/><\/div><\/a>\n\t\t\t\t<div class=\"elementor-post__text\">\n\t\t\t\t<h3 class=\"elementor-post__title\">\n\t\t\t<a href=\"https:\/\/tjekvik.com\/es\/blog\/como-chorley-group-transformo-sus-operaciones-de-posventa-con-el-autoservicio-digital\/\" target=&quot;_blank&quot;>\n\t\t\t\tC\u00f3mo Chorley Group transform\u00f3 sus operaciones de posventa con el autoservicio digital\t\t\t<\/a>\n\t\t<\/h3>\n\t\t\t\t<div class=\"elementor-post__excerpt\">\n\t\t\t<p>Es un claro ejemplo de lo que ocurre cuando la tecnolog\u00eda adecuada se combina con la mentalidad adecuada. La experiencia del Grupo Chorley demuestra lo que Tjekvik puede hacer cuando un equipo se compromete plenamente con \u00e9l. <\/p>\n\t\t<\/div>\n\t\t\t\t\t<div class=\"elementor-post__read-more-wrapper\">\n\t\t\n\t\t<a class=\"elementor-post__read-more\" href=\"https:\/\/tjekvik.com\/es\/blog\/como-chorley-group-transformo-sus-operaciones-de-posventa-con-el-autoservicio-digital\/\" aria-label=\"M\u00e1s informaci\u00f3n sobre C\u00f3mo Chorley Group transform\u00f3 sus operaciones de posventa con el autoservicio digital\" tabindex=\"-1\" target=\"_blank\">\n\t\t\tLeer m\u00e1s\t\t<\/a>\n\n\t\t\t\t\t<\/div>\n\t\t\t\t<\/div>\n\t\t\t\t<div class=\"elementor-post__meta-data\">\n\t\t\t\t\t<span class=\"elementor-post-author\">\n\t\t\tJan Borysiak\t\t<\/span>\n\t\t\t\t<span class=\"elementor-post-date\">\n\t\t\t19 de marzo de 2026\t\t<\/span>\n\t\t\t\t<\/div>\n\t\t\t\t\t<\/div>\n\t\t<\/article>\n\t\t\t\t<article class=\"elementor-post elementor-grid-item post-24866 post type-post status-publish format-standard has-post-thumbnail hentry category-comunicado-de-prensa category-noticias category-perspectivas category-producto tag-mobility tag-noticias tag-tjekvik-es\" role=\"listitem\">\n\t\t\t<div class=\"elementor-post__card\">\n\t\t\t\t<a class=\"elementor-post__thumbnail__link\" href=\"https:\/\/tjekvik.com\/es\/blog\/tjekvik-optimiza-la-gestion-de-vehiculos-de-cortesia-con-tjekvik-mobility\/\" tabindex=\"-1\" target=\"_blank\"><div class=\"elementor-post__thumbnail\"><img loading=\"lazy\" decoding=\"async\" width=\"800\" height=\"534\" src=\"https:\/\/tjekvik.com\/wp-content\/uploads\/2026\/03\/Tjekvik-mobility-blog-1-1024x683.png\" class=\"attachment-large size-large wp-image-24786\" alt=\"\" srcset=\"https:\/\/tjekvik.com\/wp-content\/uploads\/2026\/03\/Tjekvik-mobility-blog-1-1024x683.png 1024w, https:\/\/tjekvik.com\/wp-content\/uploads\/2026\/03\/Tjekvik-mobility-blog-1-300x200.png 300w, https:\/\/tjekvik.com\/wp-content\/uploads\/2026\/03\/Tjekvik-mobility-blog-1-768x513.png 768w, https:\/\/tjekvik.com\/wp-content\/uploads\/2026\/03\/Tjekvik-mobility-blog-1.png 1500w\" sizes=\"(max-width: 800px) 100vw, 800px\" \/><\/div><\/a>\n\t\t\t\t<div class=\"elementor-post__text\">\n\t\t\t\t<h3 class=\"elementor-post__title\">\n\t\t\t<a href=\"https:\/\/tjekvik.com\/es\/blog\/tjekvik-optimiza-la-gestion-de-vehiculos-de-cortesia-con-tjekvik-mobility\/\" target=&quot;_blank&quot;>\n\t\t\t\tTjekvik optimiza la gesti\u00f3n de veh\u00edculos de cortes\u00eda con Tjekvik Mobility\t\t\t<\/a>\n\t\t<\/h3>\n\t\t\t\t<div class=\"elementor-post__excerpt\">\n\t\t\t<p>Tjekvik ha lanzado un nuevo sistema que facilita enormemente a los concesionarios la gesti\u00f3n de la asignaci\u00f3n de veh\u00edculos de cortes\u00eda.<\/p>\n\t\t<\/div>\n\t\t\t\t\t<div class=\"elementor-post__read-more-wrapper\">\n\t\t\n\t\t<a class=\"elementor-post__read-more\" href=\"https:\/\/tjekvik.com\/es\/blog\/tjekvik-optimiza-la-gestion-de-vehiculos-de-cortesia-con-tjekvik-mobility\/\" aria-label=\"M\u00e1s informaci\u00f3n sobre Tjekvik optimiza la gesti\u00f3n de veh\u00edculos de cortes\u00eda con Tjekvik Mobility\" tabindex=\"-1\" target=\"_blank\">\n\t\t\tLeer m\u00e1s\t\t<\/a>\n\n\t\t\t\t\t<\/div>\n\t\t\t\t<\/div>\n\t\t\t\t<div class=\"elementor-post__meta-data\">\n\t\t\t\t\t<span class=\"elementor-post-author\">\n\t\t\tJan Borysiak\t\t<\/span>\n\t\t\t\t<span class=\"elementor-post-date\">\n\t\t\t6 de marzo de 2026\t\t<\/span>\n\t\t\t\t<\/div>\n\t\t\t\t\t<\/div>\n\t\t<\/article>\n\t\t\t\t<article class=\"elementor-post elementor-grid-item post-24682 post type-post status-publish format-standard has-post-thumbnail hentry category-perspectivas tag-encuesta tag-francia tag-informe tag-tjekvik-es\" role=\"listitem\">\n\t\t\t<div class=\"elementor-post__card\">\n\t\t\t\t<a class=\"elementor-post__thumbnail__link\" href=\"https:\/\/tjekvik.com\/es\/blog\/uno-de-cada-tres-conductores-franceses-quiere-servicios-de-mantenimiento-fuera-del-horario-laboral\/\" tabindex=\"-1\" target=\"_blank\"><div class=\"elementor-post__thumbnail\"><img loading=\"lazy\" decoding=\"async\" width=\"800\" height=\"534\" src=\"https:\/\/tjekvik.com\/wp-content\/uploads\/2026\/02\/french-drivers-blog-1-1024x683.png\" class=\"attachment-large size-large wp-image-24667\" alt=\"\" srcset=\"https:\/\/tjekvik.com\/wp-content\/uploads\/2026\/02\/french-drivers-blog-1-1024x683.png 1024w, https:\/\/tjekvik.com\/wp-content\/uploads\/2026\/02\/french-drivers-blog-1-300x200.png 300w, https:\/\/tjekvik.com\/wp-content\/uploads\/2026\/02\/french-drivers-blog-1-768x513.png 768w, https:\/\/tjekvik.com\/wp-content\/uploads\/2026\/02\/french-drivers-blog-1.png 1500w\" sizes=\"(max-width: 800px) 100vw, 800px\" \/><\/div><\/a>\n\t\t\t\t<div class=\"elementor-post__text\">\n\t\t\t\t<h3 class=\"elementor-post__title\">\n\t\t\t<a href=\"https:\/\/tjekvik.com\/es\/blog\/uno-de-cada-tres-conductores-franceses-quiere-servicios-de-mantenimiento-fuera-del-horario-laboral\/\" target=&quot;_blank&quot;>\n\t\t\t\tUno de cada tres conductores franceses quiere servicios de mantenimiento fuera del horario laboral\t\t\t<\/a>\n\t\t<\/h3>\n\t\t\t\t<div class=\"elementor-post__excerpt\">\n\t\t\t<p>Uno de cada tres conductores franceses quiere opciones de revisi\u00f3n del coche fuera del horario laboral, mientras que el 26% preferir\u00eda hacer el check-in online y con antelaci\u00f3n<\/p>\n\t\t<\/div>\n\t\t\t\t\t<div class=\"elementor-post__read-more-wrapper\">\n\t\t\n\t\t<a class=\"elementor-post__read-more\" href=\"https:\/\/tjekvik.com\/es\/blog\/uno-de-cada-tres-conductores-franceses-quiere-servicios-de-mantenimiento-fuera-del-horario-laboral\/\" aria-label=\"M\u00e1s informaci\u00f3n sobre Uno de cada tres conductores franceses quiere servicios de mantenimiento fuera del horario laboral\" tabindex=\"-1\" target=\"_blank\">\n\t\t\tLeer m\u00e1s\t\t<\/a>\n\n\t\t\t\t\t<\/div>\n\t\t\t\t<\/div>\n\t\t\t\t<div class=\"elementor-post__meta-data\">\n\t\t\t\t\t<span class=\"elementor-post-author\">\n\t\t\tJan Borysiak\t\t<\/span>\n\t\t\t\t<span class=\"elementor-post-date\">\n\t\t\t20 de febrero de 2026\t\t<\/span>\n\t\t\t\t<\/div>\n\t\t\t\t\t<\/div>\n\t\t<\/article>\n\t\t\t\t<article class=\"elementor-post elementor-grid-item post-24561 post type-post status-publish format-standard has-post-thumbnail hentry category-comunicado-de-prensa category-noticias category-producto tag-alquiler tag-autoservicio tag-coche-de-cortesia tag-lanzamiento-del-producto tag-mobility\" role=\"listitem\">\n\t\t\t<div class=\"elementor-post__card\">\n\t\t\t\t<a class=\"elementor-post__thumbnail__link\" href=\"https:\/\/tjekvik.com\/es\/blog\/por-que-dejar-las-llaves-sobre-el-neumatico-ya-no-es-suficiente-la-entrega-de-coches-de-cortesia-en-la-era-digital\/\" tabindex=\"-1\" target=\"_blank\"><div class=\"elementor-post__thumbnail\"><img loading=\"lazy\" decoding=\"async\" width=\"800\" height=\"534\" src=\"https:\/\/tjekvik.com\/wp-content\/uploads\/2026\/02\/Tjekvik-Mobility-1-1024x683.png\" class=\"attachment-large size-large wp-image-24333\" alt=\"Tjekvik Mobility Blog\" srcset=\"https:\/\/tjekvik.com\/wp-content\/uploads\/2026\/02\/Tjekvik-Mobility-1-1024x683.png 1024w, https:\/\/tjekvik.com\/wp-content\/uploads\/2026\/02\/Tjekvik-Mobility-1-300x200.png 300w, https:\/\/tjekvik.com\/wp-content\/uploads\/2026\/02\/Tjekvik-Mobility-1-768x513.png 768w, https:\/\/tjekvik.com\/wp-content\/uploads\/2026\/02\/Tjekvik-Mobility-1.png 1500w\" sizes=\"(max-width: 800px) 100vw, 800px\" \/><\/div><\/a>\n\t\t\t\t<div class=\"elementor-post__text\">\n\t\t\t\t<h3 class=\"elementor-post__title\">\n\t\t\t<a href=\"https:\/\/tjekvik.com\/es\/blog\/por-que-dejar-las-llaves-sobre-el-neumatico-ya-no-es-suficiente-la-entrega-de-coches-de-cortesia-en-la-era-digital\/\" target=&quot;_blank&quot;>\n\t\t\t\tPor qu\u00e9 dejar las llaves sobre el neum\u00e1tico ya no es suficiente: La entrega de coches de cortes\u00eda en la era digital\t\t\t<\/a>\n\t\t<\/h3>\n\t\t\t\t<div class=\"elementor-post__excerpt\">\n\t\t\t<p>Probablemente lo hayas o\u00eddo, o incluso lo hayas hecho: \u00abLas llaves est\u00e1n en el neum\u00e1tico, el acuerdo est\u00e1 en la guantera\u00ab. Es sorprendente cu\u00e1ntos concesionarios<\/p>\n\t\t<\/div>\n\t\t\t\t\t<div class=\"elementor-post__read-more-wrapper\">\n\t\t\n\t\t<a class=\"elementor-post__read-more\" href=\"https:\/\/tjekvik.com\/es\/blog\/por-que-dejar-las-llaves-sobre-el-neumatico-ya-no-es-suficiente-la-entrega-de-coches-de-cortesia-en-la-era-digital\/\" aria-label=\"M\u00e1s informaci\u00f3n sobre Por qu\u00e9 dejar las llaves sobre el neum\u00e1tico ya no es suficiente: La entrega de coches de cortes\u00eda en la era digital\" tabindex=\"-1\" target=\"_blank\">\n\t\t\tLeer m\u00e1s\t\t<\/a>\n\n\t\t\t\t\t<\/div>\n\t\t\t\t<\/div>\n\t\t\t\t<div class=\"elementor-post__meta-data\">\n\t\t\t\t\t<span class=\"elementor-post-author\">\n\t\t\tVeronika Kinstova\t\t<\/span>\n\t\t\t\t<span class=\"elementor-post-date\">\n\t\t\t9 de febrero de 2026\t\t<\/span>\n\t\t\t\t<\/div>\n\t\t\t\t\t<\/div>\n\t\t<\/article>\n\t\t\t\t<\/div>\n\t\t\n\t\t\t\t<div class=\"e-load-more-anchor\" data-page=\"1\" data-max-page=\"14\" data-next-page=\"https:\/\/tjekvik.com\/es\/wp-json\/wp\/v2\/pages\/9986\/page\/2\/\"><\/div>\n\t\t\t\t<nav class=\"elementor-pagination\" aria-label=\"Paginaci\u00f3n\">\n\t\t\t<span aria-current=\"page\" class=\"page-numbers current\"><span class=\"elementor-screen-only\">P\u00e1gina<\/span>1<\/span>\n<a class=\"page-numbers\" href=\"https:\/\/tjekvik.com\/es\/wp-json\/wp\/v2\/pages\/9986\/page\/2\/\"><span class=\"elementor-screen-only\">P\u00e1gina<\/span>2<\/a>\n<a class=\"page-numbers\" href=\"https:\/\/tjekvik.com\/es\/wp-json\/wp\/v2\/pages\/9986\/page\/3\/\"><span class=\"elementor-screen-only\">P\u00e1gina<\/span>3<\/a>\n<a class=\"page-numbers\" href=\"https:\/\/tjekvik.com\/es\/wp-json\/wp\/v2\/pages\/9986\/page\/4\/\"><span class=\"elementor-screen-only\">P\u00e1gina<\/span>4<\/a>\n<a class=\"page-numbers\" href=\"https:\/\/tjekvik.com\/es\/wp-json\/wp\/v2\/pages\/9986\/page\/5\/\"><span class=\"elementor-screen-only\">P\u00e1gina<\/span>5<\/a>\t\t<\/nav>\n\t\t\t\t\t\t<\/div>\n\t\t\t\t<\/div>\n\t\t\t\t\t<\/div>\n\t\t\t\t<\/div>\n\t\t<div class=\"elementor-element elementor-element-adde683 e-flex e-con-boxed e-con e-parent\" data-id=\"adde683\" data-element_type=\"container\" data-e-type=\"container\">\n\t\t\t\t\t<div class=\"e-con-inner\">\n\t\t\t\t<div class=\"elementor-element elementor-element-448de9b elementor-widget elementor-widget-heading\" data-id=\"448de9b\" data-element_type=\"widget\" data-e-type=\"widget\" data-widget_type=\"heading.default\">\n\t\t\t\t<div class=\"elementor-widget-container\">\n\t\t\t\t\t<h2 class=\"elementor-heading-title elementor-size-default\">Suscr\u00edbete a nuestro Bolet\u00edn<\/h2>\t\t\t\t<\/div>\n\t\t\t\t<\/div>\n\t\t\t\t<div class=\"elementor-element elementor-element-47c6d49 elementor-widget elementor-widget-html\" data-id=\"47c6d49\" data-element_type=\"widget\" data-e-type=\"widget\" data-widget_type=\"html.default\">\n\t\t\t\t<div class=\"elementor-widget-container\">\n\t\t\t\t\t<script charset=\"utf-8\" type=\"text\/javascript\" src=\"\/\/js-eu1.hsforms.net\/forms\/embed\/v2.js\"><\/script><script>hbspt.forms.create({\n    portalId: \"26682254\",\n    formId: \"b8bd2a68-f33b-4756-a2d2-d3186c65962c\",\n    region: \"eu1\"\n  });\n<\/script>\t\t\t\t<\/div>\n\t\t\t\t<\/div>\n\t\t\t\t\t<\/div>\n\t\t\t\t<\/div>\n\t\t\t\t<\/div>\n\t\t","protected":false},"excerpt":{"rendered":"<p>Tjekvik actualizaciones de automoci\u00f3n Suscr\u00edbete a nuestro Bolet\u00edn<\/p>\n","protected":false},"author":20,"featured_media":0,"parent":0,"menu_order":0,"comment_status":"closed","ping_status":"closed","template":"","meta":{"_acf_changed":false,"footnotes":""},"class_list":["post-9986","page","type-page","status-publish","hentry"],"acf":[],"aioseo_notices":[],"_links":{"self":[{"href":"https:\/\/tjekvik.com\/es\/wp-json\/wp\/v2\/pages\/9986","targetHints":{"allow":["GET"]}}],"collection":[{"href":"https:\/\/tjekvik.com\/es\/wp-json\/wp\/v2\/pages"}],"about":[{"href":"https:\/\/tjekvik.com\/es\/wp-json\/wp\/v2\/types\/page"}],"author":[{"embeddable":true,"href":"https:\/\/tjekvik.com\/es\/wp-json\/wp\/v2\/users\/20"}],"replies":[{"embeddable":true,"href":"https:\/\/tjekvik.com\/es\/wp-json\/wp\/v2\/comments?post=9986"}],"version-history":[{"count":5,"href":"https:\/\/tjekvik.com\/es\/wp-json\/wp\/v2\/pages\/9986\/revisions"}],"predecessor-version":[{"id":19049,"href":"https:\/\/tjekvik.com\/es\/wp-json\/wp\/v2\/pages\/9986\/revisions\/19049"}],"wp:attachment":[{"href":"https:\/\/tjekvik.com\/es\/wp-json\/wp\/v2\/media?parent=9986"}],"curies":[{"name":"wp","href":"https:\/\/api.w.org\/{rel}","templated":true}]}}