{"id":13405,"date":"2025-02-13T15:32:12","date_gmt":"2025-02-13T15:32:12","guid":{"rendered":"https:\/\/tjekvik.com\/?page_id=13405"},"modified":"2025-03-17T15:55:43","modified_gmt":"2025-03-17T15:55:43","slug":"livre-blanc-augmenter-lefficacite-de-lapres-vente","status":"publish","type":"page","link":"https:\/\/tjekvik.com\/fr\/livre-blanc-augmenter-lefficacite-de-lapres-vente\/","title":{"rendered":"Livre blanc &#8211; Augmenter l&rsquo;efficacit\u00e9 de l&rsquo;apr\u00e8s-vente"},"content":{"rendered":"\t\t<div data-elementor-type=\"wp-page\" data-elementor-id=\"13405\" class=\"elementor elementor-13405 elementor-13291\" data-elementor-post-type=\"page\">\n\t\t\t\t<div class=\"elementor-element elementor-element-c961d4d e-flex e-con-boxed e-con e-parent\" data-id=\"c961d4d\" data-element_type=\"container\" data-e-type=\"container\" data-settings=\"{&quot;background_background&quot;:&quot;classic&quot;}\">\n\t\t\t\t\t<div class=\"e-con-inner\">\n\t\t<div class=\"elementor-element elementor-element-3d4c4d5 e-con-full e-flex e-con e-child\" data-id=\"3d4c4d5\" data-element_type=\"container\" data-e-type=\"container\">\n\t\t\t\t<div class=\"elementor-element elementor-element-99f189d elementor-widget elementor-widget-heading\" data-id=\"99f189d\" data-element_type=\"widget\" data-e-type=\"widget\" data-widget_type=\"heading.default\">\n\t\t\t\t<div class=\"elementor-widget-container\">\n\t\t\t\t\t<h1 class=\"elementor-heading-title elementor-size-default\">Accro\u00eetre l'efficacit\u00e9 de l'apr\u00e8s-vente<\/h1>\t\t\t\t<\/div>\n\t\t\t\t<\/div>\n\t\t\t\t<div class=\"elementor-element elementor-element-6a44000 elementor-widget elementor-widget-text-editor\" data-id=\"6a44000\" data-element_type=\"widget\" data-e-type=\"widget\" data-widget_type=\"text-editor.default\">\n\t\t\t\t<div class=\"elementor-widget-container\">\n\t\t\t\t\t\t\t\t\t<div class=\"wp-block-group is-content-justification-left is-layout-constrained wp-container-core-group-is-layout-2 wp-block-group-is-layout-constrained\">\n<p class=\"has-v-8-gray-color has-text-color has-link-color wp-elements-101e5bad1ef9ba6f659675d051178bd3\">Les avantages des syst\u00e8mes num\u00e9riques en libre-service dans les concessions automobiles.<\/p>\n<\/div>\n\t\t\t\t\t\t\t\t<\/div>\n\t\t\t\t<\/div>\n\t\t\t\t<\/div>\n\t\t<div class=\"elementor-element elementor-element-0edd80c e-con-full elementor-hidden-mobile e-flex e-con e-child\" data-id=\"0edd80c\" data-element_type=\"container\" data-e-type=\"container\">\n\t\t\t\t<\/div>\n\t\t\t\t\t<\/div>\n\t\t\t\t<\/div>\n\t\t<div class=\"elementor-element elementor-element-297c897 e-flex e-con-boxed e-con e-parent\" data-id=\"297c897\" data-element_type=\"container\" data-e-type=\"container\">\n\t\t\t\t\t<div class=\"e-con-inner\">\n\t\t\t\t<div class=\"elementor-element elementor-element-0b2badb elementor-widget elementor-widget-spacer\" data-id=\"0b2badb\" data-element_type=\"widget\" data-e-type=\"widget\" data-widget_type=\"spacer.default\">\n\t\t\t\t<div class=\"elementor-widget-container\">\n\t\t\t\t\t\t\t<div class=\"elementor-spacer\">\n\t\t\t<div class=\"elementor-spacer-inner\"><\/div>\n\t\t<\/div>\n\t\t\t\t\t\t<\/div>\n\t\t\t\t<\/div>\n\t\t\t\t\t<\/div>\n\t\t\t\t<\/div>\n\t\t<div class=\"elementor-element elementor-element-622408a elementor-hidden-widescreen elementor-hidden-desktop elementor-hidden-laptop elementor-hidden-tablet_extra elementor-hidden-tablet elementor-hidden-mobile_extra e-flex e-con-boxed e-con e-parent\" data-id=\"622408a\" data-element_type=\"container\" data-e-type=\"container\" data-settings=\"{&quot;background_background&quot;:&quot;classic&quot;}\">\n\t\t\t\t\t<div class=\"e-con-inner\">\n\t\t\t\t<div class=\"elementor-element elementor-element-c2334ec elementor-hidden-desktop elementor-hidden-tablet elementor-widget elementor-widget-image\" data-id=\"c2334ec\" data-element_type=\"widget\" data-e-type=\"widget\" data-widget_type=\"image.default\">\n\t\t\t\t<div class=\"elementor-widget-container\">\n\t\t\t\t\t\t\t\t\t\t\t\t\t\t\t<img fetchpriority=\"high\" decoding=\"async\" width=\"647\" height=\"798\" src=\"https:\/\/tjekvik.com\/wp-content\/uploads\/2025\/02\/tj.png\" class=\"attachment-full size-full wp-image-13246\" alt=\"Tjekvik-DE-whitepaper\" srcset=\"https:\/\/tjekvik.com\/wp-content\/uploads\/2025\/02\/tj.png 647w, https:\/\/tjekvik.com\/wp-content\/uploads\/2025\/02\/tj-243x300.png 243w\" sizes=\"(max-width: 647px) 100vw, 647px\" title=\"tj | Tjekvik\" \/>\t\t\t\t\t\t\t\t\t\t\t\t\t\t\t<\/div>\n\t\t\t\t<\/div>\n\t\t\t\t\t<\/div>\n\t\t\t\t<\/div>\n\t\t<div class=\"elementor-element elementor-element-e36675a e-flex e-con-boxed e-con e-parent\" data-id=\"e36675a\" data-element_type=\"container\" data-e-type=\"container\">\n\t\t\t\t\t<div class=\"e-con-inner\">\n\t\t<div class=\"elementor-element elementor-element-3f88bca e-con-full e-flex e-con e-child\" data-id=\"3f88bca\" data-element_type=\"container\" data-e-type=\"container\">\n\t\t\t\t<div class=\"elementor-element elementor-element-d2b7df2 elementor-widget elementor-widget-heading\" data-id=\"d2b7df2\" data-element_type=\"widget\" data-e-type=\"widget\" data-widget_type=\"heading.default\">\n\t\t\t\t<div class=\"elementor-widget-container\">\n\t\t\t\t\t<h2 class=\"elementor-heading-title elementor-size-default\">Accro\u00eetre l'efficacit\u00e9 de l'apr\u00e8s-vente<\/h2>\t\t\t\t<\/div>\n\t\t\t\t<\/div>\n\t\t\t\t<div class=\"elementor-element elementor-element-d62de34 elementor-widget elementor-widget-text-editor\" data-id=\"d62de34\" data-element_type=\"widget\" data-e-type=\"widget\" data-widget_type=\"text-editor.default\">\n\t\t\t\t<div class=\"elementor-widget-container\">\n\t\t\t\t\t\t\t\t\t<p><span style=\"background-color: inherit; text-align: var(--text-align);\">Il est essentiel de trouver le bon \u00e9quilibre entre la vente incitative num\u00e9rique et la vente incitative en personne pour stimuler l&rsquo;engagement des clients.<\/span><\/p>\n<p><span style=\"background-color: inherit; color: var( --e-global-color-text ); font-family: var( --e-global-typography-text-font-family ), Sans-serif; font-weight: var( --e-global-typography-text-font-weight ); text-align: var(--text-align); font-size: 1rem;\">Dans ce livre blanc, apprenez comment :<\/span><\/p>\n<ul>\n<li>Am\u00e9liorez l&rsquo;efficacit\u00e9 des services apr\u00e8s-vente gr\u00e2ce \u00e0 des syst\u00e8mes en libre-service ;<\/li>\n<li>Am\u00e9liorer la capacit\u00e9 de service et soutenir la vente de v\u00e9hicules \u00e9lectriques ;<\/li>\n<\/ul>\n<p>D\u00e9couvrez \u00e9galement l&rsquo;int\u00e9gration r\u00e9ussie par Dynamic Motors des terminaux libre-service Tjekvik pour les clients de BMW et Mini.<\/p>\n<p><i>* Livre blanc publi\u00e9 en allemand<\/i><\/p>\t\t\t\t\t\t\t\t<\/div>\n\t\t\t\t<\/div>\n\t\t\t\t<\/div>\n\t\t\t\t<div class=\"elementor-element elementor-element-2ac7bbb elementor-widget elementor-widget-spacer\" data-id=\"2ac7bbb\" data-element_type=\"widget\" data-e-type=\"widget\" data-widget_type=\"spacer.default\">\n\t\t\t\t<div class=\"elementor-widget-container\">\n\t\t\t\t\t\t\t<div class=\"elementor-spacer\">\n\t\t\t<div class=\"elementor-spacer-inner\"><\/div>\n\t\t<\/div>\n\t\t\t\t\t\t<\/div>\n\t\t\t\t<\/div>\n\t\t<div class=\"elementor-element elementor-element-efc9f46 e-con-full e-flex e-con e-child\" data-id=\"efc9f46\" data-element_type=\"container\" data-e-type=\"container\">\n\t\t\t\t<div class=\"elementor-element elementor-element-6ed0ddb elementor-widget elementor-widget-text-editor\" data-id=\"6ed0ddb\" data-element_type=\"widget\" data-e-type=\"widget\" data-widget_type=\"text-editor.default\">\n\t\t\t\t<div class=\"elementor-widget-container\">\n\t\t\t\t\t\t\t\t\t<p><strong>T\u00e9l\u00e9chargez le livre blanc<\/strong><\/p>\n\t\t\t\t\t\t\t\t<\/div>\n\t\t\t\t<\/div>\n\t\t\t\t<div class=\"elementor-element elementor-element-662515a elementor-widget elementor-widget-html\" data-id=\"662515a\" data-element_type=\"widget\" data-e-type=\"widget\" data-widget_type=\"html.default\">\n\t\t\t\t<div class=\"elementor-widget-container\">\n\t\t\t\t\t<script charset=\"utf-8\" type=\"text\/javascript\" src=\"\/\/js-eu1.hsforms.net\/forms\/embed\/v2.js\"><\/script><script>hbspt.forms.create({\n    portalId: \"26682254\",\n    formId: \"87ffba21-c30b-4001-a7ef-e45b1786b04b\",\n    region: \"eu1\"\n  });\n<\/script>\t\t\t\t<\/div>\n\t\t\t\t<\/div>\n\t\t\t\t<\/div>\n\t\t\t\t\t<\/div>\n\t\t\t\t<\/div>\n\t\t\t\t<\/div>\n\t\t","protected":false},"excerpt":{"rendered":"<p>Lisez les t\u00e9moignages de nos clients et d\u00e9couvrez comment des centaines d\u2019organisations ont renforc\u00e9 leur efficacit\u00e9 et leur rentabilit\u00e9 gr\u00e2ce \u00e0 la technologie de libre-service intelligente de Tjekvik.<\/p>\n","protected":false},"author":29,"featured_media":3441,"parent":0,"menu_order":0,"comment_status":"closed","ping_status":"closed","template":"","meta":{"_acf_changed":false,"footnotes":""},"class_list":["post-13405","page","type-page","status-publish","has-post-thumbnail","hentry"],"acf":[],"aioseo_notices":[],"_links":{"self":[{"href":"https:\/\/tjekvik.com\/fr\/wp-json\/wp\/v2\/pages\/13405","targetHints":{"allow":["GET"]}}],"collection":[{"href":"https:\/\/tjekvik.com\/fr\/wp-json\/wp\/v2\/pages"}],"about":[{"href":"https:\/\/tjekvik.com\/fr\/wp-json\/wp\/v2\/types\/page"}],"author":[{"embeddable":true,"href":"https:\/\/tjekvik.com\/fr\/wp-json\/wp\/v2\/users\/29"}],"replies":[{"embeddable":true,"href":"https:\/\/tjekvik.com\/fr\/wp-json\/wp\/v2\/comments?post=13405"}],"version-history":[{"count":9,"href":"https:\/\/tjekvik.com\/fr\/wp-json\/wp\/v2\/pages\/13405\/revisions"}],"predecessor-version":[{"id":13807,"href":"https:\/\/tjekvik.com\/fr\/wp-json\/wp\/v2\/pages\/13405\/revisions\/13807"}],"wp:featuredmedia":[{"embeddable":true,"href":"https:\/\/tjekvik.com\/fr\/wp-json\/wp\/v2\/media\/3441"}],"wp:attachment":[{"href":"https:\/\/tjekvik.com\/fr\/wp-json\/wp\/v2\/media?parent=13405"}],"curies":[{"name":"wp","href":"https:\/\/api.w.org\/{rel}","templated":true}]}}