{"id":22850,"date":"2025-12-15T12:57:24","date_gmt":"2025-12-15T12:57:24","guid":{"rendered":"https:\/\/tjekvik.com\/?page_id=22850"},"modified":"2025-12-17T12:02:00","modified_gmt":"2025-12-17T12:02:00","slug":"livre-blanc-optimiser-la-fidelisation-client-en-ameliorant-lexperience-apres-vente","status":"publish","type":"page","link":"https:\/\/tjekvik.com\/fr\/livres-blancs\/livre-blanc-optimiser-la-fidelisation-client-en-ameliorant-lexperience-apres-vente\/","title":{"rendered":"Livre blanc &#8211; Optimiser la fid\u00e9lisation client en am\u00e9liorant l\u2019exp\u00e9rience apr\u00e8s-vente"},"content":{"rendered":"\t\t<div data-elementor-type=\"wp-page\" data-elementor-id=\"22850\" class=\"elementor elementor-22850 elementor-22809\" data-elementor-post-type=\"page\">\n\t\t\t\t<div class=\"elementor-element elementor-element-c961d4d e-flex e-con-boxed e-con e-parent\" data-id=\"c961d4d\" data-element_type=\"container\" data-e-type=\"container\" data-settings=\"{&quot;background_background&quot;:&quot;classic&quot;}\">\n\t\t\t\t\t<div class=\"e-con-inner\">\n\t\t<div class=\"elementor-element elementor-element-3d4c4d5 e-con-full e-flex e-con e-child\" data-id=\"3d4c4d5\" data-element_type=\"container\" data-e-type=\"container\">\n\t\t\t\t<div class=\"elementor-element elementor-element-99f189d elementor-widget elementor-widget-heading\" data-id=\"99f189d\" data-element_type=\"widget\" data-e-type=\"widget\" data-widget_type=\"heading.default\">\n\t\t\t\t<div class=\"elementor-widget-container\">\n\t\t\t\t\t<h1 class=\"elementor-heading-title elementor-size-default\">Optimiser la fid\u00e9lisation client dans l'apr\u00e8s-vente<\/h1>\t\t\t\t<\/div>\n\t\t\t\t<\/div>\n\t\t\t\t<div class=\"elementor-element elementor-element-6a44000 elementor-widget elementor-widget-text-editor\" data-id=\"6a44000\" data-element_type=\"widget\" data-e-type=\"widget\" data-widget_type=\"text-editor.default\">\n\t\t\t\t<div class=\"elementor-widget-container\">\n\t\t\t\t\t\t\t\t\t<div class=\"wp-block-group is-content-justification-left is-layout-constrained wp-container-core-group-is-layout-2 wp-block-group-is-layout-constrained\"><p class=\"has-v-8-gray-color has-text-color has-link-color wp-elements-101e5bad1ef9ba6f659675d051178bd3\">Le r\u00f4le du libre-service dans la fid\u00e9lisation des clients apr\u00e8s-vente.<\/p><\/div>\t\t\t\t\t\t\t\t<\/div>\n\t\t\t\t<\/div>\n\t\t\t\t<\/div>\n\t\t\t\t\t<\/div>\n\t\t\t\t<\/div>\n\t\t<div class=\"elementor-element elementor-element-297c897 e-flex e-con-boxed e-con e-parent\" data-id=\"297c897\" data-element_type=\"container\" data-e-type=\"container\">\n\t\t\t\t\t<div class=\"e-con-inner\">\n\t\t\t\t<div class=\"elementor-element elementor-element-0b2badb elementor-widget elementor-widget-spacer\" data-id=\"0b2badb\" data-element_type=\"widget\" data-e-type=\"widget\" data-widget_type=\"spacer.default\">\n\t\t\t\t<div class=\"elementor-widget-container\">\n\t\t\t\t\t\t\t<div class=\"elementor-spacer\">\n\t\t\t<div class=\"elementor-spacer-inner\"><\/div>\n\t\t<\/div>\n\t\t\t\t\t\t<\/div>\n\t\t\t\t<\/div>\n\t\t\t\t\t<\/div>\n\t\t\t\t<\/div>\n\t\t<div class=\"elementor-element elementor-element-622408a elementor-hidden-widescreen elementor-hidden-desktop elementor-hidden-laptop elementor-hidden-tablet_extra elementor-hidden-tablet elementor-hidden-mobile_extra e-flex e-con-boxed e-con e-parent\" data-id=\"622408a\" data-element_type=\"container\" data-e-type=\"container\" data-settings=\"{&quot;background_background&quot;:&quot;classic&quot;}\">\n\t\t\t\t\t<div class=\"e-con-inner\">\n\t\t\t\t<div class=\"elementor-element elementor-element-c2334ec elementor-hidden-desktop elementor-hidden-tablet elementor-widget elementor-widget-image\" data-id=\"c2334ec\" data-element_type=\"widget\" data-e-type=\"widget\" data-widget_type=\"image.default\">\n\t\t\t\t<div class=\"elementor-widget-container\">\n\t\t\t\t\t\t\t\t\t\t\t\t\t\t\t<img fetchpriority=\"high\" decoding=\"async\" width=\"648\" height=\"824\" src=\"https:\/\/tjekvik.com\/wp-content\/uploads\/2025\/12\/Sales-Customer-Success-Marketing-Hub-TJEK-Ameliorer-lexperience-apres-vente-pdf-All-Documents-12-17-2025_12_05_PM.png\" class=\"attachment-full size-full wp-image-23057\" alt=\"French Whitpaper\" srcset=\"https:\/\/tjekvik.com\/wp-content\/uploads\/2025\/12\/Sales-Customer-Success-Marketing-Hub-TJEK-Ameliorer-lexperience-apres-vente-pdf-All-Documents-12-17-2025_12_05_PM.png 648w, https:\/\/tjekvik.com\/wp-content\/uploads\/2025\/12\/Sales-Customer-Success-Marketing-Hub-TJEK-Ameliorer-lexperience-apres-vente-pdf-All-Documents-12-17-2025_12_05_PM-236x300.png 236w\" sizes=\"(max-width: 648px) 100vw, 648px\" title=\"Sales-Customer-Success-Marketing-Hub-TJEK-Ame\u0301liorer-lexpe\u0301rience-apre\u0300s-vente-pdf-All-Documents-12-17-2025_12_05_PM | Tjekvik\" \/>\t\t\t\t\t\t\t\t\t\t\t\t\t\t\t<\/div>\n\t\t\t\t<\/div>\n\t\t\t\t\t<\/div>\n\t\t\t\t<\/div>\n\t\t<div class=\"elementor-element elementor-element-e36675a e-flex e-con-boxed e-con e-parent\" data-id=\"e36675a\" data-element_type=\"container\" data-e-type=\"container\">\n\t\t\t\t\t<div class=\"e-con-inner\">\n\t\t<div class=\"elementor-element elementor-element-3f88bca e-con-full e-flex e-con e-child\" data-id=\"3f88bca\" data-element_type=\"container\" data-e-type=\"container\">\n\t\t\t\t<div class=\"elementor-element elementor-element-d2b7df2 elementor-widget elementor-widget-heading\" data-id=\"d2b7df2\" data-element_type=\"widget\" data-e-type=\"widget\" data-widget_type=\"heading.default\">\n\t\t\t\t<div class=\"elementor-widget-container\">\n\t\t\t\t\t<h2 class=\"elementor-heading-title elementor-size-default\">Optimiser la fid\u00e9lisation client dans l'apr\u00e8s-vente<\/h2>\t\t\t\t<\/div>\n\t\t\t\t<\/div>\n\t\t\t\t<div class=\"elementor-element elementor-element-d62de34 elementor-widget elementor-widget-text-editor\" data-id=\"d62de34\" data-element_type=\"widget\" data-e-type=\"widget\" data-widget_type=\"text-editor.default\">\n\t\t\t\t<div class=\"elementor-widget-container\">\n\t\t\t\t\t\t\t\t\t<p>Gr\u00e2ce \u00e0 des solutions num\u00e9riques qui optimisent les processus et enrichissent l\u2019exp\u00e9rience client, les concessionnaires peuvent augmenter leur rentabilit\u00e9 rapidement et efficacement.<\/p><p>Dans ce livre blanc, d\u00e9couvrez comment<\/p><ul><li>La num\u00e9risation des processus d&rsquo;apr\u00e8s-vente peut renforcer la fid\u00e9lit\u00e9 des clients.<\/li><li>Les solutions en libre-service permettent de r\u00e9duire les temps d&rsquo;attente et d&rsquo;am\u00e9liorer la flexibilit\u00e9.<\/li><li>La vente incitative personnalis\u00e9e permet d&rsquo;augmenter le chiffre d&rsquo;affaires du service apr\u00e8s-vente.<\/li><\/ul><p>En outre, d\u00e9couvrez comment Mercedes-Benz Groupe Kroely a int\u00e9gr\u00e9 avec succ\u00e8s la technologie de libre-service de Tjekvik pour am\u00e9liorer l&rsquo;efficacit\u00e9 op\u00e9rationnelle et \u00e9lever l&rsquo;exp\u00e9rience client.<\/p><p><i>* Livre blanc publi\u00e9 en fran\u00e7ais<\/i><\/p>\t\t\t\t\t\t\t\t<\/div>\n\t\t\t\t<\/div>\n\t\t\t\t<\/div>\n\t\t\t\t<div class=\"elementor-element elementor-element-2ac7bbb elementor-widget elementor-widget-spacer\" data-id=\"2ac7bbb\" data-element_type=\"widget\" data-e-type=\"widget\" data-widget_type=\"spacer.default\">\n\t\t\t\t<div class=\"elementor-widget-container\">\n\t\t\t\t\t\t\t<div class=\"elementor-spacer\">\n\t\t\t<div class=\"elementor-spacer-inner\"><\/div>\n\t\t<\/div>\n\t\t\t\t\t\t<\/div>\n\t\t\t\t<\/div>\n\t\t<div class=\"elementor-element elementor-element-efc9f46 e-con-full e-flex e-con e-child\" data-id=\"efc9f46\" data-element_type=\"container\" data-e-type=\"container\">\n\t\t\t\t<div class=\"elementor-element elementor-element-6ed0ddb elementor-widget elementor-widget-text-editor\" data-id=\"6ed0ddb\" data-element_type=\"widget\" data-e-type=\"widget\" data-widget_type=\"text-editor.default\">\n\t\t\t\t<div class=\"elementor-widget-container\">\n\t\t\t\t\t\t\t\t\t<p><strong>T\u00e9l\u00e9chargez le livre blanc<\/strong><\/p>\t\t\t\t\t\t\t\t<\/div>\n\t\t\t\t<\/div>\n\t\t\t\t<div class=\"elementor-element elementor-element-662515a elementor-widget elementor-widget-html\" data-id=\"662515a\" data-element_type=\"widget\" data-e-type=\"widget\" data-widget_type=\"html.default\">\n\t\t\t\t<div class=\"elementor-widget-container\">\n\t\t\t\t\t<script charset=\"utf-8\" type=\"text\/javascript\" src=\"\/\/js-eu1.hsforms.net\/forms\/embed\/v2.js\"><\/script><script>hbspt.forms.create({\n    portalId: \"26682254\",\n    formId: \"e8c089d2-70f7-4eca-a62e-e3a0ff5ef3a4\",\n    region: \"eu1\"\n  });\n<\/script>\t\t\t\t<\/div>\n\t\t\t\t<\/div>\n\t\t\t\t<\/div>\n\t\t\t\t\t<\/div>\n\t\t\t\t<\/div>\n\t\t\t\t<\/div>\n\t\t","protected":false},"excerpt":{"rendered":"<p>Lisez les t\u00e9moignages de nos clients et d\u00e9couvrez comment des centaines d&rsquo;organisations ont augment\u00e9 leur efficacit\u00e9 et leur rentabilit\u00e9 gr\u00e2ce \u00e0 la technologie de self-service Tjekvik intelligence.<\/p>\n","protected":false},"author":33,"featured_media":3441,"parent":13419,"menu_order":0,"comment_status":"closed","ping_status":"closed","template":"","meta":{"_acf_changed":false,"footnotes":""},"class_list":["post-22850","page","type-page","status-publish","has-post-thumbnail","hentry"],"acf":[],"aioseo_notices":[],"_links":{"self":[{"href":"https:\/\/tjekvik.com\/fr\/wp-json\/wp\/v2\/pages\/22850","targetHints":{"allow":["GET"]}}],"collection":[{"href":"https:\/\/tjekvik.com\/fr\/wp-json\/wp\/v2\/pages"}],"about":[{"href":"https:\/\/tjekvik.com\/fr\/wp-json\/wp\/v2\/types\/page"}],"author":[{"embeddable":true,"href":"https:\/\/tjekvik.com\/fr\/wp-json\/wp\/v2\/users\/33"}],"replies":[{"embeddable":true,"href":"https:\/\/tjekvik.com\/fr\/wp-json\/wp\/v2\/comments?post=22850"}],"version-history":[{"count":9,"href":"https:\/\/tjekvik.com\/fr\/wp-json\/wp\/v2\/pages\/22850\/revisions"}],"predecessor-version":[{"id":23125,"href":"https:\/\/tjekvik.com\/fr\/wp-json\/wp\/v2\/pages\/22850\/revisions\/23125"}],"up":[{"embeddable":true,"href":"https:\/\/tjekvik.com\/fr\/wp-json\/wp\/v2\/pages\/13419"}],"wp:featuredmedia":[{"embeddable":true,"href":"https:\/\/tjekvik.com\/fr\/wp-json\/wp\/v2\/media\/3441"}],"wp:attachment":[{"href":"https:\/\/tjekvik.com\/fr\/wp-json\/wp\/v2\/media?parent=22850"}],"curies":[{"name":"wp","href":"https:\/\/api.w.org\/{rel}","templated":true}]}}