{"id":15228,"date":"2025-03-07T14:55:50","date_gmt":"2025-03-07T14:55:50","guid":{"rendered":"https:\/\/tjekvik.com\/storie-dei-clienti\/caso-di-studio-sui-motori-dinamici\/"},"modified":"2025-03-17T15:51:06","modified_gmt":"2025-03-17T15:51:06","slug":"caso-di-studio-sui-motori-dinamici","status":"publish","type":"page","link":"https:\/\/tjekvik.com\/it\/storie-dei-clienti\/caso-di-studio-sui-motori-dinamici\/","title":{"rendered":"Caso di studio sui motori dinamici"},"content":{"rendered":"\t\t<div data-elementor-type=\"wp-page\" data-elementor-id=\"15228\" class=\"elementor elementor-15228 elementor-14516\" data-elementor-post-type=\"page\">\n\t\t\t\t<div class=\"elementor-element elementor-element-62901e37 e-flex e-con-boxed e-con e-parent\" data-id=\"62901e37\" data-element_type=\"container\" data-e-type=\"container\" data-settings=\"{&quot;background_background&quot;:&quot;classic&quot;}\">\n\t\t\t\t\t<div class=\"e-con-inner\">\n\t\t<div class=\"elementor-element elementor-element-7feee963 e-con-full e-flex e-con e-child\" data-id=\"7feee963\" data-element_type=\"container\" data-e-type=\"container\">\n\t\t\t\t<div class=\"elementor-element elementor-element-b5b0997 elementor-widget elementor-widget-heading\" data-id=\"b5b0997\" data-element_type=\"widget\" data-e-type=\"widget\" data-widget_type=\"heading.default\">\n\t\t\t\t<div class=\"elementor-widget-container\">\n\t\t\t\t\t<h2 class=\"elementor-heading-title elementor-size-default\"><a href=\"https:\/\/www.bmw-dynamicmotors.pl\/\" target=\"_blank\">MOTORI DINAMICI BMW<\/a><\/h2>\t\t\t\t<\/div>\n\t\t\t\t<\/div>\n\t\t<div class=\"elementor-element elementor-element-6c878ffd e-con-full elementor-hidden-widescreen elementor-hidden-desktop elementor-hidden-laptop elementor-hidden-tablet_extra elementor-hidden-mobile_extra e-flex e-con e-child\" data-id=\"6c878ffd\" data-element_type=\"container\" data-e-type=\"container\">\n\t\t\t\t<div class=\"elementor-element elementor-element-27dd93c6 elementor-widget elementor-widget-image\" data-id=\"27dd93c6\" data-element_type=\"widget\" data-e-type=\"widget\" data-widget_type=\"image.default\">\n\t\t\t\t<div class=\"elementor-widget-container\">\n\t\t\t\t\t\t\t\t\t\t\t\t\t\t\t<img fetchpriority=\"high\" decoding=\"async\" width=\"587\" height=\"648\" src=\"https:\/\/tjekvik.com\/wp-content\/uploads\/2025\/03\/Dynamic-Motors-showroom.webp\" class=\"attachment-medium_large size-medium_large wp-image-14521\" alt=\"Dynamic Motors showroom\" srcset=\"https:\/\/tjekvik.com\/wp-content\/uploads\/2025\/03\/Dynamic-Motors-showroom.webp 587w, https:\/\/tjekvik.com\/wp-content\/uploads\/2025\/03\/Dynamic-Motors-showroom-272x300.webp 272w\" sizes=\"(max-width: 587px) 100vw, 587px\" title=\"Dynamic Motors showroom | Tjekvik\" \/>\t\t\t\t\t\t\t\t\t\t\t\t\t\t\t<\/div>\n\t\t\t\t<\/div>\n\t\t\t\t<\/div>\n\t\t\t\t<div class=\"elementor-element elementor-element-77b30190 elementor-widget elementor-widget-heading\" data-id=\"77b30190\" data-element_type=\"widget\" data-e-type=\"widget\" data-widget_type=\"heading.default\">\n\t\t\t\t<div class=\"elementor-widget-container\">\n\t\t\t\t\t<h1 class=\"elementor-heading-title elementor-size-default\">Dynamic Motors implementa i chioschi self-service digitali per i clienti BMW e Mini<\/h1>\t\t\t\t<\/div>\n\t\t\t\t<\/div>\n\t\t<div class=\"elementor-element elementor-element-4f4f81ed e-con-full e-flex e-con e-child\" data-id=\"4f4f81ed\" data-element_type=\"container\" data-e-type=\"container\">\n\t\t\t\t<div class=\"elementor-element elementor-element-efc306 elementor-widget elementor-widget-text-editor\" data-id=\"efc306\" data-element_type=\"widget\" data-e-type=\"widget\" data-widget_type=\"text-editor.default\">\n\t\t\t\t<div class=\"elementor-widget-container\">\n\t\t\t\t\t\t\t\t\t<p>31 maggio 2024<\/p>\n\t\t\t\t\t\t\t\t<\/div>\n\t\t\t\t<\/div>\n\t\t\t\t<\/div>\n\t\t\t\t<div class=\"elementor-element elementor-element-79494e92 elementor-widget elementor-widget-text-editor\" data-id=\"79494e92\" data-element_type=\"widget\" data-e-type=\"widget\" data-widget_type=\"text-editor.default\">\n\t\t\t\t<div class=\"elementor-widget-container\">\n\t\t\t\t\t\t\t\t\t<div class=\"row-fluid-wrapper row-depth-1 row-number-1 dnd_area-row-0-max-width-section-centering dnd_area-row-0-vertical-alignment dnd_area-row-0-background-layers dnd-section dnd_area-row-0-padding dnd_area-row-0-background-image\">\n<div class=\"row-fluid \">\n<div class=\"span12 widget-span widget-type-cell dnd-column dnd_area-column-1-vertical-alignment\" data-widget-type=\"cell\" data-x=\"0\" data-w=\"12\">\n<div class=\"row-fluid-wrapper row-depth-1 row-number-3 dnd_area-column-1-row-1-vertical-alignment dnd-row\">\n<div class=\"row-fluid \">\n<div class=\"span6 widget-span widget-type-cell dnd_area-column-4-vertical-alignment dnd-column\" data-widget-type=\"cell\" data-x=\"6\" data-w=\"6\">\n<div class=\"row-fluid-wrapper row-depth-1 row-number-4 dnd_area-column-4-row-0-padding dnd-row\">\n<div class=\"row-fluid \">\n<div class=\"span12 widget-span widget-type-custom_widget dnd-module\" data-widget-type=\"custom_widget\" data-x=\"0\" data-w=\"12\">\n<div id=\"hs_cos_wrapper_dnd_area-module-5\" class=\"hs_cos_wrapper hs_cos_wrapper_widget hs_cos_wrapper_type_module widget-type-rich_text widget-type-rich_text\" data-hs-cos-general-type=\"widget\" data-hs-cos-type=\"module\">\n<p>Dynamic Motors, fornitore leader di servizi automobilistici per BMW e Mini in Polonia, ha integrato con successo i chioschi digitali self-service di Tjekvik per migliorare l&#8217;esperienza dei clienti, migliorare l&#8217;efficienza operativa e generare ulteriori flussi di entrate.<\/p>\n<\/div>\n<\/div>\n<\/div>\n<\/div>\n<\/div>\n<\/div>\n<\/div>\n<\/div>\n<\/div>\n<\/div>\n\t\t\t\t\t\t\t\t<\/div>\n\t\t\t\t<\/div>\n\t\t\t\t<\/div>\n\t\t<div class=\"elementor-element elementor-element-718b21c1 e-con-full elementor-hidden-tablet elementor-hidden-mobile e-flex e-con e-child\" data-id=\"718b21c1\" data-element_type=\"container\" data-e-type=\"container\">\n\t\t\t\t<div class=\"elementor-element elementor-element-65bf918b elementor-widget elementor-widget-image\" data-id=\"65bf918b\" data-element_type=\"widget\" data-e-type=\"widget\" data-widget_type=\"image.default\">\n\t\t\t\t<div class=\"elementor-widget-container\">\n\t\t\t\t\t\t\t\t\t\t\t\t\t\t\t<img fetchpriority=\"high\" decoding=\"async\" width=\"587\" height=\"648\" src=\"https:\/\/tjekvik.com\/wp-content\/uploads\/2025\/03\/Dynamic-Motors-showroom.webp\" class=\"attachment-medium_large size-medium_large wp-image-14521\" alt=\"Dynamic Motors showroom\" srcset=\"https:\/\/tjekvik.com\/wp-content\/uploads\/2025\/03\/Dynamic-Motors-showroom.webp 587w, https:\/\/tjekvik.com\/wp-content\/uploads\/2025\/03\/Dynamic-Motors-showroom-272x300.webp 272w\" sizes=\"(max-width: 587px) 100vw, 587px\" title=\"Dynamic Motors showroom | Tjekvik\" \/>\t\t\t\t\t\t\t\t\t\t\t\t\t\t\t<\/div>\n\t\t\t\t<\/div>\n\t\t\t\t<\/div>\n\t\t\t\t\t<\/div>\n\t\t\t\t<\/div>\n\t\t<div class=\"elementor-element elementor-element-4d08c63c e-flex e-con-boxed e-con e-parent\" data-id=\"4d08c63c\" data-element_type=\"container\" data-e-type=\"container\">\n\t\t\t\t\t<div class=\"e-con-inner\">\n\t\t<div class=\"elementor-element elementor-element-7de7949f e-con-full e-flex e-con e-child\" data-id=\"7de7949f\" data-element_type=\"container\" data-e-type=\"container\">\n\t\t\t\t<div class=\"elementor-element elementor-element-33f697b3 elementor-widget elementor-widget-image\" data-id=\"33f697b3\" data-element_type=\"widget\" data-e-type=\"widget\" data-widget_type=\"image.default\">\n\t\t\t\t<div class=\"elementor-widget-container\">\n\t\t\t\t\t\t\t\t\t\t\t\t\t\t\t<img decoding=\"async\" width=\"292\" height=\"360\" src=\"https:\/\/tjekvik.com\/wp-content\/uploads\/2025\/03\/Dynamic-Motors-Tjekvik-kiosk.webp\" class=\"attachment-medium_large size-medium_large wp-image-14527\" alt=\"Dynamic Motors Tjekvik kiosk\" srcset=\"https:\/\/tjekvik.com\/wp-content\/uploads\/2025\/03\/Dynamic-Motors-Tjekvik-kiosk.webp 292w, https:\/\/tjekvik.com\/wp-content\/uploads\/2025\/03\/Dynamic-Motors-Tjekvik-kiosk-243x300.webp 243w\" sizes=\"(max-width: 292px) 100vw, 292px\" title=\"Dynamic Motors Tjekvik kiosk | Tjekvik\" \/>\t\t\t\t\t\t\t\t\t\t\t\t\t\t\t<\/div>\n\t\t\t\t<\/div>\n\t\t\t\t<\/div>\n\t\t<div class=\"elementor-element elementor-element-121507fc e-con-full e-flex e-con e-child\" data-id=\"121507fc\" data-element_type=\"container\" data-e-type=\"container\">\n\t\t\t\t<div class=\"elementor-element elementor-element-d26e29b elementor-widget elementor-widget-heading\" data-id=\"d26e29b\" data-element_type=\"widget\" data-e-type=\"widget\" data-widget_type=\"heading.default\">\n\t\t\t\t<div class=\"elementor-widget-container\">\n\t\t\t\t\t<h2 class=\"elementor-heading-title elementor-size-default\">La sfida: Adattarsi alla crescente digitalizzazione e alle pressioni pandemiche<\/h2>\t\t\t\t<\/div>\n\t\t\t\t<\/div>\n\t\t\t\t<div class=\"elementor-element elementor-element-403204ff elementor-widget elementor-widget-text-editor\" data-id=\"403204ff\" data-element_type=\"widget\" data-e-type=\"widget\" data-widget_type=\"text-editor.default\">\n\t\t\t\t<div class=\"elementor-widget-container\">\n\t\t\t\t\t\t\t\t\t<div class=\"span6 widget-span widget-type-custom_widget dnd_area-module-8-vertical-alignment dnd-module\" data-widget-type=\"custom_widget\" data-x=\"0\" data-w=\"6\">\n<div id=\"hs_cos_wrapper_dnd_area-module-8\" class=\"hs_cos_wrapper hs_cos_wrapper_widget hs_cos_wrapper_type_module widget-type-rich_text widget-type-rich_text\" data-hs-cos-general-type=\"widget\" data-hs-cos-type=\"module\">\n<p>Con l&#8217;inizio della pandemia, Dynamic Motors ha dovuto affrontare la sfida di mantenere un servizio di alta qualit\u00e0 riducendo al minimo le interazioni faccia a faccia. L&#8217;azienda ha riconosciuto la necessit\u00e0 di accelerare la trasformazione digitale per soddisfare queste esigenze e allinearsi alla sua politica di assistenza proattiva. Questa politica pone l&#8217;accento sui servizi digitali come la programmazione online degli appuntamenti, la consegna dei veicoli senza contatto, le app MyBMW e MyMINI per la comunicazione, gli aggiornamenti video CitNOW sulle condizioni del veicolo e i pagamenti online.  <\/p>\n<\/div>\n<\/div>\n\t\t\t\t\t\t\t\t<\/div>\n\t\t\t\t<\/div>\n\t\t\t\t<\/div>\n\t\t\t\t\t<\/div>\n\t\t\t\t<\/div>\n\t\t<div class=\"elementor-element elementor-element-6efa09e5 e-flex e-con-boxed e-con e-parent\" data-id=\"6efa09e5\" data-element_type=\"container\" data-e-type=\"container\" data-settings=\"{&quot;background_background&quot;:&quot;classic&quot;}\">\n\t\t\t\t\t<div class=\"e-con-inner\">\n\t\t<div class=\"elementor-element elementor-element-5e1810d2 e-con-full e-flex e-con e-child\" data-id=\"5e1810d2\" data-element_type=\"container\" data-e-type=\"container\">\n\t\t\t\t<div class=\"elementor-element elementor-element-ca81f01 elementor-hidden-widescreen elementor-hidden-desktop elementor-hidden-laptop elementor-hidden-tablet_extra elementor-hidden-mobile_extra elementor-widget elementor-widget-image\" data-id=\"ca81f01\" data-element_type=\"widget\" data-e-type=\"widget\" data-widget_type=\"image.default\">\n\t\t\t\t<div class=\"elementor-widget-container\">\n\t\t\t\t\t\t\t\t\t\t\t\t\t\t\t<img decoding=\"async\" width=\"800\" height=\"343\" src=\"https:\/\/tjekvik.com\/wp-content\/uploads\/2025\/03\/Dynamic-Motors-showroom-2.webp\" class=\"attachment-large size-large wp-image-14533\" alt=\"\" srcset=\"https:\/\/tjekvik.com\/wp-content\/uploads\/2025\/03\/Dynamic-Motors-showroom-2.webp 967w, https:\/\/tjekvik.com\/wp-content\/uploads\/2025\/03\/Dynamic-Motors-showroom-2-300x129.webp 300w, https:\/\/tjekvik.com\/wp-content\/uploads\/2025\/03\/Dynamic-Motors-showroom-2-768x330.webp 768w\" sizes=\"(max-width: 800px) 100vw, 800px\" title=\"Dynamic Motors showroom 2 | Tjekvik\" \/>\t\t\t\t\t\t\t\t\t\t\t\t\t\t\t<\/div>\n\t\t\t\t<\/div>\n\t\t\t\t<div class=\"elementor-element elementor-element-7f4a7fdb elementor-widget elementor-widget-heading\" data-id=\"7f4a7fdb\" data-element_type=\"widget\" data-e-type=\"widget\" data-widget_type=\"heading.default\">\n\t\t\t\t<div class=\"elementor-widget-container\">\n\t\t\t\t\t<h2 class=\"elementor-heading-title elementor-size-default\">La soluzione: L'impiego dei chioschi self-service di Tjekvik<\/h2>\t\t\t\t<\/div>\n\t\t\t\t<\/div>\n\t\t\t\t<div class=\"elementor-element elementor-element-22602e38 elementor-widget elementor-widget-text-editor\" data-id=\"22602e38\" data-element_type=\"widget\" data-e-type=\"widget\" data-widget_type=\"text-editor.default\">\n\t\t\t\t<div class=\"elementor-widget-container\">\n\t\t\t\t\t\t\t\t\t<div class=\"row-fluid-wrapper row-depth-1 row-number-7 dnd_area-row-2-background-layers dnd_area-row-2-padding dnd_area-row-2-background-color dnd_area-row-2-max-width-section-centering dnd-section dnd_area-row-2-vertical-alignment\">\n<div class=\"row-fluid \">\n<div class=\"span12 widget-span widget-type-cell dnd_area-column-10-vertical-alignment dnd-column\" data-widget-type=\"cell\" data-x=\"0\" data-w=\"12\">\n<div class=\"row-fluid-wrapper row-depth-1 row-number-8 dnd_area-column-10-row-0-vertical-alignment dnd-row\">\n<div class=\"row-fluid \">\n<div class=\"span12 widget-span widget-type-custom_widget dnd_area-module-12-vertical-alignment dnd-module\" data-widget-type=\"custom_widget\" data-x=\"0\" data-w=\"12\">\n<div id=\"hs_cos_wrapper_dnd_area-module-12\" class=\"hs_cos_wrapper hs_cos_wrapper_widget hs_cos_wrapper_type_module widget-type-rich_text widget-type-rich_text\" data-hs-cos-general-type=\"widget\" data-hs-cos-type=\"module\">\n<p>Nel 2021, sotto la guida di Krzysztof Ejdowski, Branch Managing Director, Dynamic Motors ha lanciato un programma pilota a Toru\u0144, implementando i chioschi self-service intelligenti di Tjekvik. In seguito al successo di questo progetto pilota, l&#8217;iniziativa \u00e8 stata estesa ad altre due sedi, con l&#8217;intenzione di implementare un totale di quattro sedi, tra cui una nuova sede che aprir\u00e0 nel secondo\/terzo trimestre del 2024. <\/p>\n<p>Dynamic Motors gestisce attualmente sei chioschi nelle sue sedi, di cui tre interni e tre esterni. Questi chioschi consentono ai clienti di effettuare il check-in e il check-out dei propri veicoli in modo rapido ed efficiente, sia in loco che da remoto tramite i propri dispositivi. <\/p>\n<\/div>\n<\/div>\n<\/div>\n<\/div>\n<\/div>\n<\/div>\n<\/div>\n\t\t\t\t\t\t\t\t<\/div>\n\t\t\t\t<\/div>\n\t\t\t\t<div class=\"elementor-element elementor-element-edf6f31 elementor-hidden-tablet elementor-hidden-mobile elementor-widget elementor-widget-image\" data-id=\"edf6f31\" data-element_type=\"widget\" data-e-type=\"widget\" data-widget_type=\"image.default\">\n\t\t\t\t<div class=\"elementor-widget-container\">\n\t\t\t\t\t\t\t\t\t\t\t\t\t\t\t<img decoding=\"async\" width=\"800\" height=\"343\" src=\"https:\/\/tjekvik.com\/wp-content\/uploads\/2025\/03\/Dynamic-Motors-showroom-2.webp\" class=\"attachment-large size-large wp-image-14533\" alt=\"\" srcset=\"https:\/\/tjekvik.com\/wp-content\/uploads\/2025\/03\/Dynamic-Motors-showroom-2.webp 967w, https:\/\/tjekvik.com\/wp-content\/uploads\/2025\/03\/Dynamic-Motors-showroom-2-300x129.webp 300w, https:\/\/tjekvik.com\/wp-content\/uploads\/2025\/03\/Dynamic-Motors-showroom-2-768x330.webp 768w\" sizes=\"(max-width: 800px) 100vw, 800px\" title=\"Dynamic Motors showroom 2 | Tjekvik\" \/>\t\t\t\t\t\t\t\t\t\t\t\t\t\t\t<\/div>\n\t\t\t\t<\/div>\n\t\t\t\t<\/div>\n\t\t\t\t\t<\/div>\n\t\t\t\t<\/div>\n\t\t<div class=\"elementor-element elementor-element-22be5fd e-flex e-con-boxed e-con e-parent\" data-id=\"22be5fd\" data-element_type=\"container\" data-e-type=\"container\">\n\t\t\t\t\t<div class=\"e-con-inner\">\n\t\t\t\t<div class=\"elementor-element elementor-element-85fcab4 elementor-widget elementor-widget-heading\" data-id=\"85fcab4\" data-element_type=\"widget\" data-e-type=\"widget\" data-widget_type=\"heading.default\">\n\t\t\t\t<div class=\"elementor-widget-container\">\n\t\t\t\t\t<h2 class=\"elementor-heading-title elementor-size-default\">Implementazione, indicatori di prestazione chiave e feedback dei clienti<\/h2>\t\t\t\t<\/div>\n\t\t\t\t<\/div>\n\t\t\t\t\t<\/div>\n\t\t\t\t<\/div>\n\t\t<div class=\"elementor-element elementor-element-8387b2b e-grid e-con-boxed e-con e-parent\" data-id=\"8387b2b\" data-element_type=\"container\" data-e-type=\"container\">\n\t\t\t\t\t<div class=\"e-con-inner\">\n\t\t\t\t<div class=\"elementor-element elementor-element-35f4fc2 elementor-widget elementor-widget-image\" data-id=\"35f4fc2\" data-element_type=\"widget\" data-e-type=\"widget\" data-widget_type=\"image.default\">\n\t\t\t\t<div class=\"elementor-widget-container\">\n\t\t\t\t\t\t\t\t\t\t\t\t\t\t\t<img loading=\"lazy\" decoding=\"async\" width=\"683\" height=\"1024\" src=\"https:\/\/tjekvik.com\/wp-content\/uploads\/2025\/03\/Tjekvik-terminal-1-683x1024.webp\" class=\"attachment-large size-large wp-image-14551\" alt=\"\" srcset=\"https:\/\/tjekvik.com\/wp-content\/uploads\/2025\/03\/Tjekvik-terminal-1-683x1024.webp 683w, https:\/\/tjekvik.com\/wp-content\/uploads\/2025\/03\/Tjekvik-terminal-1-200x300.webp 200w, https:\/\/tjekvik.com\/wp-content\/uploads\/2025\/03\/Tjekvik-terminal-1-768x1152.webp 768w, https:\/\/tjekvik.com\/wp-content\/uploads\/2025\/03\/Tjekvik-terminal-1-1024x1536.webp 1024w, https:\/\/tjekvik.com\/wp-content\/uploads\/2025\/03\/Tjekvik-terminal-1.webp 1333w\" sizes=\"(max-width: 683px) 100vw, 683px\" title=\"Tjekvik terminal | Tjekvik\" \/>\t\t\t\t\t\t\t\t\t\t\t\t\t\t\t<\/div>\n\t\t\t\t<\/div>\n\t\t\t\t<div class=\"elementor-element elementor-element-cb9706a elementor-widget elementor-widget-text-editor\" data-id=\"cb9706a\" data-element_type=\"widget\" data-e-type=\"widget\" data-widget_type=\"text-editor.default\">\n\t\t\t\t<div class=\"elementor-widget-container\">\n\t\t\t\t\t\t\t\t\t<p>Il lancio dei chioschi self-service \u00e8 avvenuto senza problemi, nonostante alcune sfide logistiche poste dalla pandemia. Inizialmente, l&#8217;azienda ha introdotto chioschi interni, seguiti da chioschi esterni pi\u00f9 avanzati, dotati di armadietti con chiavi sicure e grandi schermi touch screen. Questo progresso tecnologico ha migliorato costantemente l&#8217;efficienza del processo di check-in e check-out.  <\/p>\n<p>I chioschi self-service sono stati ben accolti, con oltre l&#8217;80% dei clienti che hanno dato un feedback positivo. Marek Sojecki, Direttore dell&#8217;Aftersales di Dynamic Motors, osserva che i chioschi hanno semplificato il processo di consegna e ritiro, facendo risparmiare tempo sia ai clienti che ai consulenti dell&#8217;assistenza. Questo sistema si \u00e8 rivelato particolarmente vantaggioso per i clienti con un&#8217;agenda fitta di impegni, consentendo loro di lasciare il veicolo a proprio piacimento ed evitare le code.  <\/p>\n<p>Inizialmente i consulenti di assistenza hanno dovuto affrontare una curva di apprendimento, ma si sono adattati rapidamente al nuovo sistema. I chioschi self-service hanno liberato il tempo dei consulenti, permettendo loro di concentrarsi su interazioni pi\u00f9 complesse con i clienti e di migliorare la loro produttivit\u00e0 complessiva. Il design intuitivo del sistema e il supporto degli assistenti di assistenza hanno reso pi\u00f9 facile l&#8217;utilizzo dei chioschi da parte dei clienti, migliorando ulteriormente l&#8217;esperienza del cliente.  <\/p>\n<div class=\"span12 widget-span widget-type-custom_widget dnd-module\" data-widget-type=\"custom_widget\" data-x=\"0\" data-w=\"12\">\n<div id=\"hs_cos_wrapper_module_17128418950364\" class=\"hs_cos_wrapper hs_cos_wrapper_widget hs_cos_wrapper_type_module widget-type-rich_text\" data-hs-cos-general-type=\"widget\" data-hs-cos-type=\"module\">\n<p>L&#8217;introduzione dei chioschi non ha modificato in modo significativo il processo di vendita, ma ha richiesto maggiori sforzi di marketing per educare i clienti al nuovo sistema. Questo include banner informativi, campagne sui social media e materiali didattici. Anche il processo post-vendita \u00e8 stato perfezionato, con notifiche automatiche via SMS che tengono informati i clienti in ogni fase del servizio.  <\/p>\n<\/div>\n<\/div>\n\t\t\t\t\t\t\t\t<\/div>\n\t\t\t\t<\/div>\n\t\t\t\t\t<\/div>\n\t\t\t\t<\/div>\n\t\t<div class=\"elementor-element elementor-element-84fe65b e-flex e-con-boxed e-con e-parent\" data-id=\"84fe65b\" data-element_type=\"container\" data-e-type=\"container\" data-settings=\"{&quot;background_background&quot;:&quot;classic&quot;}\">\n\t\t\t\t\t<div class=\"e-con-inner\">\n\t\t<div class=\"elementor-element elementor-element-b8c220a e-con-full e-flex e-con e-child\" data-id=\"b8c220a\" data-element_type=\"container\" data-e-type=\"container\">\n\t\t\t\t<div class=\"elementor-element elementor-element-9bfbbcb elementor-widget elementor-widget-heading\" data-id=\"9bfbbcb\" data-element_type=\"widget\" data-e-type=\"widget\" data-widget_type=\"heading.default\">\n\t\t\t\t<div class=\"elementor-widget-container\">\n\t\t\t\t\t<h2 class=\"elementor-heading-title elementor-size-default\">Vantaggi e prospettive future<\/h2>\t\t\t\t<\/div>\n\t\t\t\t<\/div>\n\t\t\t\t<div class=\"elementor-element elementor-element-d621095 elementor-widget elementor-widget-text-editor\" data-id=\"d621095\" data-element_type=\"widget\" data-e-type=\"widget\" data-widget_type=\"text-editor.default\">\n\t\t\t\t<div class=\"elementor-widget-container\">\n\t\t\t\t\t\t\t\t\t<p>I chioschi self-service hanno apportato diversi vantaggi, tra cui una maggiore efficienza operativa, una maggiore soddisfazione dei clienti e ricavi aggiuntivi derivanti da servizi di upselling come il lavaggio dei veicoli e la pulizia dell&#8217;aria condizionata. I clienti apprezzano la flessibilit\u00e0 e la comodit\u00e0 dei chioschi, che consentono loro di consegnare e ritirare i veicoli anche al di fuori dei normali orari di lavoro. <\/p>\n<p>In prospettiva, Dynamic Motors prevede di integrare ulteriormente i sistemi di pagamento con i chioschi, consentendo una connessione perfetta tra i pagamenti dei servizi e il recupero delle chiavi. Sono previsti anche continui aggiornamenti del software e miglioramenti di facile utilizzo per garantire che i chioschi rimangano in linea con le tendenze del mercato e le aspettative dei clienti. <\/p>\n<h2>Conclusione<\/h2>\n<p>L&#8217;adozione da parte di Dynamic Motors dei chioschi self-service di Tjekvik ha posizionato l&#8217;azienda come leader lungimirante nel settore dell&#8217;assistenza automobilistica. Abbracciando le soluzioni digitali, Dynamic Motors ha migliorato la qualit\u00e0 del servizio, aumentato la soddisfazione dei clienti e stabilito un punto di riferimento per l&#8217;innovazione nella fornitura di servizi automobilistici. <\/p>\n\t\t\t\t\t\t\t\t<\/div>\n\t\t\t\t<\/div>\n\t\t\t\t<\/div>\n\t\t<div class=\"elementor-element elementor-element-22184de e-con-full elementor-hidden-tablet elementor-hidden-mobile e-flex e-con e-child\" data-id=\"22184de\" data-element_type=\"container\" data-e-type=\"container\">\n\t\t\t\t<div class=\"elementor-element elementor-element-cb5b900 elementor-widget elementor-widget-image\" data-id=\"cb5b900\" data-element_type=\"widget\" data-e-type=\"widget\" data-widget_type=\"image.default\">\n\t\t\t\t<div class=\"elementor-widget-container\">\n\t\t\t\t\t\t\t\t\t\t\t\t\t\t\t<img loading=\"lazy\" decoding=\"async\" width=\"600\" height=\"800\" src=\"https:\/\/tjekvik.com\/wp-content\/uploads\/2025\/03\/Tjekvik-terminal-2.webp\" class=\"attachment-medium_large size-medium_large wp-image-14566\" alt=\"Tjekvik terminal\" srcset=\"https:\/\/tjekvik.com\/wp-content\/uploads\/2025\/03\/Tjekvik-terminal-2.webp 600w, https:\/\/tjekvik.com\/wp-content\/uploads\/2025\/03\/Tjekvik-terminal-2-225x300.webp 225w\" sizes=\"(max-width: 600px) 100vw, 600px\" title=\"Tjekvik terminal 2 | Tjekvik\" \/>\t\t\t\t\t\t\t\t\t\t\t\t\t\t\t<\/div>\n\t\t\t\t<\/div>\n\t\t\t\t<\/div>\n\t\t\t\t\t<\/div>\n\t\t\t\t<\/div>\n\t\t\t\t<\/div>\n\t\t","protected":false},"excerpt":{"rendered":"<p>MOTORI DINAMICI BMW Dynamic Motors implementa i chioschi self-service digitali per i clienti BMW e Mini 31 maggio 2024 Dynamic Motors, fornitore leader di servizi automobilistici per BMW e Mini in Polonia, ha integrato con successo i chioschi digitali self-service di Tjekvik per migliorare l&#8217;esperienza dei clienti, migliorare l&#8217;efficienza operativa e generare ulteriori flussi di [&hellip;]<\/p>\n","protected":false},"author":22,"featured_media":0,"parent":3749,"menu_order":0,"comment_status":"closed","ping_status":"closed","template":"","meta":{"_acf_changed":false,"footnotes":""},"class_list":["post-15228","page","type-page","status-publish","hentry"],"acf":[],"aioseo_notices":[],"_links":{"self":[{"href":"https:\/\/tjekvik.com\/it\/wp-json\/wp\/v2\/pages\/15228","targetHints":{"allow":["GET"]}}],"collection":[{"href":"https:\/\/tjekvik.com\/it\/wp-json\/wp\/v2\/pages"}],"about":[{"href":"https:\/\/tjekvik.com\/it\/wp-json\/wp\/v2\/types\/page"}],"author":[{"embeddable":true,"href":"https:\/\/tjekvik.com\/it\/wp-json\/wp\/v2\/users\/22"}],"replies":[{"embeddable":true,"href":"https:\/\/tjekvik.com\/it\/wp-json\/wp\/v2\/comments?post=15228"}],"version-history":[{"count":2,"href":"https:\/\/tjekvik.com\/it\/wp-json\/wp\/v2\/pages\/15228\/revisions"}],"predecessor-version":[{"id":15338,"href":"https:\/\/tjekvik.com\/it\/wp-json\/wp\/v2\/pages\/15228\/revisions\/15338"}],"up":[{"embeddable":true,"href":"https:\/\/tjekvik.com\/it\/wp-json\/wp\/v2\/pages\/3749"}],"wp:attachment":[{"href":"https:\/\/tjekvik.com\/it\/wp-json\/wp\/v2\/media?parent=15228"}],"curies":[{"name":"wp","href":"https:\/\/api.w.org\/{rel}","templated":true}]}}