{"id":9978,"date":"2024-01-13T05:14:34","date_gmt":"2024-01-13T05:14:34","guid":{"rendered":"https:\/\/tjekvik.com\/blog\/"},"modified":"2025-06-30T10:50:00","modified_gmt":"2025-06-30T10:50:00","slug":"blog","status":"publish","type":"page","link":"https:\/\/tjekvik.com\/it\/blog\/","title":{"rendered":"Blog"},"content":{"rendered":"\t\t<div data-elementor-type=\"wp-page\" data-elementor-id=\"9978\" class=\"elementor elementor-9978 elementor-8443\" data-elementor-post-type=\"page\">\n\t\t\t\t<div class=\"elementor-element elementor-element-ad37ad8 e-flex e-con-boxed e-con e-parent\" data-id=\"ad37ad8\" data-element_type=\"container\" data-e-type=\"container\" data-settings=\"{&quot;background_background&quot;:&quot;classic&quot;}\">\n\t\t\t\t\t<div class=\"e-con-inner\">\n\t\t\t\t<div class=\"elementor-element elementor-element-6922d3a elementor-widget elementor-widget-heading\" data-id=\"6922d3a\" data-element_type=\"widget\" data-e-type=\"widget\" data-widget_type=\"heading.default\">\n\t\t\t\t<div class=\"elementor-widget-container\">\n\t\t\t\t\t<h2 class=\"elementor-heading-title elementor-size-default\">Tjekvik aggiornamenti automobilistici<\/h2>\t\t\t\t<\/div>\n\t\t\t\t<\/div>\n\t\t\t\t\t<\/div>\n\t\t\t\t<\/div>\n\t\t<div class=\"elementor-element elementor-element-7853605 e-flex e-con-boxed e-con e-parent\" data-id=\"7853605\" data-element_type=\"container\" data-e-type=\"container\">\n\t\t\t\t\t<div class=\"e-con-inner\">\n\t\t\t\t<div class=\"elementor-element elementor-element-d3204ce elementor-grid-1 elementor-grid-tablet-2 elementor-grid-mobile-1 elementor-posts--thumbnail-top elementor-card-shadow-yes elementor-posts__hover-gradient elementor-widget elementor-widget-posts\" data-id=\"d3204ce\" data-element_type=\"widget\" data-e-type=\"widget\" data-settings=\"{&quot;cards_columns&quot;:&quot;1&quot;,&quot;pagination_type&quot;:&quot;numbers&quot;,&quot;cards_columns_tablet&quot;:&quot;2&quot;,&quot;cards_columns_mobile&quot;:&quot;1&quot;,&quot;cards_row_gap&quot;:{&quot;unit&quot;:&quot;px&quot;,&quot;size&quot;:35,&quot;sizes&quot;:[]},&quot;cards_row_gap_widescreen&quot;:{&quot;unit&quot;:&quot;px&quot;,&quot;size&quot;:&quot;&quot;,&quot;sizes&quot;:[]},&quot;cards_row_gap_laptop&quot;:{&quot;unit&quot;:&quot;px&quot;,&quot;size&quot;:&quot;&quot;,&quot;sizes&quot;:[]},&quot;cards_row_gap_tablet_extra&quot;:{&quot;unit&quot;:&quot;px&quot;,&quot;size&quot;:&quot;&quot;,&quot;sizes&quot;:[]},&quot;cards_row_gap_tablet&quot;:{&quot;unit&quot;:&quot;px&quot;,&quot;size&quot;:&quot;&quot;,&quot;sizes&quot;:[]},&quot;cards_row_gap_mobile_extra&quot;:{&quot;unit&quot;:&quot;px&quot;,&quot;size&quot;:&quot;&quot;,&quot;sizes&quot;:[]},&quot;cards_row_gap_mobile&quot;:{&quot;unit&quot;:&quot;px&quot;,&quot;size&quot;:&quot;&quot;,&quot;sizes&quot;:[]}}\" data-widget_type=\"posts.cards\">\n\t\t\t\t<div class=\"elementor-widget-container\">\n\t\t\t\t\t\t\t<div class=\"elementor-posts-container elementor-posts elementor-posts--skin-cards elementor-grid\" role=\"list\">\n\t\t\t\t<article class=\"elementor-post elementor-grid-item post-25559 post type-post status-publish format-standard has-post-thumbnail hentry category-successo-del-cliente tag-germania tag-storia-del-cliente tag-successo-del-cliente\" role=\"listitem\">\n\t\t\t<div class=\"elementor-post__card\">\n\t\t\t\t<a class=\"elementor-post__thumbnail__link\" href=\"https:\/\/tjekvik.com\/it\/blog\/come-glinicke-automobile-ha-trasformato-il-post-vendita-con-il-self-service-digitale\/\" tabindex=\"-1\" target=\"_blank\"><div class=\"elementor-post__thumbnail\"><img fetchpriority=\"high\" decoding=\"async\" width=\"800\" height=\"534\" src=\"https:\/\/tjekvik.com\/wp-content\/uploads\/2026\/04\/glinicke-blog-post-1024x683.png\" class=\"attachment-large size-large wp-image-25354\" alt=\"\" srcset=\"https:\/\/tjekvik.com\/wp-content\/uploads\/2026\/04\/glinicke-blog-post-1024x683.png 1024w, https:\/\/tjekvik.com\/wp-content\/uploads\/2026\/04\/glinicke-blog-post-300x200.png 300w, https:\/\/tjekvik.com\/wp-content\/uploads\/2026\/04\/glinicke-blog-post-768x513.png 768w, https:\/\/tjekvik.com\/wp-content\/uploads\/2026\/04\/glinicke-blog-post.png 1500w\" sizes=\"(max-width: 800px) 100vw, 800px\" \/><\/div><\/a>\n\t\t\t\t<div class=\"elementor-post__text\">\n\t\t\t\t<h3 class=\"elementor-post__title\">\n\t\t\t<a href=\"https:\/\/tjekvik.com\/it\/blog\/come-glinicke-automobile-ha-trasformato-il-post-vendita-con-il-self-service-digitale\/\" target=&quot;_blank&quot;>\n\t\t\t\tCome Glinicke Automobile ha trasformato il post-vendita con il self-service digitale\t\t\t<\/a>\n\t\t<\/h3>\n\t\t\t\t<div class=\"elementor-post__excerpt\">\n\t\t\t<p>Glinicke Automobile voleva trasformare l&#8217;intera esperienza post-vendita sia per i clienti che per il personale.  <\/p>\n\t\t<\/div>\n\t\t\t\t\t<div class=\"elementor-post__read-more-wrapper\">\n\t\t\n\t\t<a class=\"elementor-post__read-more\" href=\"https:\/\/tjekvik.com\/it\/blog\/come-glinicke-automobile-ha-trasformato-il-post-vendita-con-il-self-service-digitale\/\" aria-label=\"Leggi tutto Come Glinicke Automobile ha trasformato il post-vendita con il self-service digitale\" tabindex=\"-1\" target=\"_blank\">\n\t\t\tLeggi tutto\t\t<\/a>\n\n\t\t\t\t\t<\/div>\n\t\t\t\t<\/div>\n\t\t\t\t<div class=\"elementor-post__meta-data\">\n\t\t\t\t\t<span class=\"elementor-post-author\">\n\t\t\tJan Borysiak\t\t<\/span>\n\t\t\t\t<span class=\"elementor-post-date\">\n\t\t\t20 Aprile 2026\t\t<\/span>\n\t\t\t\t<\/div>\n\t\t\t\t\t<\/div>\n\t\t<\/article>\n\t\t\t\t<article class=\"elementor-post elementor-grid-item post-25343 post type-post status-publish format-standard has-post-thumbnail hentry category-approfondimenti tag-ricerca-di-mercato tag-self-service-it tag-sondaggio\" role=\"listitem\">\n\t\t\t<div class=\"elementor-post__card\">\n\t\t\t\t<a class=\"elementor-post__thumbnail__link\" href=\"https:\/\/tjekvik.com\/it\/blog\/il-44-degli-automobilisti-spagnoli-vuole-poter-effettuare-il-check-in-del-proprio-veicolo-online-secondo-i-propri-orari\/\" tabindex=\"-1\" target=\"_blank\"><div class=\"elementor-post__thumbnail\"><img decoding=\"async\" width=\"800\" height=\"534\" src=\"https:\/\/tjekvik.com\/wp-content\/uploads\/2026\/04\/spanish-survey-blog-1024x683.png\" class=\"attachment-large size-large wp-image-25329\" alt=\"\" srcset=\"https:\/\/tjekvik.com\/wp-content\/uploads\/2026\/04\/spanish-survey-blog-1024x683.png 1024w, https:\/\/tjekvik.com\/wp-content\/uploads\/2026\/04\/spanish-survey-blog-300x200.png 300w, https:\/\/tjekvik.com\/wp-content\/uploads\/2026\/04\/spanish-survey-blog-768x513.png 768w, https:\/\/tjekvik.com\/wp-content\/uploads\/2026\/04\/spanish-survey-blog.png 1500w\" sizes=\"(max-width: 800px) 100vw, 800px\" \/><\/div><\/a>\n\t\t\t\t<div class=\"elementor-post__text\">\n\t\t\t\t<h3 class=\"elementor-post__title\">\n\t\t\t<a href=\"https:\/\/tjekvik.com\/it\/blog\/il-44-degli-automobilisti-spagnoli-vuole-poter-effettuare-il-check-in-del-proprio-veicolo-online-secondo-i-propri-orari\/\" target=&quot;_blank&quot;>\n\t\t\t\tIl 44% degli automobilisti spagnoli vuole poter effettuare il check-in del proprio veicolo online, secondo i propri orari.\t\t\t<\/a>\n\t\t<\/h3>\n\t\t\t\t<div class=\"elementor-post__excerpt\">\n\t\t\t<p>Il 44% degli automobilisti spagnoli vuole poter effettuare il check-in del proprio veicolo online, secondo i propri orari.<\/p>\n\t\t<\/div>\n\t\t\t\t\t<div class=\"elementor-post__read-more-wrapper\">\n\t\t\n\t\t<a class=\"elementor-post__read-more\" href=\"https:\/\/tjekvik.com\/it\/blog\/il-44-degli-automobilisti-spagnoli-vuole-poter-effettuare-il-check-in-del-proprio-veicolo-online-secondo-i-propri-orari\/\" aria-label=\"Leggi tutto Il 44% degli automobilisti spagnoli vuole poter effettuare il check-in del proprio veicolo online, secondo i propri orari.\" tabindex=\"-1\" target=\"_blank\">\n\t\t\tLeggi tutto\t\t<\/a>\n\n\t\t\t\t\t<\/div>\n\t\t\t\t<\/div>\n\t\t\t\t<div class=\"elementor-post__meta-data\">\n\t\t\t\t\t<span class=\"elementor-post-author\">\n\t\t\tJan Borysiak\t\t<\/span>\n\t\t\t\t<span class=\"elementor-post-date\">\n\t\t\t7 Aprile 2026\t\t<\/span>\n\t\t\t\t<\/div>\n\t\t\t\t\t<\/div>\n\t\t<\/article>\n\t\t\t\t<article class=\"elementor-post elementor-grid-item post-25311 post type-post status-publish format-standard has-post-thumbnail hentry category-approfondimenti category-successo-del-cliente tag-self-service-it tag-storia-del-cliente tag-successo-del-cliente\" role=\"listitem\">\n\t\t\t<div class=\"elementor-post__card\">\n\t\t\t\t<a class=\"elementor-post__thumbnail__link\" href=\"https:\/\/tjekvik.com\/it\/blog\/come-i-concessionari-moderni-usano-la-tecnologia-per-aumentare-i-ricavi-con-meno-amministrazione\/\" tabindex=\"-1\" target=\"_blank\"><div class=\"elementor-post__thumbnail\"><img decoding=\"async\" width=\"800\" height=\"534\" src=\"https:\/\/tjekvik.com\/wp-content\/uploads\/2026\/03\/Blog-images-3-1024x683.png\" class=\"attachment-large size-large wp-image-25291\" alt=\"\" srcset=\"https:\/\/tjekvik.com\/wp-content\/uploads\/2026\/03\/Blog-images-3-1024x683.png 1024w, https:\/\/tjekvik.com\/wp-content\/uploads\/2026\/03\/Blog-images-3-300x200.png 300w, https:\/\/tjekvik.com\/wp-content\/uploads\/2026\/03\/Blog-images-3-768x513.png 768w, https:\/\/tjekvik.com\/wp-content\/uploads\/2026\/03\/Blog-images-3.png 1500w\" sizes=\"(max-width: 800px) 100vw, 800px\" \/><\/div><\/a>\n\t\t\t\t<div class=\"elementor-post__text\">\n\t\t\t\t<h3 class=\"elementor-post__title\">\n\t\t\t<a href=\"https:\/\/tjekvik.com\/it\/blog\/come-i-concessionari-moderni-usano-la-tecnologia-per-aumentare-i-ricavi-con-meno-amministrazione\/\" target=&quot;_blank&quot;>\n\t\t\t\tCome i concessionari moderni usano la tecnologia per aumentare i ricavi con meno amministrazione\t\t\t<\/a>\n\t\t<\/h3>\n\t\t\t\t<div class=\"elementor-post__excerpt\">\n\t\t\t<p>L&#8217;elettrificazione, la carenza di competenze e la digitalizzazione stanno rapidamente rimodellando l&#8217;aftersales e per le concessionarie che vogliono tenere il passo, la tecnologia non \u00e8<\/p>\n\t\t<\/div>\n\t\t\t\t\t<div class=\"elementor-post__read-more-wrapper\">\n\t\t\n\t\t<a class=\"elementor-post__read-more\" href=\"https:\/\/tjekvik.com\/it\/blog\/come-i-concessionari-moderni-usano-la-tecnologia-per-aumentare-i-ricavi-con-meno-amministrazione\/\" aria-label=\"Leggi tutto Come i concessionari moderni usano la tecnologia per aumentare i ricavi con meno amministrazione\" tabindex=\"-1\" target=\"_blank\">\n\t\t\tLeggi tutto\t\t<\/a>\n\n\t\t\t\t\t<\/div>\n\t\t\t\t<\/div>\n\t\t\t\t<div class=\"elementor-post__meta-data\">\n\t\t\t\t\t<span class=\"elementor-post-author\">\n\t\t\tAna Dragnea\t\t<\/span>\n\t\t\t\t<span class=\"elementor-post-date\">\n\t\t\t23 Marzo 2026\t\t<\/span>\n\t\t\t\t<\/div>\n\t\t\t\t\t<\/div>\n\t\t<\/article>\n\t\t\t\t<article class=\"elementor-post elementor-grid-item post-25229 post type-post status-publish format-standard has-post-thumbnail hentry category-approfondimenti category-successo-del-cliente tag-storia-del-cliente tag-successo-del-cliente tag-tjekvik-it\" role=\"listitem\">\n\t\t\t<div class=\"elementor-post__card\">\n\t\t\t\t<a class=\"elementor-post__thumbnail__link\" href=\"https:\/\/tjekvik.com\/it\/blog\/come-il-gruppo-chorley-ha-trasformato-le-sue-operazioni-di-post-vendita-con-il-self-service-digitale\/\" tabindex=\"-1\" target=\"_blank\"><div class=\"elementor-post__thumbnail\"><img loading=\"lazy\" decoding=\"async\" width=\"800\" height=\"534\" src=\"https:\/\/tjekvik.com\/wp-content\/uploads\/2026\/03\/Blog-images-10-1024x683.png\" class=\"attachment-large size-large wp-image-25199\" alt=\"\" srcset=\"https:\/\/tjekvik.com\/wp-content\/uploads\/2026\/03\/Blog-images-10-1024x683.png 1024w, https:\/\/tjekvik.com\/wp-content\/uploads\/2026\/03\/Blog-images-10-300x200.png 300w, https:\/\/tjekvik.com\/wp-content\/uploads\/2026\/03\/Blog-images-10-768x513.png 768w, https:\/\/tjekvik.com\/wp-content\/uploads\/2026\/03\/Blog-images-10.png 1500w\" sizes=\"(max-width: 800px) 100vw, 800px\" \/><\/div><\/a>\n\t\t\t\t<div class=\"elementor-post__text\">\n\t\t\t\t<h3 class=\"elementor-post__title\">\n\t\t\t<a href=\"https:\/\/tjekvik.com\/it\/blog\/come-il-gruppo-chorley-ha-trasformato-le-sue-operazioni-di-post-vendita-con-il-self-service-digitale\/\" target=&quot;_blank&quot;>\n\t\t\t\tCome il Gruppo Chorley ha trasformato le sue operazioni di post-vendita con il self-service digitale\t\t\t<\/a>\n\t\t<\/h3>\n\t\t\t\t<div class=\"elementor-post__excerpt\">\n\t\t\t<p>\u00c8 un ottimo esempio di ci\u00f2 che accade quando la giusta tecnologia incontra la giusta mentalit\u00e0. L&#8217;esperienza del Chorley Group dimostra cosa pu\u00f2 fare Tjekvik quando un team si impegna a fondo. <\/p>\n\t\t<\/div>\n\t\t\t\t\t<div class=\"elementor-post__read-more-wrapper\">\n\t\t\n\t\t<a class=\"elementor-post__read-more\" href=\"https:\/\/tjekvik.com\/it\/blog\/come-il-gruppo-chorley-ha-trasformato-le-sue-operazioni-di-post-vendita-con-il-self-service-digitale\/\" aria-label=\"Leggi tutto Come il Gruppo Chorley ha trasformato le sue operazioni di post-vendita con il self-service digitale\" tabindex=\"-1\" target=\"_blank\">\n\t\t\tLeggi tutto\t\t<\/a>\n\n\t\t\t\t\t<\/div>\n\t\t\t\t<\/div>\n\t\t\t\t<div class=\"elementor-post__meta-data\">\n\t\t\t\t\t<span class=\"elementor-post-author\">\n\t\t\tJan Borysiak\t\t<\/span>\n\t\t\t\t<span class=\"elementor-post-date\">\n\t\t\t19 Marzo 2026\t\t<\/span>\n\t\t\t\t<\/div>\n\t\t\t\t\t<\/div>\n\t\t<\/article>\n\t\t\t\t<article class=\"elementor-post elementor-grid-item post-24862 post type-post status-publish format-standard has-post-thumbnail hentry category-approfondimenti category-comunicato-stampa category-notizie category-prodotto tag-mobility tag-notizie tag-tjekvik-it\" role=\"listitem\">\n\t\t\t<div class=\"elementor-post__card\">\n\t\t\t\t<a class=\"elementor-post__thumbnail__link\" href=\"https:\/\/tjekvik.com\/it\/blog\/il-nuovo-software-di-tjekvik-semplifica-la-gestione-delle-auto-di-cortesia\/\" tabindex=\"-1\" target=\"_blank\"><div class=\"elementor-post__thumbnail\"><img loading=\"lazy\" decoding=\"async\" width=\"800\" height=\"534\" src=\"https:\/\/tjekvik.com\/wp-content\/uploads\/2026\/03\/Tjekvik-mobility-blog-1-1024x683.png\" class=\"attachment-large size-large wp-image-24784\" alt=\"\" srcset=\"https:\/\/tjekvik.com\/wp-content\/uploads\/2026\/03\/Tjekvik-mobility-blog-1-1024x683.png 1024w, https:\/\/tjekvik.com\/wp-content\/uploads\/2026\/03\/Tjekvik-mobility-blog-1-300x200.png 300w, https:\/\/tjekvik.com\/wp-content\/uploads\/2026\/03\/Tjekvik-mobility-blog-1-768x513.png 768w, https:\/\/tjekvik.com\/wp-content\/uploads\/2026\/03\/Tjekvik-mobility-blog-1.png 1500w\" sizes=\"(max-width: 800px) 100vw, 800px\" \/><\/div><\/a>\n\t\t\t\t<div class=\"elementor-post__text\">\n\t\t\t\t<h3 class=\"elementor-post__title\">\n\t\t\t<a href=\"https:\/\/tjekvik.com\/it\/blog\/il-nuovo-software-di-tjekvik-semplifica-la-gestione-delle-auto-di-cortesia\/\" target=&quot;_blank&quot;>\n\t\t\t\tIl nuovo software di Tjekvik semplifica la gestione delle auto di cortesia\t\t\t<\/a>\n\t\t<\/h3>\n\t\t\t\t<div class=\"elementor-post__excerpt\">\n\t\t\t<p>Tjekvik ha lanciato un nuovo sistema che rende molto pi\u00f9 facile per i concessionari gestire l&#8217;assegnazione delle auto di cortesia&#8230;<\/p>\n\t\t<\/div>\n\t\t\t\t\t<div class=\"elementor-post__read-more-wrapper\">\n\t\t\n\t\t<a class=\"elementor-post__read-more\" href=\"https:\/\/tjekvik.com\/it\/blog\/il-nuovo-software-di-tjekvik-semplifica-la-gestione-delle-auto-di-cortesia\/\" aria-label=\"Leggi tutto Il nuovo software di Tjekvik semplifica la gestione delle auto di cortesia\" tabindex=\"-1\" target=\"_blank\">\n\t\t\tLeggi tutto\t\t<\/a>\n\n\t\t\t\t\t<\/div>\n\t\t\t\t<\/div>\n\t\t\t\t<div class=\"elementor-post__meta-data\">\n\t\t\t\t\t<span class=\"elementor-post-author\">\n\t\t\tJan Borysiak\t\t<\/span>\n\t\t\t\t<span class=\"elementor-post-date\">\n\t\t\t6 Marzo 2026\t\t<\/span>\n\t\t\t\t<\/div>\n\t\t\t\t\t<\/div>\n\t\t<\/article>\n\t\t\t\t<article class=\"elementor-post elementor-grid-item post-24680 post type-post status-publish format-standard has-post-thumbnail hentry category-approfondimenti tag-francia-it tag-rapporto tag-sondaggio tag-tjekvik-it\" role=\"listitem\">\n\t\t\t<div class=\"elementor-post__card\">\n\t\t\t\t<a class=\"elementor-post__thumbnail__link\" href=\"https:\/\/tjekvik.com\/it\/blog\/un-automobilista-francese-su-tre-vuole-avere-la-possibilita-di-fare-manutenzione-fuori-orario\/\" tabindex=\"-1\" target=\"_blank\"><div class=\"elementor-post__thumbnail\"><img loading=\"lazy\" decoding=\"async\" width=\"800\" height=\"534\" src=\"https:\/\/tjekvik.com\/wp-content\/uploads\/2026\/02\/french-drivers-blog-1-1024x683.png\" class=\"attachment-large size-large wp-image-24665\" alt=\"\" srcset=\"https:\/\/tjekvik.com\/wp-content\/uploads\/2026\/02\/french-drivers-blog-1-1024x683.png 1024w, https:\/\/tjekvik.com\/wp-content\/uploads\/2026\/02\/french-drivers-blog-1-300x200.png 300w, https:\/\/tjekvik.com\/wp-content\/uploads\/2026\/02\/french-drivers-blog-1-768x513.png 768w, https:\/\/tjekvik.com\/wp-content\/uploads\/2026\/02\/french-drivers-blog-1.png 1500w\" sizes=\"(max-width: 800px) 100vw, 800px\" \/><\/div><\/a>\n\t\t\t\t<div class=\"elementor-post__text\">\n\t\t\t\t<h3 class=\"elementor-post__title\">\n\t\t\t<a href=\"https:\/\/tjekvik.com\/it\/blog\/un-automobilista-francese-su-tre-vuole-avere-la-possibilita-di-fare-manutenzione-fuori-orario\/\" target=&quot;_blank&quot;>\n\t\t\t\tUn automobilista francese su tre vuole avere la possibilit\u00e0 di fare manutenzione fuori orario\t\t\t<\/a>\n\t\t<\/h3>\n\t\t\t\t<div class=\"elementor-post__excerpt\">\n\t\t\t<p>Un automobilista francese su tre desidera avere a disposizione un servizio di assistenza fuori orario, mentre il 26% preferirebbe effettuare il check-in online e in anticipo.<\/p>\n\t\t<\/div>\n\t\t\t\t\t<div class=\"elementor-post__read-more-wrapper\">\n\t\t\n\t\t<a class=\"elementor-post__read-more\" href=\"https:\/\/tjekvik.com\/it\/blog\/un-automobilista-francese-su-tre-vuole-avere-la-possibilita-di-fare-manutenzione-fuori-orario\/\" aria-label=\"Leggi tutto Un automobilista francese su tre vuole avere la possibilit\u00e0 di fare manutenzione fuori orario\" tabindex=\"-1\" target=\"_blank\">\n\t\t\tLeggi tutto\t\t<\/a>\n\n\t\t\t\t\t<\/div>\n\t\t\t\t<\/div>\n\t\t\t\t<div class=\"elementor-post__meta-data\">\n\t\t\t\t\t<span class=\"elementor-post-author\">\n\t\t\tJan Borysiak\t\t<\/span>\n\t\t\t\t<span class=\"elementor-post-date\">\n\t\t\t20 Febbraio 2026\t\t<\/span>\n\t\t\t\t<\/div>\n\t\t\t\t\t<\/div>\n\t\t<\/article>\n\t\t\t\t<\/div>\n\t\t\n\t\t\t\t<div class=\"e-load-more-anchor\" data-page=\"1\" data-max-page=\"14\" data-next-page=\"https:\/\/tjekvik.com\/it\/wp-json\/wp\/v2\/pages\/9978\/page\/2\/\"><\/div>\n\t\t\t\t<nav class=\"elementor-pagination\" aria-label=\"Paginazione\">\n\t\t\t<span aria-current=\"page\" class=\"page-numbers current\"><span class=\"elementor-screen-only\">Pagina<\/span>1<\/span>\n<a class=\"page-numbers\" href=\"https:\/\/tjekvik.com\/it\/wp-json\/wp\/v2\/pages\/9978\/page\/2\/\"><span class=\"elementor-screen-only\">Pagina<\/span>2<\/a>\n<a class=\"page-numbers\" href=\"https:\/\/tjekvik.com\/it\/wp-json\/wp\/v2\/pages\/9978\/page\/3\/\"><span class=\"elementor-screen-only\">Pagina<\/span>3<\/a>\n<a class=\"page-numbers\" href=\"https:\/\/tjekvik.com\/it\/wp-json\/wp\/v2\/pages\/9978\/page\/4\/\"><span class=\"elementor-screen-only\">Pagina<\/span>4<\/a>\n<a class=\"page-numbers\" href=\"https:\/\/tjekvik.com\/it\/wp-json\/wp\/v2\/pages\/9978\/page\/5\/\"><span class=\"elementor-screen-only\">Pagina<\/span>5<\/a>\t\t<\/nav>\n\t\t\t\t\t\t<\/div>\n\t\t\t\t<\/div>\n\t\t\t\t\t<\/div>\n\t\t\t\t<\/div>\n\t\t<div class=\"elementor-element elementor-element-adde683 e-flex e-con-boxed e-con e-parent\" data-id=\"adde683\" data-element_type=\"container\" data-e-type=\"container\">\n\t\t\t\t\t<div class=\"e-con-inner\">\n\t\t\t\t<div class=\"elementor-element elementor-element-448de9b elementor-widget elementor-widget-heading\" data-id=\"448de9b\" data-element_type=\"widget\" data-e-type=\"widget\" data-widget_type=\"heading.default\">\n\t\t\t\t<div class=\"elementor-widget-container\">\n\t\t\t\t\t<h2 class=\"elementor-heading-title elementor-size-default\">Iscriviti alla nostra newsletter<\/h2>\t\t\t\t<\/div>\n\t\t\t\t<\/div>\n\t\t\t\t<div class=\"elementor-element elementor-element-47c6d49 elementor-widget elementor-widget-html\" data-id=\"47c6d49\" data-element_type=\"widget\" data-e-type=\"widget\" data-widget_type=\"html.default\">\n\t\t\t\t<div class=\"elementor-widget-container\">\n\t\t\t\t\t<script charset=\"utf-8\" type=\"text\/javascript\" src=\"\/\/js-eu1.hsforms.net\/forms\/embed\/v2.js\"><\/script><script>hbspt.forms.create({\n    portalId: \"26682254\",\n    formId: \"b8bd2a68-f33b-4756-a2d2-d3186c65962c\",\n    region: \"eu1\"\n  });\n<\/script>\t\t\t\t<\/div>\n\t\t\t\t<\/div>\n\t\t\t\t\t<\/div>\n\t\t\t\t<\/div>\n\t\t\t\t<\/div>\n\t\t","protected":false},"excerpt":{"rendered":"<p>Tjekvik aggiornamenti automobilistici Iscriviti alla nostra newsletter<\/p>\n","protected":false},"author":20,"featured_media":0,"parent":0,"menu_order":0,"comment_status":"closed","ping_status":"closed","template":"","meta":{"_acf_changed":false,"footnotes":""},"class_list":["post-9978","page","type-page","status-publish","hentry"],"acf":[],"aioseo_notices":[],"_links":{"self":[{"href":"https:\/\/tjekvik.com\/it\/wp-json\/wp\/v2\/pages\/9978","targetHints":{"allow":["GET"]}}],"collection":[{"href":"https:\/\/tjekvik.com\/it\/wp-json\/wp\/v2\/pages"}],"about":[{"href":"https:\/\/tjekvik.com\/it\/wp-json\/wp\/v2\/types\/page"}],"author":[{"embeddable":true,"href":"https:\/\/tjekvik.com\/it\/wp-json\/wp\/v2\/users\/20"}],"replies":[{"embeddable":true,"href":"https:\/\/tjekvik.com\/it\/wp-json\/wp\/v2\/comments?post=9978"}],"version-history":[{"count":5,"href":"https:\/\/tjekvik.com\/it\/wp-json\/wp\/v2\/pages\/9978\/revisions"}],"predecessor-version":[{"id":19047,"href":"https:\/\/tjekvik.com\/it\/wp-json\/wp\/v2\/pages\/9978\/revisions\/19047"}],"wp:attachment":[{"href":"https:\/\/tjekvik.com\/it\/wp-json\/wp\/v2\/media?parent=9978"}],"curies":[{"name":"wp","href":"https:\/\/api.w.org\/{rel}","templated":true}]}}