{"id":14832,"date":"2025-03-07T14:55:50","date_gmt":"2025-03-07T14:55:50","guid":{"rendered":"https:\/\/tjekvik.com\/historie-klientow\/studium-przypadku-dynamic-motors\/"},"modified":"2025-03-17T15:51:06","modified_gmt":"2025-03-17T15:51:06","slug":"studium-przypadku-dynamic-motors","status":"publish","type":"page","link":"https:\/\/tjekvik.com\/pl\/historie-klientow\/studium-przypadku-dynamic-motors\/","title":{"rendered":"Studium przypadku Dynamic Motors"},"content":{"rendered":"\t\t<div data-elementor-type=\"wp-page\" data-elementor-id=\"14832\" class=\"elementor elementor-14832 elementor-14516\" data-elementor-post-type=\"page\">\n\t\t\t\t<div class=\"elementor-element elementor-element-62901e37 e-flex e-con-boxed e-con e-parent\" data-id=\"62901e37\" data-element_type=\"container\" data-e-type=\"container\" data-settings=\"{&quot;background_background&quot;:&quot;classic&quot;}\">\n\t\t\t\t\t<div class=\"e-con-inner\">\n\t\t<div class=\"elementor-element elementor-element-7feee963 e-con-full e-flex e-con e-child\" data-id=\"7feee963\" data-element_type=\"container\" data-e-type=\"container\">\n\t\t\t\t<div class=\"elementor-element elementor-element-b5b0997 elementor-widget elementor-widget-heading\" data-id=\"b5b0997\" data-element_type=\"widget\" data-e-type=\"widget\" data-widget_type=\"heading.default\">\n\t\t\t\t<div class=\"elementor-widget-container\">\n\t\t\t\t\t<h2 class=\"elementor-heading-title elementor-size-default\"><a href=\"https:\/\/www.bmw-dynamicmotors.pl\/\" target=\"_blank\">SILNIKI DYNAMICZNE BMW<\/a><\/h2>\t\t\t\t<\/div>\n\t\t\t\t<\/div>\n\t\t<div class=\"elementor-element elementor-element-6c878ffd e-con-full elementor-hidden-widescreen elementor-hidden-desktop elementor-hidden-laptop elementor-hidden-tablet_extra elementor-hidden-mobile_extra e-flex e-con e-child\" data-id=\"6c878ffd\" data-element_type=\"container\" data-e-type=\"container\">\n\t\t\t\t<div class=\"elementor-element elementor-element-27dd93c6 elementor-widget elementor-widget-image\" data-id=\"27dd93c6\" data-element_type=\"widget\" data-e-type=\"widget\" data-widget_type=\"image.default\">\n\t\t\t\t<div class=\"elementor-widget-container\">\n\t\t\t\t\t\t\t\t\t\t\t\t\t\t\t<img fetchpriority=\"high\" decoding=\"async\" width=\"587\" height=\"648\" src=\"https:\/\/tjekvik.com\/wp-content\/uploads\/2025\/03\/Dynamic-Motors-showroom.webp\" class=\"attachment-medium_large size-medium_large wp-image-14522\" alt=\"Dynamic Motors showroom\" srcset=\"https:\/\/tjekvik.com\/wp-content\/uploads\/2025\/03\/Dynamic-Motors-showroom.webp 587w, https:\/\/tjekvik.com\/wp-content\/uploads\/2025\/03\/Dynamic-Motors-showroom-272x300.webp 272w\" sizes=\"(max-width: 587px) 100vw, 587px\" title=\"Dynamic Motors showroom | Tjekvik\" \/>\t\t\t\t\t\t\t\t\t\t\t\t\t\t\t<\/div>\n\t\t\t\t<\/div>\n\t\t\t\t<\/div>\n\t\t\t\t<div class=\"elementor-element elementor-element-77b30190 elementor-widget elementor-widget-heading\" data-id=\"77b30190\" data-element_type=\"widget\" data-e-type=\"widget\" data-widget_type=\"heading.default\">\n\t\t\t\t<div class=\"elementor-widget-container\">\n\t\t\t\t\t<h1 class=\"elementor-heading-title elementor-size-default\">Dynamic Motors wdra\u017ca inteligentn\u0105 technologi\u0119 samoobs\u0142ugow\u0105 dla klient\u00f3w BMW i Mini w swoich salonach dealerskich<\/h1>\t\t\t\t<\/div>\n\t\t\t\t<\/div>\n\t\t<div class=\"elementor-element elementor-element-4f4f81ed e-con-full e-flex e-con e-child\" data-id=\"4f4f81ed\" data-element_type=\"container\" data-e-type=\"container\">\n\t\t\t\t<div class=\"elementor-element elementor-element-efc306 elementor-widget elementor-widget-text-editor\" data-id=\"efc306\" data-element_type=\"widget\" data-e-type=\"widget\" data-widget_type=\"text-editor.default\">\n\t\t\t\t<div class=\"elementor-widget-container\">\n\t\t\t\t\t\t\t\t\t<p>31 maja 2024<\/p>\n\t\t\t\t\t\t\t\t<\/div>\n\t\t\t\t<\/div>\n\t\t\t\t<\/div>\n\t\t\t\t<div class=\"elementor-element elementor-element-79494e92 elementor-widget elementor-widget-text-editor\" data-id=\"79494e92\" data-element_type=\"widget\" data-e-type=\"widget\" data-widget_type=\"text-editor.default\">\n\t\t\t\t<div class=\"elementor-widget-container\">\n\t\t\t\t\t\t\t\t\t<div class=\"row-fluid-wrapper row-depth-1 row-number-1 dnd_area-row-0-max-width-section-centering dnd_area-row-0-vertical-alignment dnd_area-row-0-background-layers dnd-section dnd_area-row-0-padding dnd_area-row-0-background-image\">\n<div class=\"row-fluid \">\n<div class=\"span12 widget-span widget-type-cell dnd-column dnd_area-column-1-vertical-alignment\" data-widget-type=\"cell\" data-x=\"0\" data-w=\"12\">\n<div class=\"row-fluid-wrapper row-depth-1 row-number-3 dnd_area-column-1-row-1-vertical-alignment dnd-row\">\n<div class=\"row-fluid \">\n<div class=\"span6 widget-span widget-type-cell dnd_area-column-4-vertical-alignment dnd-column\" data-widget-type=\"cell\" data-x=\"6\" data-w=\"6\">\n<div class=\"row-fluid-wrapper row-depth-1 row-number-4 dnd_area-column-4-row-0-padding dnd-row\">\n<div class=\"row-fluid \">\n<div class=\"span12 widget-span widget-type-custom_widget dnd-module\" data-widget-type=\"custom_widget\" data-x=\"0\" data-w=\"12\">\n<div id=\"hs_cos_wrapper_dnd_area-module-5\" class=\"hs_cos_wrapper hs_cos_wrapper_widget hs_cos_wrapper_type_module widget-type-rich_text widget-type-rich_text\" data-hs-cos-general-type=\"widget\" data-hs-cos-type=\"module\">\n<p>Dynamic Motors zwyci\u0119zc\u0105 konkursu na najlepszy rozw\u00f3j serwisu 2023 w Polsce, z powodzeniem wprowadza do obs\u0142ugi klient\u00f3w kioski samoobs\u0142ugowe Tjekvik, aby zapewni\u0107 klientom wi\u0119ksz\u0105 dost\u0119pno\u015b\u0107 us\u0142ug i ci\u0105gle doskonali\u0107 jako\u015b\u0107 obs\u0142ugi. Automatyzacja proces\u00f3w wp\u0142ywa na zwi\u0119kszenie efektywno\u015bci operacyjnej i generowaniu dodatkowych przychod\u00f3w.<\/p>\n<\/div>\n<\/div>\n<\/div>\n<\/div>\n<\/div>\n<\/div>\n<\/div>\n<\/div>\n<\/div>\n<\/div>\n\t\t\t\t\t\t\t\t<\/div>\n\t\t\t\t<\/div>\n\t\t\t\t<\/div>\n\t\t<div class=\"elementor-element elementor-element-718b21c1 e-con-full elementor-hidden-tablet elementor-hidden-mobile e-flex e-con e-child\" data-id=\"718b21c1\" data-element_type=\"container\" data-e-type=\"container\">\n\t\t\t\t<div class=\"elementor-element elementor-element-65bf918b elementor-widget elementor-widget-image\" data-id=\"65bf918b\" data-element_type=\"widget\" data-e-type=\"widget\" data-widget_type=\"image.default\">\n\t\t\t\t<div class=\"elementor-widget-container\">\n\t\t\t\t\t\t\t\t\t\t\t\t\t\t\t<img fetchpriority=\"high\" decoding=\"async\" width=\"587\" height=\"648\" src=\"https:\/\/tjekvik.com\/wp-content\/uploads\/2025\/03\/Dynamic-Motors-showroom.webp\" class=\"attachment-medium_large size-medium_large wp-image-14522\" alt=\"Dynamic Motors showroom\" srcset=\"https:\/\/tjekvik.com\/wp-content\/uploads\/2025\/03\/Dynamic-Motors-showroom.webp 587w, https:\/\/tjekvik.com\/wp-content\/uploads\/2025\/03\/Dynamic-Motors-showroom-272x300.webp 272w\" sizes=\"(max-width: 587px) 100vw, 587px\" title=\"Dynamic Motors showroom | Tjekvik\" \/>\t\t\t\t\t\t\t\t\t\t\t\t\t\t\t<\/div>\n\t\t\t\t<\/div>\n\t\t\t\t<\/div>\n\t\t\t\t\t<\/div>\n\t\t\t\t<\/div>\n\t\t<div class=\"elementor-element elementor-element-4d08c63c e-flex e-con-boxed e-con e-parent\" data-id=\"4d08c63c\" data-element_type=\"container\" data-e-type=\"container\">\n\t\t\t\t\t<div class=\"e-con-inner\">\n\t\t<div class=\"elementor-element elementor-element-7de7949f e-con-full e-flex e-con e-child\" data-id=\"7de7949f\" data-element_type=\"container\" data-e-type=\"container\">\n\t\t\t\t<div class=\"elementor-element elementor-element-33f697b3 elementor-widget elementor-widget-image\" data-id=\"33f697b3\" data-element_type=\"widget\" data-e-type=\"widget\" data-widget_type=\"image.default\">\n\t\t\t\t<div class=\"elementor-widget-container\">\n\t\t\t\t\t\t\t\t\t\t\t\t\t\t\t<img decoding=\"async\" width=\"292\" height=\"360\" src=\"https:\/\/tjekvik.com\/wp-content\/uploads\/2025\/03\/Dynamic-Motors-Tjekvik-kiosk.webp\" class=\"attachment-medium_large size-medium_large wp-image-14528\" alt=\"Dynamic Motors Tjekvik kiosk\" srcset=\"https:\/\/tjekvik.com\/wp-content\/uploads\/2025\/03\/Dynamic-Motors-Tjekvik-kiosk.webp 292w, https:\/\/tjekvik.com\/wp-content\/uploads\/2025\/03\/Dynamic-Motors-Tjekvik-kiosk-243x300.webp 243w\" sizes=\"(max-width: 292px) 100vw, 292px\" title=\"Dynamic Motors Tjekvik kiosk | Tjekvik\" \/>\t\t\t\t\t\t\t\t\t\t\t\t\t\t\t<\/div>\n\t\t\t\t<\/div>\n\t\t\t\t<\/div>\n\t\t<div class=\"elementor-element elementor-element-121507fc e-con-full e-flex e-con e-child\" data-id=\"121507fc\" data-element_type=\"container\" data-e-type=\"container\">\n\t\t\t\t<div class=\"elementor-element elementor-element-d26e29b elementor-widget elementor-widget-heading\" data-id=\"d26e29b\" data-element_type=\"widget\" data-e-type=\"widget\" data-widget_type=\"heading.default\">\n\t\t\t\t<div class=\"elementor-widget-container\">\n\t\t\t\t\t<h2 class=\"elementor-heading-title elementor-size-default\">Wyzwanie: Adaptacja do zwi\u0119kszonej cyfryzacji i presji pandemicznej<\/h2>\t\t\t\t<\/div>\n\t\t\t\t<\/div>\n\t\t\t\t<div class=\"elementor-element elementor-element-403204ff elementor-widget elementor-widget-text-editor\" data-id=\"403204ff\" data-element_type=\"widget\" data-e-type=\"widget\" data-widget_type=\"text-editor.default\">\n\t\t\t\t<div class=\"elementor-widget-container\">\n\t\t\t\t\t\t\t\t\t<div class=\"span6 widget-span widget-type-custom_widget dnd_area-module-8-vertical-alignment dnd-module\" data-widget-type=\"custom_widget\" data-x=\"0\" data-w=\"6\">\n<div id=\"hs_cos_wrapper_dnd_area-module-8\" class=\"hs_cos_wrapper hs_cos_wrapper_widget hs_cos_wrapper_type_module widget-type-rich_text widget-type-rich_text\" data-hs-cos-general-type=\"widget\" data-hs-cos-type=\"module\">\n<p>Z nadej\u015bciem pandemii Dynamic Motors stan\u0119\u0142o przed wyzwaniem utrzymania wysokiej jako\u015bci us\u0142ug przy jednoczesnym minimalizowaniu kontakt\u00f3w bezpo\u015brednich. Firma dostrzeg\u0142a potrzeb\u0119 przyspieszenia swojej transformacji cyfrowej, aby sprosta\u0107 tym wymaganiom i dostosowa\u0107 si\u0119 do polityki Proactive Care. Polityka ta k\u0142adzie nacisk na us\u0142ugi cyfrowe, takie jak mo\u017cliwo\u015b\u0107 umawiania wizyt online, bezkontaktowe pozostawianie pojazd\u00f3w, aplikacje MyBMW i MyMINI do komunikacji, przesy\u0142anie klientom film\u00f3w CitNOW pokazuj\u0105cych stan techniczny pojazdu oraz p\u0142atno\u015bci online.  <\/p>\n<\/div>\n<\/div>\n\t\t\t\t\t\t\t\t<\/div>\n\t\t\t\t<\/div>\n\t\t\t\t<\/div>\n\t\t\t\t\t<\/div>\n\t\t\t\t<\/div>\n\t\t<div class=\"elementor-element elementor-element-6efa09e5 e-flex e-con-boxed e-con e-parent\" data-id=\"6efa09e5\" data-element_type=\"container\" data-e-type=\"container\" data-settings=\"{&quot;background_background&quot;:&quot;classic&quot;}\">\n\t\t\t\t\t<div class=\"e-con-inner\">\n\t\t<div class=\"elementor-element elementor-element-5e1810d2 e-con-full e-flex e-con e-child\" data-id=\"5e1810d2\" data-element_type=\"container\" data-e-type=\"container\">\n\t\t\t\t<div class=\"elementor-element elementor-element-ca81f01 elementor-hidden-widescreen elementor-hidden-desktop elementor-hidden-laptop elementor-hidden-tablet_extra elementor-hidden-mobile_extra elementor-widget elementor-widget-image\" data-id=\"ca81f01\" data-element_type=\"widget\" data-e-type=\"widget\" data-widget_type=\"image.default\">\n\t\t\t\t<div class=\"elementor-widget-container\">\n\t\t\t\t\t\t\t\t\t\t\t\t\t\t\t<img decoding=\"async\" width=\"800\" height=\"343\" src=\"https:\/\/tjekvik.com\/wp-content\/uploads\/2025\/03\/Dynamic-Motors-showroom-2.webp\" class=\"attachment-large size-large wp-image-14534\" alt=\"Dynamic Motors showroom 2\" srcset=\"https:\/\/tjekvik.com\/wp-content\/uploads\/2025\/03\/Dynamic-Motors-showroom-2.webp 967w, https:\/\/tjekvik.com\/wp-content\/uploads\/2025\/03\/Dynamic-Motors-showroom-2-300x129.webp 300w, https:\/\/tjekvik.com\/wp-content\/uploads\/2025\/03\/Dynamic-Motors-showroom-2-768x330.webp 768w\" sizes=\"(max-width: 800px) 100vw, 800px\" title=\"Dynamic Motors showroom 2 | Tjekvik\" \/>\t\t\t\t\t\t\t\t\t\t\t\t\t\t\t<\/div>\n\t\t\t\t<\/div>\n\t\t\t\t<div class=\"elementor-element elementor-element-7f4a7fdb elementor-widget elementor-widget-heading\" data-id=\"7f4a7fdb\" data-element_type=\"widget\" data-e-type=\"widget\" data-widget_type=\"heading.default\">\n\t\t\t\t<div class=\"elementor-widget-container\">\n\t\t\t\t\t<h2 class=\"elementor-heading-title elementor-size-default\">Rozwi\u0105zanie: Wdro\u017cenie kiosk\u00f3w samoobs\u0142ugowych Tjekvik<\/h2>\t\t\t\t<\/div>\n\t\t\t\t<\/div>\n\t\t\t\t<div class=\"elementor-element elementor-element-22602e38 elementor-widget elementor-widget-text-editor\" data-id=\"22602e38\" data-element_type=\"widget\" data-e-type=\"widget\" data-widget_type=\"text-editor.default\">\n\t\t\t\t<div class=\"elementor-widget-container\">\n\t\t\t\t\t\t\t\t\t<div class=\"row-fluid-wrapper row-depth-1 row-number-7 dnd_area-row-2-background-layers dnd_area-row-2-padding dnd_area-row-2-background-color dnd_area-row-2-max-width-section-centering dnd-section dnd_area-row-2-vertical-alignment\">\n<div class=\"row-fluid \">\n<div class=\"span12 widget-span widget-type-cell dnd_area-column-10-vertical-alignment dnd-column\" data-widget-type=\"cell\" data-x=\"0\" data-w=\"12\">\n<div class=\"row-fluid-wrapper row-depth-1 row-number-8 dnd_area-column-10-row-0-vertical-alignment dnd-row\">\n<div class=\"row-fluid \">\n<div class=\"span12 widget-span widget-type-custom_widget dnd_area-module-12-vertical-alignment dnd-module\" data-widget-type=\"custom_widget\" data-x=\"0\" data-w=\"12\">\n<div id=\"hs_cos_wrapper_dnd_area-module-12\" class=\"hs_cos_wrapper hs_cos_wrapper_widget hs_cos_wrapper_type_module widget-type-rich_text widget-type-rich_text\" data-hs-cos-general-type=\"widget\" data-hs-cos-type=\"module\">\n<p>W 2021 roku, pod kierownictwem Krzysztofa Ejdowskiego, dyrektora oddzia\u0142u, Dynamic Motors uruchomi\u0142o program pilota\u017cowy w Toruniu, wdra\u017caj\u0105c inteligentne kioski samoobs\u0142ugowe Tjekvik. Po sukcesie tego pilota\u017cu, inicjatywa zosta\u0142a rozszerzona na dwie dodatkowe lokalizacje, a w planach jest wdro\u017cenie w sumie czterech miejsc, w tym nowego oddzia\u0142u, kt\u00f3ry zostanie otwarty w III kwartale 2024 roku. <\/p>\n<p>Dynamic Motors obecnie obs\u0142uguje sze\u015b\u0107 kiosk\u00f3w w swoich lokalizacjach, w tym trzy wewn\u0119trzne i trzy zewn\u0119trzne. Kioski te umo\u017cliwiaj\u0105 klientom szybkie i efektywne zameldowanie i wymeldowanie pojazd\u00f3w, zar\u00f3wno na miejscu, jak i zdalnie za pomoc\u0105 w\u0142asnych urz\u0105dze\u0144. <\/p>\n<\/div>\n<\/div>\n<\/div>\n<\/div>\n<\/div>\n<\/div>\n<\/div>\n\t\t\t\t\t\t\t\t<\/div>\n\t\t\t\t<\/div>\n\t\t\t\t<div class=\"elementor-element elementor-element-edf6f31 elementor-hidden-tablet elementor-hidden-mobile elementor-widget elementor-widget-image\" data-id=\"edf6f31\" data-element_type=\"widget\" data-e-type=\"widget\" data-widget_type=\"image.default\">\n\t\t\t\t<div class=\"elementor-widget-container\">\n\t\t\t\t\t\t\t\t\t\t\t\t\t\t\t<img decoding=\"async\" width=\"800\" height=\"343\" src=\"https:\/\/tjekvik.com\/wp-content\/uploads\/2025\/03\/Dynamic-Motors-showroom-2.webp\" class=\"attachment-large size-large wp-image-14534\" alt=\"Dynamic Motors showroom 2\" srcset=\"https:\/\/tjekvik.com\/wp-content\/uploads\/2025\/03\/Dynamic-Motors-showroom-2.webp 967w, https:\/\/tjekvik.com\/wp-content\/uploads\/2025\/03\/Dynamic-Motors-showroom-2-300x129.webp 300w, https:\/\/tjekvik.com\/wp-content\/uploads\/2025\/03\/Dynamic-Motors-showroom-2-768x330.webp 768w\" sizes=\"(max-width: 800px) 100vw, 800px\" title=\"Dynamic Motors showroom 2 | Tjekvik\" \/>\t\t\t\t\t\t\t\t\t\t\t\t\t\t\t<\/div>\n\t\t\t\t<\/div>\n\t\t\t\t<\/div>\n\t\t\t\t\t<\/div>\n\t\t\t\t<\/div>\n\t\t<div class=\"elementor-element elementor-element-22be5fd e-flex e-con-boxed e-con e-parent\" data-id=\"22be5fd\" data-element_type=\"container\" data-e-type=\"container\">\n\t\t\t\t\t<div class=\"e-con-inner\">\n\t\t\t\t<div class=\"elementor-element elementor-element-85fcab4 elementor-widget elementor-widget-heading\" data-id=\"85fcab4\" data-element_type=\"widget\" data-e-type=\"widget\" data-widget_type=\"heading.default\">\n\t\t\t\t<div class=\"elementor-widget-container\">\n\t\t\t\t\t<h2 class=\"elementor-heading-title elementor-size-default\">Proces wdro\u017cenia, kluczowe wska\u017aniki i opinie klient\u00f3w<\/h2>\t\t\t\t<\/div>\n\t\t\t\t<\/div>\n\t\t\t\t\t<\/div>\n\t\t\t\t<\/div>\n\t\t<div class=\"elementor-element elementor-element-8387b2b e-grid e-con-boxed e-con e-parent\" data-id=\"8387b2b\" data-element_type=\"container\" data-e-type=\"container\">\n\t\t\t\t\t<div class=\"e-con-inner\">\n\t\t\t\t<div class=\"elementor-element elementor-element-35f4fc2 elementor-widget elementor-widget-image\" data-id=\"35f4fc2\" data-element_type=\"widget\" data-e-type=\"widget\" data-widget_type=\"image.default\">\n\t\t\t\t<div class=\"elementor-widget-container\">\n\t\t\t\t\t\t\t\t\t\t\t\t\t\t\t<img loading=\"lazy\" decoding=\"async\" width=\"683\" height=\"1024\" src=\"https:\/\/tjekvik.com\/wp-content\/uploads\/2025\/03\/Tjekvik-terminal-1-683x1024.webp\" class=\"attachment-large size-large wp-image-14552\" alt=\"\" srcset=\"https:\/\/tjekvik.com\/wp-content\/uploads\/2025\/03\/Tjekvik-terminal-1-683x1024.webp 683w, https:\/\/tjekvik.com\/wp-content\/uploads\/2025\/03\/Tjekvik-terminal-1-200x300.webp 200w, https:\/\/tjekvik.com\/wp-content\/uploads\/2025\/03\/Tjekvik-terminal-1-768x1152.webp 768w, https:\/\/tjekvik.com\/wp-content\/uploads\/2025\/03\/Tjekvik-terminal-1-1024x1536.webp 1024w, https:\/\/tjekvik.com\/wp-content\/uploads\/2025\/03\/Tjekvik-terminal-1.webp 1333w\" sizes=\"(max-width: 683px) 100vw, 683px\" title=\"Tjekvik terminal | Tjekvik\" \/>\t\t\t\t\t\t\t\t\t\t\t\t\t\t\t<\/div>\n\t\t\t\t<\/div>\n\t\t\t\t<div class=\"elementor-element elementor-element-cb9706a elementor-widget elementor-widget-text-editor\" data-id=\"cb9706a\" data-element_type=\"widget\" data-e-type=\"widget\" data-widget_type=\"text-editor.default\">\n\t\t\t\t<div class=\"elementor-widget-container\">\n\t\t\t\t\t\t\t\t\t<p>Wdro\u017cenie kiosk\u00f3w samoobs\u0142ugowych przebieg\u0142o sprawnie, mimo pewnych wyzwa\u0144 logistycznych spowodowanych pandemi\u0105. Pocz\u0105tkowo firma wprowadzi\u0142a kioski wewn\u0119trzne, a nast\u0119pnie bardziej zaawansowane technologicznie kioski zewn\u0119trzne, wyposa\u017cone w bezpieczne skrytki na kluczyki i du\u017ce ekrany dotykowe. Ten post\u0119p technologiczny stale poprawia efektywno\u015b\u0107 procesu zameldowania i wymeldowania.  <\/p>\n<p>Kioski samoobs\u0142ugowe spotka\u0142y si\u0119 z pozytywnym odbiorem, a ponad 80% klient\u00f3w wystawi\u0142o pozytywne opinie. Marek Sojecki, dyrektor ds. posprzeda\u017cy w Dynamic Motors, zauwa\u017ca, \u017ce kioski usprawni\u0142y proces zostawiania i odbierania pojazd\u00f3w, oszcz\u0119dzaj\u0105c czas zar\u00f3wno klientom, jak i doradcom serwisowym. System ten okaza\u0142 si\u0119 szczeg\u00f3lnie korzystny dla klient\u00f3w o napi\u0119tych harmonogramach, umo\u017cliwiaj\u0105c im pozostawienie pojazd\u00f3w w dogodnym dla nich czasie i unikanie kolejek.  <\/p>\n<p>Doradcy serwisowi pocz\u0105tkowo musieli nauczy\u0107 si\u0119 obs\u0142ugi nowego systemu, ale szybko si\u0119 do niego przyzwyczaili. Samoobs\u0142ugowe kioski uwolni\u0142y czas doradc\u00f3w, pozwalaj\u0105c im skupi\u0107 si\u0119 na bardziej z\u0142o\u017conych interakcjach z klientami i poprawi\u0107 ich og\u00f3ln\u0105 produktywno\u015b\u0107. Intuicyjna konstrukcja systemu i wsparcie ze strony asystent\u00f3w serwisowych u\u0142atwi\u0142y klientom korzystanie z kiosk\u00f3w, jeszcze bardziej poprawiaj\u0105c jako\u015b\u0107 obs\u0142ugi klienta.  <\/p>\n<div class=\"span12 widget-span widget-type-custom_widget dnd-module\" data-widget-type=\"custom_widget\" data-x=\"0\" data-w=\"12\">\n<div id=\"hs_cos_wrapper_module_17128418950364\" class=\"hs_cos_wrapper hs_cos_wrapper_widget hs_cos_wrapper_type_module widget-type-rich_text\" data-hs-cos-general-type=\"widget\" data-hs-cos-type=\"module\">\n<p>Wprowadzenie kiosk\u00f3w nie wp\u0142yn\u0119\u0142o znacz\u0105co na proces sprzeda\u017cy, ale wymaga\u0142o wzmocnienia dzia\u0142a\u0144 marketingowych w celu edukacji klient\u00f3w na temat nowego systemu. Obejmuje to informacyjne banery, kampanie w mediach spo\u0142eczno\u015bciowych oraz materia\u0142y instrukta\u017cowe. Proces posprzeda\u017cowy r\u00f3wnie\u017c zosta\u0142 zoptymalizowany, a zautomatyzowane powiadomienia SMS informuj\u0105 klient\u00f3w na ka\u017cdym etapie us\u0142ugi.  <\/p>\n<\/div>\n<\/div>\n\t\t\t\t\t\t\t\t<\/div>\n\t\t\t\t<\/div>\n\t\t\t\t\t<\/div>\n\t\t\t\t<\/div>\n\t\t<div class=\"elementor-element elementor-element-84fe65b e-flex e-con-boxed e-con e-parent\" data-id=\"84fe65b\" data-element_type=\"container\" data-e-type=\"container\" data-settings=\"{&quot;background_background&quot;:&quot;classic&quot;}\">\n\t\t\t\t\t<div class=\"e-con-inner\">\n\t\t<div class=\"elementor-element elementor-element-b8c220a e-con-full e-flex e-con e-child\" data-id=\"b8c220a\" data-element_type=\"container\" data-e-type=\"container\">\n\t\t\t\t<div class=\"elementor-element elementor-element-9bfbbcb elementor-widget elementor-widget-heading\" data-id=\"9bfbbcb\" data-element_type=\"widget\" data-e-type=\"widget\" data-widget_type=\"heading.default\">\n\t\t\t\t<div class=\"elementor-widget-container\">\n\t\t\t\t\t<h2 class=\"elementor-heading-title elementor-size-default\">Korzy\u015bci i przysz\u0142e perspektywy<\/h2>\t\t\t\t<\/div>\n\t\t\t\t<\/div>\n\t\t\t\t<div class=\"elementor-element elementor-element-d621095 elementor-widget elementor-widget-text-editor\" data-id=\"d621095\" data-element_type=\"widget\" data-e-type=\"widget\" data-widget_type=\"text-editor.default\">\n\t\t\t\t<div class=\"elementor-widget-container\">\n\t\t\t\t\t\t\t\t\t<p>Kioski samoobs\u0142ugowe przynios\u0142y szereg korzy\u015bci, w tym zwi\u0119kszenie efektywno\u015bci operacyjnej, popraw\u0119 satysfakcji klient\u00f3w oraz dodatkowe przychody z sprzeda\u017cy us\u0142ug, takich jak mycie pojazd\u00f3w i czyszczenie klimatyzacji. Klienci doceniaj\u0105 elastyczno\u015b\u0107 i wygod\u0119 kiosk\u00f3w, kt\u00f3re pozwalaj\u0105 im zostawi\u0107 i odebra\u0107 pojazdy poza standardowymi godzinami pracy. <\/p>\n<p>W przysz\u0142o\u015bci Dynamic Motors planuje dalsz\u0105 integracj\u0119 system\u00f3w p\u0142atno\u015bci z kioskami, umo\u017cliwiaj\u0105c p\u0142ynne po\u0142\u0105czenie mi\u0119dzy p\u0142atno\u015bciami za us\u0142ugi a odbiorem kluczyk\u00f3w. Ci\u0105g\u0142e aktualizacje oprogramowania i ulepszenia przyjazne dla u\u017cytkownik\u00f3w s\u0105 r\u00f3wnie\u017c w planach, aby kioski by\u0142y zgodne z trendami rynkowymi i oczekiwaniami klient\u00f3w. <\/p>\n<h2>Podsumowanie<\/h2>\n<p>Wdro\u017cenie kiosk\u00f3w samoobs\u0142ugowych Tjekvik przez Dynamic Motors umocni\u0142a pozycj\u0119 firmy jako lidera innowacji w bran\u017cy us\u0142ug motoryzacyjnych. Dzi\u0119ki wdro\u017ceniu cyfrowych rozwi\u0105za\u0144, Dynamic Motors poprawi\u0142o jako\u015b\u0107 us\u0142ug, zwi\u0119kszy\u0142o zadowolenie klient\u00f3w i ustanowi\u0142o nowy standard w dostarczaniu us\u0142ug serwisowych. <\/p>\n\t\t\t\t\t\t\t\t<\/div>\n\t\t\t\t<\/div>\n\t\t\t\t<\/div>\n\t\t<div class=\"elementor-element elementor-element-22184de e-con-full elementor-hidden-tablet elementor-hidden-mobile e-flex e-con e-child\" data-id=\"22184de\" data-element_type=\"container\" data-e-type=\"container\">\n\t\t\t\t<div class=\"elementor-element elementor-element-cb5b900 elementor-widget elementor-widget-image\" data-id=\"cb5b900\" data-element_type=\"widget\" data-e-type=\"widget\" data-widget_type=\"image.default\">\n\t\t\t\t<div class=\"elementor-widget-container\">\n\t\t\t\t\t\t\t\t\t\t\t\t\t\t\t<img loading=\"lazy\" decoding=\"async\" width=\"600\" height=\"800\" src=\"https:\/\/tjekvik.com\/wp-content\/uploads\/2025\/03\/Tjekvik-terminal-2.webp\" class=\"attachment-medium_large size-medium_large wp-image-14567\" alt=\"Tjekvik terminal\" srcset=\"https:\/\/tjekvik.com\/wp-content\/uploads\/2025\/03\/Tjekvik-terminal-2.webp 600w, https:\/\/tjekvik.com\/wp-content\/uploads\/2025\/03\/Tjekvik-terminal-2-225x300.webp 225w\" sizes=\"(max-width: 600px) 100vw, 600px\" title=\"Tjekvik terminal 2 | Tjekvik\" \/>\t\t\t\t\t\t\t\t\t\t\t\t\t\t\t<\/div>\n\t\t\t\t<\/div>\n\t\t\t\t<\/div>\n\t\t\t\t\t<\/div>\n\t\t\t\t<\/div>\n\t\t\t\t<\/div>\n\t\t","protected":false},"excerpt":{"rendered":"<p>SILNIKI DYNAMICZNE BMW Dynamic Motors wdra\u017ca inteligentn\u0105 technologi\u0119 samoobs\u0142ugow\u0105 dla klient\u00f3w BMW i Mini w swoich salonach dealerskich 31 maja 2024 Dynamic Motors zwyci\u0119zc\u0105 konkursu na najlepszy rozw\u00f3j serwisu 2023 w Polsce, z powodzeniem wprowadza do obs\u0142ugi klient\u00f3w kioski samoobs\u0142ugowe Tjekvik, aby zapewni\u0107 klientom wi\u0119ksz\u0105 dost\u0119pno\u015b\u0107 us\u0142ug i ci\u0105gle doskonali\u0107 jako\u015b\u0107 obs\u0142ugi. Automatyzacja proces\u00f3w wp\u0142ywa [&hellip;]<\/p>\n","protected":false},"author":22,"featured_media":0,"parent":3856,"menu_order":0,"comment_status":"closed","ping_status":"closed","template":"","meta":{"_acf_changed":false,"footnotes":""},"class_list":["post-14832","page","type-page","status-publish","hentry"],"acf":[],"aioseo_notices":[],"_links":{"self":[{"href":"https:\/\/tjekvik.com\/pl\/wp-json\/wp\/v2\/pages\/14832","targetHints":{"allow":["GET"]}}],"collection":[{"href":"https:\/\/tjekvik.com\/pl\/wp-json\/wp\/v2\/pages"}],"about":[{"href":"https:\/\/tjekvik.com\/pl\/wp-json\/wp\/v2\/types\/page"}],"author":[{"embeddable":true,"href":"https:\/\/tjekvik.com\/pl\/wp-json\/wp\/v2\/users\/22"}],"replies":[{"embeddable":true,"href":"https:\/\/tjekvik.com\/pl\/wp-json\/wp\/v2\/comments?post=14832"}],"version-history":[{"count":3,"href":"https:\/\/tjekvik.com\/pl\/wp-json\/wp\/v2\/pages\/14832\/revisions"}],"predecessor-version":[{"id":15337,"href":"https:\/\/tjekvik.com\/pl\/wp-json\/wp\/v2\/pages\/14832\/revisions\/15337"}],"up":[{"embeddable":true,"href":"https:\/\/tjekvik.com\/pl\/wp-json\/wp\/v2\/pages\/3856"}],"wp:attachment":[{"href":"https:\/\/tjekvik.com\/pl\/wp-json\/wp\/v2\/media?parent=14832"}],"curies":[{"name":"wp","href":"https:\/\/api.w.org\/{rel}","templated":true}]}}