{"id":18518,"date":"2025-06-10T19:55:18","date_gmt":"2025-06-10T19:55:18","guid":{"rendered":"https:\/\/tjekvik.com\/nagranie-webinarium-jakosc-danych-czerwiec-2025-r\/"},"modified":"2025-06-11T09:07:18","modified_gmt":"2025-06-11T09:07:18","slug":"nagranie-webinarium-jakosc-danych-czerwiec-2025-r","status":"publish","type":"page","link":"https:\/\/tjekvik.com\/pl\/nagranie-webinarium-jakosc-danych-czerwiec-2025-r\/","title":{"rendered":"Nagranie webinarium &#8211; Jako\u015b\u0107 danych"},"content":{"rendered":"\t\t<div data-elementor-type=\"wp-page\" data-elementor-id=\"18518\" class=\"elementor elementor-18518 elementor-18501\" data-elementor-post-type=\"page\">\n\t\t\t\t<div class=\"elementor-element elementor-element-c961d4d e-flex e-con-boxed e-con e-parent\" data-id=\"c961d4d\" data-element_type=\"container\" data-e-type=\"container\" data-settings=\"{&quot;background_background&quot;:&quot;classic&quot;}\">\n\t\t\t\t\t<div class=\"e-con-inner\">\n\t\t<div class=\"elementor-element elementor-element-3d4c4d5 e-con-full e-flex e-con e-child\" data-id=\"3d4c4d5\" data-element_type=\"container\" data-e-type=\"container\">\n\t\t\t\t<div class=\"elementor-element elementor-element-99f189d elementor-widget elementor-widget-heading\" data-id=\"99f189d\" data-element_type=\"widget\" data-e-type=\"widget\" data-widget_type=\"heading.default\">\n\t\t\t\t<div class=\"elementor-widget-container\">\n\t\t\t\t\t<h1 class=\"elementor-heading-title elementor-size-default\">Zwi\u0119ksz wydajno\u015b\u0107 samoobs\u0142ugi dzi\u0119ki lepszej jako\u015bci danych<\/h1>\t\t\t\t<\/div>\n\t\t\t\t<\/div>\n\t\t\t\t<div class=\"elementor-element elementor-element-6a44000 elementor-widget elementor-widget-text-editor\" data-id=\"6a44000\" data-element_type=\"widget\" data-e-type=\"widget\" data-widget_type=\"text-editor.default\">\n\t\t\t\t<div class=\"elementor-widget-container\">\n\t\t\t\t\t\t\t\t\t<p>10 czerwca 2025 r.<\/p>\t\t\t\t\t\t\t\t<\/div>\n\t\t\t\t<\/div>\n\t\t\t\t<\/div>\n\t\t\t\t\t<\/div>\n\t\t\t\t<\/div>\n\t\t<div class=\"elementor-element elementor-element-297c897 e-flex e-con-boxed e-con e-parent\" data-id=\"297c897\" data-element_type=\"container\" data-e-type=\"container\">\n\t\t\t\t\t<div class=\"e-con-inner\">\n\t\t\t\t<div class=\"elementor-element elementor-element-0b2badb elementor-widget elementor-widget-spacer\" data-id=\"0b2badb\" data-element_type=\"widget\" data-e-type=\"widget\" data-widget_type=\"spacer.default\">\n\t\t\t\t<div class=\"elementor-widget-container\">\n\t\t\t\t\t\t\t<div class=\"elementor-spacer\">\n\t\t\t<div class=\"elementor-spacer-inner\"><\/div>\n\t\t<\/div>\n\t\t\t\t\t\t<\/div>\n\t\t\t\t<\/div>\n\t\t\t\t\t<\/div>\n\t\t\t\t<\/div>\n\t\t<div class=\"elementor-element elementor-element-e36675a e-flex e-con-boxed e-con e-parent\" data-id=\"e36675a\" data-element_type=\"container\" data-e-type=\"container\">\n\t\t\t\t\t<div class=\"e-con-inner\">\n\t\t<div class=\"elementor-element elementor-element-3f88bca e-con-full e-flex e-con e-child\" data-id=\"3f88bca\" data-element_type=\"container\" data-e-type=\"container\">\n\t\t\t\t<div class=\"elementor-element elementor-element-d2b7df2 elementor-widget elementor-widget-heading\" data-id=\"d2b7df2\" data-element_type=\"widget\" data-e-type=\"widget\" data-widget_type=\"heading.default\">\n\t\t\t\t<div class=\"elementor-widget-container\">\n\t\t\t\t\t<h2 class=\"elementor-heading-title elementor-size-default\">Zwi\u0119ksz wydajno\u015b\u0107 samoobs\u0142ugi dzi\u0119ki lepszej jako\u015bci danych<\/h2>\t\t\t\t<\/div>\n\t\t\t\t<\/div>\n\t\t\t\t<div class=\"elementor-element elementor-element-d62de34 elementor-widget elementor-widget-text-editor\" data-id=\"d62de34\" data-element_type=\"widget\" data-e-type=\"widget\" data-widget_type=\"text-editor.default\">\n\t\t\t\t<div class=\"elementor-widget-container\">\n\t\t\t\t\t\t\t\t\t<div class=\"elementor-element elementor-element-3d2637e elementor-widget elementor-widget-text-editor\" data-id=\"3d2637e\" data-element_type=\"widget\" data-widget_type=\"text-editor.default\"><div class=\"elementor-widget-container\"><p>Jako\u015b\u0107 danych odgrywa kluczow\u0105 rol\u0119 w maksymalizacji zwrotu z inwestycji w technologi\u0119 samoobs\u0142ugow\u0105.<\/p><p>Podczas tego webinarium dowiesz si\u0119, jak identyfikowa\u0107, bada\u0107 i rozwi\u0105zywa\u0107 problemy zwi\u0105zane z nisk\u0105 jako\u015bci\u0105 danych klient\u00f3w.  <\/p><p>Sarah Rukas, lider ds. sukcesu klient\u00f3w w Wielkiej Brytanii, zwraca uwag\u0119 na typowe \u017ar\u00f3d\u0142a niskiej jako\u015bci danych i omawia mo\u017cliwe do podj\u0119cia kroki w celu poprawy jako\u015bci danych.  <\/p><\/div><\/div>\t\t\t\t\t\t\t\t<\/div>\n\t\t\t\t<\/div>\n\t\t\t\t<\/div>\n\t\t\t\t<div class=\"elementor-element elementor-element-2ac7bbb elementor-widget elementor-widget-spacer\" data-id=\"2ac7bbb\" data-element_type=\"widget\" data-e-type=\"widget\" data-widget_type=\"spacer.default\">\n\t\t\t\t<div class=\"elementor-widget-container\">\n\t\t\t\t\t\t\t<div class=\"elementor-spacer\">\n\t\t\t<div class=\"elementor-spacer-inner\"><\/div>\n\t\t<\/div>\n\t\t\t\t\t\t<\/div>\n\t\t\t\t<\/div>\n\t\t<div class=\"elementor-element elementor-element-efc9f46 e-con-full e-flex e-con e-child\" data-id=\"efc9f46\" data-element_type=\"container\" data-e-type=\"container\">\n\t\t\t\t<div class=\"elementor-element elementor-element-6ed0ddb elementor-widget elementor-widget-text-editor\" data-id=\"6ed0ddb\" data-element_type=\"widget\" data-e-type=\"widget\" data-widget_type=\"text-editor.default\">\n\t\t\t\t<div class=\"elementor-widget-container\">\n\t\t\t\t\t\t\t\t\t<p><strong>Obejrzyj nagranie<\/strong><\/p>\t\t\t\t\t\t\t\t<\/div>\n\t\t\t\t<\/div>\n\t\t\t\t<div class=\"elementor-element elementor-element-662515a elementor-widget elementor-widget-html\" data-id=\"662515a\" data-element_type=\"widget\" data-e-type=\"widget\" data-widget_type=\"html.default\">\n\t\t\t\t<div class=\"elementor-widget-container\">\n\t\t\t\t\t<script charset=\"utf-8\" type=\"text\/javascript\" src=\"\/\/js-eu1.hsforms.net\/forms\/embed\/v2.js\"><\/script><script>hbspt.forms.create({\n    portalId: \"26682254\",\n    formId: \"3a82fb3f-e1d7-43fc-9f60-a2f49b0e6cc5\",\n    region: \"eu1\"\n  });\n<\/script>\t\t\t\t<\/div>\n\t\t\t\t<\/div>\n\t\t\t\t<\/div>\n\t\t\t\t\t<\/div>\n\t\t\t\t<\/div>\n\t\t\t\t<\/div>\n\t\t","protected":false},"excerpt":{"rendered":"<p>Obejrzyj nasze nagranie webinaru, aby dowiedzie\u0107 si\u0119, jak nudging mo\u017ce poprawi\u0107 przyj\u0119cie samoobs\u0142ugi w Twoim salonie.<\/p>\n","protected":false},"author":29,"featured_media":18600,"parent":0,"menu_order":0,"comment_status":"closed","ping_status":"closed","template":"","meta":{"_acf_changed":false,"footnotes":""},"class_list":["post-18518","page","type-page","status-publish","has-post-thumbnail","hentry"],"acf":[],"aioseo_notices":[],"_links":{"self":[{"href":"https:\/\/tjekvik.com\/pl\/wp-json\/wp\/v2\/pages\/18518","targetHints":{"allow":["GET"]}}],"collection":[{"href":"https:\/\/tjekvik.com\/pl\/wp-json\/wp\/v2\/pages"}],"about":[{"href":"https:\/\/tjekvik.com\/pl\/wp-json\/wp\/v2\/types\/page"}],"author":[{"embeddable":true,"href":"https:\/\/tjekvik.com\/pl\/wp-json\/wp\/v2\/users\/29"}],"replies":[{"embeddable":true,"href":"https:\/\/tjekvik.com\/pl\/wp-json\/wp\/v2\/comments?post=18518"}],"version-history":[{"count":3,"href":"https:\/\/tjekvik.com\/pl\/wp-json\/wp\/v2\/pages\/18518\/revisions"}],"predecessor-version":[{"id":18551,"href":"https:\/\/tjekvik.com\/pl\/wp-json\/wp\/v2\/pages\/18518\/revisions\/18551"}],"wp:featuredmedia":[{"embeddable":true,"href":"https:\/\/tjekvik.com\/pl\/wp-json\/wp\/v2\/media\/18600"}],"wp:attachment":[{"href":"https:\/\/tjekvik.com\/pl\/wp-json\/wp\/v2\/media?parent=18518"}],"curies":[{"name":"wp","href":"https:\/\/api.w.org\/{rel}","templated":true}]}}