{"id":21379,"date":"2025-09-09T13:59:07","date_gmt":"2025-09-09T13:59:07","guid":{"rendered":"https:\/\/tjekvik.com\/raport-z-badania-niemieckich-konsumentow\/"},"modified":"2025-09-10T08:31:17","modified_gmt":"2025-09-10T08:31:17","slug":"raport-z-badania-niemieckich-konsumentow","status":"publish","type":"page","link":"https:\/\/tjekvik.com\/pl\/raport-z-badania-niemieckich-konsumentow\/","title":{"rendered":"Raport z badania niemieckich konsument\u00f3w"},"content":{"rendered":"\t\t<div data-elementor-type=\"wp-page\" data-elementor-id=\"21379\" class=\"elementor elementor-21379 elementor-21264\" data-elementor-post-type=\"page\">\n\t\t\t\t<div class=\"elementor-element elementor-element-c961d4d e-flex e-con-boxed e-con e-parent\" data-id=\"c961d4d\" data-element_type=\"container\" data-e-type=\"container\" data-settings=\"{&quot;background_background&quot;:&quot;classic&quot;}\">\n\t\t\t\t\t<div class=\"e-con-inner\">\n\t\t<div class=\"elementor-element elementor-element-3d4c4d5 e-con-full e-flex e-con e-child\" data-id=\"3d4c4d5\" data-element_type=\"container\" data-e-type=\"container\">\n\t\t\t\t<div class=\"elementor-element elementor-element-99f189d elementor-widget elementor-widget-heading\" data-id=\"99f189d\" data-element_type=\"widget\" data-e-type=\"widget\" data-widget_type=\"heading.default\">\n\t\t\t\t<div class=\"elementor-widget-container\">\n\t\t\t\t\t<h1 class=\"elementor-heading-title elementor-size-default\">Raport posprzeda\u017cowy: Trendy konsumenckie w Niemczech<\/h1>\t\t\t\t<\/div>\n\t\t\t\t<\/div>\n\t\t\t\t<div class=\"elementor-element elementor-element-6a44000 elementor-widget elementor-widget-text-editor\" data-id=\"6a44000\" data-element_type=\"widget\" data-e-type=\"widget\" data-widget_type=\"text-editor.default\">\n\t\t\t\t<div class=\"elementor-widget-container\">\n\t\t\t\t\t\t\t\t\t<div class=\"wp-block-group is-content-justification-left is-layout-constrained wp-container-core-group-is-layout-2 wp-block-group-is-layout-constrained\"><p class=\"has-v-8-gray-color has-text-color has-link-color wp-elements-101e5bad1ef9ba6f659675d051178bd3\">Kluczowe trendy konsumenckie kszta\u0142tuj\u0105ce niemiecki rynek cyfrowej obs\u0142ugi posprzeda\u017cnej.<\/p><\/div>\t\t\t\t\t\t\t\t<\/div>\n\t\t\t\t<\/div>\n\t\t\t\t<\/div>\n\t\t\t\t\t<\/div>\n\t\t\t\t<\/div>\n\t\t<div class=\"elementor-element elementor-element-297c897 e-flex e-con-boxed e-con e-parent\" data-id=\"297c897\" data-element_type=\"container\" data-e-type=\"container\">\n\t\t\t\t\t<div class=\"e-con-inner\">\n\t\t\t\t<div class=\"elementor-element elementor-element-0b2badb elementor-widget elementor-widget-spacer\" data-id=\"0b2badb\" data-element_type=\"widget\" data-e-type=\"widget\" data-widget_type=\"spacer.default\">\n\t\t\t\t<div class=\"elementor-widget-container\">\n\t\t\t\t\t\t\t<div class=\"elementor-spacer\">\n\t\t\t<div class=\"elementor-spacer-inner\"><\/div>\n\t\t<\/div>\n\t\t\t\t\t\t<\/div>\n\t\t\t\t<\/div>\n\t\t\t\t\t<\/div>\n\t\t\t\t<\/div>\n\t\t<div class=\"elementor-element elementor-element-7b87b42 e-flex e-con-boxed e-con e-parent\" data-id=\"7b87b42\" data-element_type=\"container\" data-e-type=\"container\">\n\t\t\t\t\t<div class=\"e-con-inner\">\n\t\t\t\t<div class=\"elementor-element elementor-element-06eb696 elementor-hidden-widescreen elementor-hidden-desktop elementor-hidden-laptop elementor-hidden-tablet_extra elementor-hidden-mobile_extra elementor-widget elementor-widget-image\" data-id=\"06eb696\" data-element_type=\"widget\" data-e-type=\"widget\" data-widget_type=\"image.default\">\n\t\t\t\t<div class=\"elementor-widget-container\">\n\t\t\t\t\t\t\t\t\t\t\t\t\t\t\t<img fetchpriority=\"high\" decoding=\"async\" width=\"212\" height=\"300\" src=\"https:\/\/tjekvik.com\/wp-content\/uploads\/2025\/09\/German_report_mob-212x300.png\" class=\"attachment-medium size-medium wp-image-21449\" alt=\"German_report_mobile\" srcset=\"https:\/\/tjekvik.com\/wp-content\/uploads\/2025\/09\/German_report_mob-212x300.png 212w, https:\/\/tjekvik.com\/wp-content\/uploads\/2025\/09\/German_report_mob-724x1024.png 724w, https:\/\/tjekvik.com\/wp-content\/uploads\/2025\/09\/German_report_mob-768x1086.png 768w, https:\/\/tjekvik.com\/wp-content\/uploads\/2025\/09\/German_report_mob-1086x1536.png 1086w, https:\/\/tjekvik.com\/wp-content\/uploads\/2025\/09\/German_report_mob.png 1414w\" sizes=\"(max-width: 212px) 100vw, 212px\" title=\"German_report_mob | Tjekvik\" \/>\t\t\t\t\t\t\t\t\t\t\t\t\t\t\t<\/div>\n\t\t\t\t<\/div>\n\t\t\t\t\t<\/div>\n\t\t\t\t<\/div>\n\t\t<div class=\"elementor-element elementor-element-e36675a e-flex e-con-boxed e-con e-parent\" data-id=\"e36675a\" data-element_type=\"container\" data-e-type=\"container\">\n\t\t\t\t\t<div class=\"e-con-inner\">\n\t\t<div class=\"elementor-element elementor-element-3f88bca e-con-full e-flex e-con e-child\" data-id=\"3f88bca\" data-element_type=\"container\" data-e-type=\"container\">\n\t\t\t\t<div class=\"elementor-element elementor-element-d2b7df2 elementor-widget elementor-widget-heading\" data-id=\"d2b7df2\" data-element_type=\"widget\" data-e-type=\"widget\" data-widget_type=\"heading.default\">\n\t\t\t\t<div class=\"elementor-widget-container\">\n\t\t\t\t\t<h2 class=\"elementor-heading-title elementor-size-default\">Trendy konsumenckie w Niemczech<\/h2>\t\t\t\t<\/div>\n\t\t\t\t<\/div>\n\t\t\t\t<div class=\"elementor-element elementor-element-d62de34 elementor-widget elementor-widget-text-editor\" data-id=\"d62de34\" data-element_type=\"widget\" data-e-type=\"widget\" data-widget_type=\"text-editor.default\">\n\t\t\t\t<div class=\"elementor-widget-container\">\n\t\t\t\t\t\t\t\t\t<p><span class=\"a_GcMg font-feature-liga-off font-feature-clig-off font-feature-calt-off text-decoration-none text-strikethrough-none\">W bran\u017cy przechodz\u0105cej cyfrow\u0105 transformacj\u0119, badanie konsumenckie Tjekvik ujawnia kluczowe trendy i zachowania klient\u00f3w kszta\u0142tuj\u0105ce niemiecki rynek posprzeda\u017cowy:<\/span><\/p><ul><li>56% niemieckich w\u0142a\u015bcicieli samochod\u00f3w twierdzi, \u017ce zazwyczaj musz\u0105 sta\u0107 w kolejce, gdy odwiedzaj\u0105 swojego dealera w celu wykonania prac serwisowych, konserwacyjnych lub naprawczych.<\/li><li>Elastyczne opcje samoobs\u0142ugi pomagaj\u0105 skr\u00f3ci\u0107 czas oczekiwania i zwi\u0119kszy\u0107 zadowolenie klient\u00f3w.<\/li><li>Cyfrowy dost\u0119p do dodatkowych produkt\u00f3w i us\u0142ug stwarza wi\u0119cej mo\u017cliwo\u015bci sprzeda\u017cy dla dealer\u00f3w.<\/li><\/ul><p>Pobierz raport, aby pozna\u0107 pe\u0142ne wyniki badania i dowiedzie\u0107 si\u0119, w jaki spos\u00f3b Tjekvik pomaga dealerom zwi\u0119kszy\u0107 wydajno\u015b\u0107 i przychody.<\/p><p><em>Raport dost\u0119pny w j\u0119zyku niemieckim.<\/em><\/p>\t\t\t\t\t\t\t\t<\/div>\n\t\t\t\t<\/div>\n\t\t\t\t<\/div>\n\t\t\t\t<div class=\"elementor-element elementor-element-2ac7bbb elementor-widget elementor-widget-spacer\" data-id=\"2ac7bbb\" data-element_type=\"widget\" data-e-type=\"widget\" data-widget_type=\"spacer.default\">\n\t\t\t\t<div class=\"elementor-widget-container\">\n\t\t\t\t\t\t\t<div class=\"elementor-spacer\">\n\t\t\t<div class=\"elementor-spacer-inner\"><\/div>\n\t\t<\/div>\n\t\t\t\t\t\t<\/div>\n\t\t\t\t<\/div>\n\t\t<div class=\"elementor-element elementor-element-efc9f46 e-con-full e-flex e-con e-child\" data-id=\"efc9f46\" data-element_type=\"container\" data-e-type=\"container\">\n\t\t\t\t<div class=\"elementor-element elementor-element-6ed0ddb elementor-widget elementor-widget-text-editor\" data-id=\"6ed0ddb\" data-element_type=\"widget\" data-e-type=\"widget\" data-widget_type=\"text-editor.default\">\n\t\t\t\t<div class=\"elementor-widget-container\">\n\t\t\t\t\t\t\t\t\t<p><strong>Pobierz raport<\/strong><\/p>\t\t\t\t\t\t\t\t<\/div>\n\t\t\t\t<\/div>\n\t\t\t\t<div class=\"elementor-element elementor-element-662515a elementor-widget elementor-widget-html\" data-id=\"662515a\" data-element_type=\"widget\" data-e-type=\"widget\" data-widget_type=\"html.default\">\n\t\t\t\t<div class=\"elementor-widget-container\">\n\t\t\t\t\t<script charset=\"utf-8\" type=\"text\/javascript\" src=\"\/\/js-eu1.hsforms.net\/forms\/embed\/v2.js\"><\/script><script>hbspt.forms.create({\n    portalId: \"26682254\",\n    formId: \"d977e74b-1557-4b81-956a-7371c8a4e83f\",\n    region: \"eu1\"\n  });\n<\/script>\t\t\t\t<\/div>\n\t\t\t\t<\/div>\n\t\t\t\t<\/div>\n\t\t\t\t\t<\/div>\n\t\t\t\t<\/div>\n\t\t\t\t<\/div>\n\t\t","protected":false},"excerpt":{"rendered":"<p>Przeczytaj historie naszych klient\u00f3w, aby dowiedzie\u0107 si\u0119, jak setki organizacji zwi\u0119kszy\u0142y swoj\u0105 wydajno\u015b\u0107 i rentowno\u015b\u0107 dzi\u0119ki technologii samoobs\u0142ugowej Tjekvik intelligence.<\/p>\n","protected":false},"author":33,"featured_media":3444,"parent":0,"menu_order":0,"comment_status":"closed","ping_status":"closed","template":"","meta":{"_acf_changed":false,"footnotes":""},"class_list":["post-21379","page","type-page","status-publish","has-post-thumbnail","hentry"],"acf":[],"aioseo_notices":[],"_links":{"self":[{"href":"https:\/\/tjekvik.com\/pl\/wp-json\/wp\/v2\/pages\/21379","targetHints":{"allow":["GET"]}}],"collection":[{"href":"https:\/\/tjekvik.com\/pl\/wp-json\/wp\/v2\/pages"}],"about":[{"href":"https:\/\/tjekvik.com\/pl\/wp-json\/wp\/v2\/types\/page"}],"author":[{"embeddable":true,"href":"https:\/\/tjekvik.com\/pl\/wp-json\/wp\/v2\/users\/33"}],"replies":[{"embeddable":true,"href":"https:\/\/tjekvik.com\/pl\/wp-json\/wp\/v2\/comments?post=21379"}],"version-history":[{"count":6,"href":"https:\/\/tjekvik.com\/pl\/wp-json\/wp\/v2\/pages\/21379\/revisions"}],"predecessor-version":[{"id":21498,"href":"https:\/\/tjekvik.com\/pl\/wp-json\/wp\/v2\/pages\/21379\/revisions\/21498"}],"wp:featuredmedia":[{"embeddable":true,"href":"https:\/\/tjekvik.com\/pl\/wp-json\/wp\/v2\/media\/3444"}],"wp:attachment":[{"href":"https:\/\/tjekvik.com\/pl\/wp-json\/wp\/v2\/media?parent=21379"}],"curies":[{"name":"wp","href":"https:\/\/api.w.org\/{rel}","templated":true}]}}