{"id":22856,"date":"2025-12-15T12:57:24","date_gmt":"2025-12-15T12:57:24","guid":{"rendered":"https:\/\/tjekvik.com\/?page_id=22856"},"modified":"2025-12-17T11:51:45","modified_gmt":"2025-12-17T11:51:45","slug":"whitepaper-maksymalizacja-utrzymania-klientow-w-obsludze-posprzedazowej","status":"publish","type":"page","link":"https:\/\/tjekvik.com\/pl\/whitepapers\/whitepaper-maksymalizacja-utrzymania-klientow-w-obsludze-posprzedazowej\/","title":{"rendered":"Whitepaper &#8211; Maksymalizacja utrzymania klient\u00f3w w obs\u0142udze posprzeda\u017cowej"},"content":{"rendered":"\t\t<div data-elementor-type=\"wp-page\" data-elementor-id=\"22856\" class=\"elementor elementor-22856 elementor-22809\" data-elementor-post-type=\"page\">\n\t\t\t\t<div class=\"elementor-element elementor-element-c961d4d e-flex e-con-boxed e-con e-parent\" data-id=\"c961d4d\" data-element_type=\"container\" data-e-type=\"container\" data-settings=\"{&quot;background_background&quot;:&quot;classic&quot;}\">\n\t\t\t\t\t<div class=\"e-con-inner\">\n\t\t<div class=\"elementor-element elementor-element-3d4c4d5 e-con-full e-flex e-con e-child\" data-id=\"3d4c4d5\" data-element_type=\"container\" data-e-type=\"container\">\n\t\t\t\t<div class=\"elementor-element elementor-element-99f189d elementor-widget elementor-widget-heading\" data-id=\"99f189d\" data-element_type=\"widget\" data-e-type=\"widget\" data-widget_type=\"heading.default\">\n\t\t\t\t<div class=\"elementor-widget-container\">\n\t\t\t\t\t<h1 class=\"elementor-heading-title elementor-size-default\">Jak dealerzy mog\u0105 zmaksymalizowa\u0107 retencj\u0119 klient\u00f3w poprzez przedefiniowanie ich do\u015bwiadcze\u0144?<\/h1>\t\t\t\t<\/div>\n\t\t\t\t<\/div>\n\t\t\t\t<div class=\"elementor-element elementor-element-6a44000 elementor-widget elementor-widget-text-editor\" data-id=\"6a44000\" data-element_type=\"widget\" data-e-type=\"widget\" data-widget_type=\"text-editor.default\">\n\t\t\t\t<div class=\"elementor-widget-container\">\n\t\t\t\t\t\t\t\t\t<div class=\"wp-block-group is-content-justification-left is-layout-constrained wp-container-core-group-is-layout-2 wp-block-group-is-layout-constrained\"><p class=\"has-v-8-gray-color has-text-color has-link-color wp-elements-101e5bad1ef9ba6f659675d051178bd3\">Rola cyfrowej samoobs\u0142ugi w zwi\u0119kszaniu lojalno\u015bci klient\u00f3w posprzeda\u017cowych.<\/p><\/div>\t\t\t\t\t\t\t\t<\/div>\n\t\t\t\t<\/div>\n\t\t\t\t<\/div>\n\t\t\t\t\t<\/div>\n\t\t\t\t<\/div>\n\t\t<div class=\"elementor-element elementor-element-297c897 e-flex e-con-boxed e-con e-parent\" data-id=\"297c897\" data-element_type=\"container\" data-e-type=\"container\">\n\t\t\t\t\t<div class=\"e-con-inner\">\n\t\t\t\t<div class=\"elementor-element elementor-element-0b2badb elementor-widget elementor-widget-spacer\" data-id=\"0b2badb\" data-element_type=\"widget\" data-e-type=\"widget\" data-widget_type=\"spacer.default\">\n\t\t\t\t<div class=\"elementor-widget-container\">\n\t\t\t\t\t\t\t<div class=\"elementor-spacer\">\n\t\t\t<div class=\"elementor-spacer-inner\"><\/div>\n\t\t<\/div>\n\t\t\t\t\t\t<\/div>\n\t\t\t\t<\/div>\n\t\t\t\t\t<\/div>\n\t\t\t\t<\/div>\n\t\t<div class=\"elementor-element elementor-element-622408a elementor-hidden-widescreen elementor-hidden-desktop elementor-hidden-laptop elementor-hidden-tablet_extra elementor-hidden-tablet elementor-hidden-mobile_extra e-flex e-con-boxed e-con e-parent\" data-id=\"622408a\" data-element_type=\"container\" data-e-type=\"container\" data-settings=\"{&quot;background_background&quot;:&quot;classic&quot;}\">\n\t\t\t\t\t<div class=\"e-con-inner\">\n\t\t\t\t<div class=\"elementor-element elementor-element-c2334ec elementor-hidden-desktop elementor-hidden-tablet elementor-widget elementor-widget-image\" data-id=\"c2334ec\" data-element_type=\"widget\" data-e-type=\"widget\" data-widget_type=\"image.default\">\n\t\t\t\t<div class=\"elementor-widget-container\">\n\t\t\t\t\t\t\t\t\t\t\t\t\t\t\t<img fetchpriority=\"high\" decoding=\"async\" width=\"648\" height=\"824\" src=\"https:\/\/tjekvik.com\/wp-content\/uploads\/2025\/12\/Sales-Customer-Success-Marketing-Hub-TJEK-Ameliorer-lexperience-apres-vente-pdf-All-Documents-12-17-2025_12_05_PM.png\" class=\"attachment-full size-full wp-image-23060\" alt=\"French Whitpaper\" srcset=\"https:\/\/tjekvik.com\/wp-content\/uploads\/2025\/12\/Sales-Customer-Success-Marketing-Hub-TJEK-Ameliorer-lexperience-apres-vente-pdf-All-Documents-12-17-2025_12_05_PM.png 648w, https:\/\/tjekvik.com\/wp-content\/uploads\/2025\/12\/Sales-Customer-Success-Marketing-Hub-TJEK-Ameliorer-lexperience-apres-vente-pdf-All-Documents-12-17-2025_12_05_PM-236x300.png 236w\" sizes=\"(max-width: 648px) 100vw, 648px\" title=\"Sales-Customer-Success-Marketing-Hub-TJEK-Ame\u0301liorer-lexpe\u0301rience-apre\u0300s-vente-pdf-All-Documents-12-17-2025_12_05_PM | Tjekvik\" \/>\t\t\t\t\t\t\t\t\t\t\t\t\t\t\t<\/div>\n\t\t\t\t<\/div>\n\t\t\t\t\t<\/div>\n\t\t\t\t<\/div>\n\t\t<div class=\"elementor-element elementor-element-e36675a e-flex e-con-boxed e-con e-parent\" data-id=\"e36675a\" data-element_type=\"container\" data-e-type=\"container\">\n\t\t\t\t\t<div class=\"e-con-inner\">\n\t\t<div class=\"elementor-element elementor-element-3f88bca e-con-full e-flex e-con e-child\" data-id=\"3f88bca\" data-element_type=\"container\" data-e-type=\"container\">\n\t\t\t\t<div class=\"elementor-element elementor-element-d2b7df2 elementor-widget elementor-widget-heading\" data-id=\"d2b7df2\" data-element_type=\"widget\" data-e-type=\"widget\" data-widget_type=\"heading.default\">\n\t\t\t\t<div class=\"elementor-widget-container\">\n\t\t\t\t\t<h2 class=\"elementor-heading-title elementor-size-default\">Maksymalizacja utrzymania klient\u00f3w w obs\u0142udze posprzeda\u017cowej<\/h2>\t\t\t\t<\/div>\n\t\t\t\t<\/div>\n\t\t\t\t<div class=\"elementor-element elementor-element-d62de34 elementor-widget elementor-widget-text-editor\" data-id=\"d62de34\" data-element_type=\"widget\" data-e-type=\"widget\" data-widget_type=\"text-editor.default\">\n\t\t\t\t<div class=\"elementor-widget-container\">\n\t\t\t\t\t\t\t\t\t<p>Korzystaj\u0105c z rozwi\u0105za\u0144 cyfrowych w celu zwi\u0119kszenia wydajno\u015bci proces\u00f3w i poprawy og\u00f3lnej obs\u0142ugi klienta, dealerzy mog\u0105 szybko i skutecznie zwi\u0119kszy\u0107 rentowno\u015b\u0107.<\/p><p>Z tej bia\u0142ej ksi\u0119gi dowiesz si\u0119, jak<\/p><ul><li>Cyfryzacja proces\u00f3w posprzeda\u017cowych mo\u017ce zwi\u0119kszy\u0107 lojalno\u015b\u0107 klient\u00f3w.<\/li><li>Rozwi\u0105zania samoobs\u0142ugowe pomagaj\u0105 skr\u00f3ci\u0107 czas oczekiwania i zwi\u0119kszy\u0107 elastyczno\u015b\u0107.<\/li><li>Spersonalizowana sprzeda\u017c dodatkowa pomaga zwi\u0119kszy\u0107 przychody z obs\u0142ugi posprzeda\u017cnej.<\/li><\/ul><p>Ponadto dowiedz si\u0119, w jaki spos\u00f3b Mercedes-Benz Groupe Kroely z powodzeniem zintegrowa\u0142a technologi\u0119 samoobs\u0142ugow\u0105 Tjekvik, aby poprawi\u0107 wydajno\u015b\u0107 operacyjn\u0105 i podnie\u015b\u0107 jako\u015b\u0107 obs\u0142ugi klienta.<\/p><p><i>* Bia\u0142a ksi\u0119ga opublikowana w j\u0119zyku francuskim<\/i><\/p>\t\t\t\t\t\t\t\t<\/div>\n\t\t\t\t<\/div>\n\t\t\t\t<\/div>\n\t\t\t\t<div class=\"elementor-element elementor-element-2ac7bbb elementor-widget elementor-widget-spacer\" data-id=\"2ac7bbb\" data-element_type=\"widget\" data-e-type=\"widget\" data-widget_type=\"spacer.default\">\n\t\t\t\t<div class=\"elementor-widget-container\">\n\t\t\t\t\t\t\t<div class=\"elementor-spacer\">\n\t\t\t<div class=\"elementor-spacer-inner\"><\/div>\n\t\t<\/div>\n\t\t\t\t\t\t<\/div>\n\t\t\t\t<\/div>\n\t\t<div class=\"elementor-element elementor-element-efc9f46 e-con-full e-flex e-con e-child\" data-id=\"efc9f46\" data-element_type=\"container\" data-e-type=\"container\">\n\t\t\t\t<div class=\"elementor-element elementor-element-6ed0ddb elementor-widget elementor-widget-text-editor\" data-id=\"6ed0ddb\" data-element_type=\"widget\" data-e-type=\"widget\" data-widget_type=\"text-editor.default\">\n\t\t\t\t<div class=\"elementor-widget-container\">\n\t\t\t\t\t\t\t\t\t<p><strong>Pobierz bia\u0142\u0105 ksi\u0119g\u0119<\/strong><\/p>\t\t\t\t\t\t\t\t<\/div>\n\t\t\t\t<\/div>\n\t\t\t\t<div class=\"elementor-element elementor-element-662515a elementor-widget elementor-widget-html\" data-id=\"662515a\" data-element_type=\"widget\" data-e-type=\"widget\" data-widget_type=\"html.default\">\n\t\t\t\t<div class=\"elementor-widget-container\">\n\t\t\t\t\t<script charset=\"utf-8\" type=\"text\/javascript\" src=\"\/\/js-eu1.hsforms.net\/forms\/embed\/v2.js\"><\/script><script>hbspt.forms.create({\n    portalId: \"26682254\",\n    formId: \"e8c089d2-70f7-4eca-a62e-e3a0ff5ef3a4\",\n    region: \"eu1\"\n  });\n<\/script>\t\t\t\t<\/div>\n\t\t\t\t<\/div>\n\t\t\t\t<\/div>\n\t\t\t\t\t<\/div>\n\t\t\t\t<\/div>\n\t\t\t\t<\/div>\n\t\t","protected":false},"excerpt":{"rendered":"<p>Przeczytaj historie naszych klient\u00f3w, aby dowiedzie\u0107 si\u0119, jak setki organizacji zwi\u0119kszy\u0142y swoj\u0105 wydajno\u015b\u0107 i rentowno\u015b\u0107 dzi\u0119ki technologii samoobs\u0142ugowej Tjekvik intelligence.<\/p>\n","protected":false},"author":33,"featured_media":3444,"parent":13423,"menu_order":0,"comment_status":"closed","ping_status":"closed","template":"","meta":{"_acf_changed":false,"footnotes":""},"class_list":["post-22856","page","type-page","status-publish","has-post-thumbnail","hentry"],"acf":[],"aioseo_notices":[],"_links":{"self":[{"href":"https:\/\/tjekvik.com\/pl\/wp-json\/wp\/v2\/pages\/22856","targetHints":{"allow":["GET"]}}],"collection":[{"href":"https:\/\/tjekvik.com\/pl\/wp-json\/wp\/v2\/pages"}],"about":[{"href":"https:\/\/tjekvik.com\/pl\/wp-json\/wp\/v2\/types\/page"}],"author":[{"embeddable":true,"href":"https:\/\/tjekvik.com\/pl\/wp-json\/wp\/v2\/users\/33"}],"replies":[{"embeddable":true,"href":"https:\/\/tjekvik.com\/pl\/wp-json\/wp\/v2\/comments?post=22856"}],"version-history":[{"count":4,"href":"https:\/\/tjekvik.com\/pl\/wp-json\/wp\/v2\/pages\/22856\/revisions"}],"predecessor-version":[{"id":23113,"href":"https:\/\/tjekvik.com\/pl\/wp-json\/wp\/v2\/pages\/22856\/revisions\/23113"}],"up":[{"embeddable":true,"href":"https:\/\/tjekvik.com\/pl\/wp-json\/wp\/v2\/pages\/13423"}],"wp:featuredmedia":[{"embeddable":true,"href":"https:\/\/tjekvik.com\/pl\/wp-json\/wp\/v2\/media\/3444"}],"wp:attachment":[{"href":"https:\/\/tjekvik.com\/pl\/wp-json\/wp\/v2\/media?parent=22856"}],"curies":[{"name":"wp","href":"https:\/\/api.w.org\/{rel}","templated":true}]}}