{"id":23133,"date":"2025-12-18T12:50:18","date_gmt":"2025-12-18T12:50:18","guid":{"rendered":"https:\/\/tjekvik.com\/?page_id=23133"},"modified":"2025-12-18T13:10:55","modified_gmt":"2025-12-18T13:10:55","slug":"biala-ksiega-maksymalizacja-utrzymania-klienta-po-sprzedazy-hiszpania","status":"publish","type":"page","link":"https:\/\/tjekvik.com\/pl\/biala-ksiega-maksymalizacja-utrzymania-klienta-po-sprzedazy-hiszpania\/","title":{"rendered":"Bia\u0142a ksi\u0119ga &#8211; Maksymalizacja utrzymania klienta po sprzeda\u017cy [Hiszpania]"},"content":{"rendered":"\t\t<div data-elementor-type=\"wp-page\" data-elementor-id=\"23133\" class=\"elementor elementor-23133 elementor-23128\" data-elementor-post-type=\"page\">\n\t\t\t\t<div class=\"elementor-element elementor-element-c961d4d e-flex e-con-boxed e-con e-parent\" data-id=\"c961d4d\" data-element_type=\"container\" data-e-type=\"container\" data-settings=\"{&quot;background_background&quot;:&quot;classic&quot;}\">\n\t\t\t\t\t<div class=\"e-con-inner\">\n\t\t<div class=\"elementor-element elementor-element-3d4c4d5 e-con-full e-flex e-con e-child\" data-id=\"3d4c4d5\" data-element_type=\"container\" data-e-type=\"container\">\n\t\t\t\t<div class=\"elementor-element elementor-element-99f189d elementor-widget elementor-widget-heading\" data-id=\"99f189d\" data-element_type=\"widget\" data-e-type=\"widget\" data-widget_type=\"heading.default\">\n\t\t\t\t<div class=\"elementor-widget-container\">\n\t\t\t\t\t<h1 class=\"elementor-heading-title elementor-size-default\">Jak dealerzy mog\u0105 zmaksymalizowa\u0107 retencj\u0119 klient\u00f3w poprzez przedefiniowanie ich do\u015bwiadcze\u0144?<\/h1>\t\t\t\t<\/div>\n\t\t\t\t<\/div>\n\t\t\t\t<div class=\"elementor-element elementor-element-6a44000 elementor-widget elementor-widget-text-editor\" data-id=\"6a44000\" data-element_type=\"widget\" data-e-type=\"widget\" data-widget_type=\"text-editor.default\">\n\t\t\t\t<div class=\"elementor-widget-container\">\n\t\t\t\t\t\t\t\t\t<div class=\"wp-block-group is-content-justification-left is-layout-constrained wp-container-core-group-is-layout-2 wp-block-group-is-layout-constrained\"><p>Rola cyfrowej samoobs\u0142ugi w zwi\u0119kszaniu lojalno\u015bci klient\u00f3w posprzeda\u017cowych.<\/p><\/div>\t\t\t\t\t\t\t\t<\/div>\n\t\t\t\t<\/div>\n\t\t\t\t<\/div>\n\t\t\t\t\t<\/div>\n\t\t\t\t<\/div>\n\t\t<div class=\"elementor-element elementor-element-297c897 e-flex e-con-boxed e-con e-parent\" data-id=\"297c897\" data-element_type=\"container\" data-e-type=\"container\">\n\t\t\t\t\t<div class=\"e-con-inner\">\n\t\t\t\t<div class=\"elementor-element elementor-element-0b2badb elementor-widget elementor-widget-spacer\" data-id=\"0b2badb\" data-element_type=\"widget\" data-e-type=\"widget\" data-widget_type=\"spacer.default\">\n\t\t\t\t<div class=\"elementor-widget-container\">\n\t\t\t\t\t\t\t<div class=\"elementor-spacer\">\n\t\t\t<div class=\"elementor-spacer-inner\"><\/div>\n\t\t<\/div>\n\t\t\t\t\t\t<\/div>\n\t\t\t\t<\/div>\n\t\t\t\t\t<\/div>\n\t\t\t\t<\/div>\n\t\t<div class=\"elementor-element elementor-element-622408a elementor-hidden-widescreen elementor-hidden-desktop elementor-hidden-laptop elementor-hidden-tablet_extra elementor-hidden-tablet elementor-hidden-mobile_extra e-flex e-con-boxed e-con e-parent\" data-id=\"622408a\" data-element_type=\"container\" data-e-type=\"container\" data-settings=\"{&quot;background_background&quot;:&quot;classic&quot;}\">\n\t\t\t\t\t<div class=\"e-con-inner\">\n\t\t\t\t<div class=\"elementor-element elementor-element-c2334ec elementor-hidden-desktop elementor-hidden-tablet elementor-widget elementor-widget-image\" data-id=\"c2334ec\" data-element_type=\"widget\" data-e-type=\"widget\" data-widget_type=\"image.default\">\n\t\t\t\t<div class=\"elementor-widget-container\">\n\t\t\t\t\t\t\t\t\t\t\t\t\t\t\t<img fetchpriority=\"high\" decoding=\"async\" width=\"613\" height=\"830\" src=\"https:\/\/tjekvik.com\/wp-content\/uploads\/2025\/12\/autoinnovation-sharepoint-com-sites-.png\" class=\"attachment-full size-full wp-image-23157\" alt=\"Spain whitepaper\" srcset=\"https:\/\/tjekvik.com\/wp-content\/uploads\/2025\/12\/autoinnovation-sharepoint-com-sites-.png 613w, https:\/\/tjekvik.com\/wp-content\/uploads\/2025\/12\/autoinnovation-sharepoint-com-sites--222x300.png 222w\" sizes=\"(max-width: 613px) 100vw, 613px\" title=\"autoinnovation-sharepoint-com-sites-- | Tjekvik\" \/>\t\t\t\t\t\t\t\t\t\t\t\t\t\t\t<\/div>\n\t\t\t\t<\/div>\n\t\t\t\t\t<\/div>\n\t\t\t\t<\/div>\n\t\t<div class=\"elementor-element elementor-element-e36675a e-flex e-con-boxed e-con e-parent\" data-id=\"e36675a\" data-element_type=\"container\" data-e-type=\"container\">\n\t\t\t\t\t<div class=\"e-con-inner\">\n\t\t<div class=\"elementor-element elementor-element-3f88bca e-con-full e-flex e-con e-child\" data-id=\"3f88bca\" data-element_type=\"container\" data-e-type=\"container\">\n\t\t\t\t<div class=\"elementor-element elementor-element-d2b7df2 elementor-widget elementor-widget-heading\" data-id=\"d2b7df2\" data-element_type=\"widget\" data-e-type=\"widget\" data-widget_type=\"heading.default\">\n\t\t\t\t<div class=\"elementor-widget-container\">\n\t\t\t\t\t<h2 class=\"elementor-heading-title elementor-size-default\">Maksymalizacja utrzymania klient\u00f3w w obs\u0142udze posprzeda\u017cowej<\/h2>\t\t\t\t<\/div>\n\t\t\t\t<\/div>\n\t\t\t\t<div class=\"elementor-element elementor-element-d62de34 elementor-widget elementor-widget-text-editor\" data-id=\"d62de34\" data-element_type=\"widget\" data-e-type=\"widget\" data-widget_type=\"text-editor.default\">\n\t\t\t\t<div class=\"elementor-widget-container\">\n\t\t\t\t\t\t\t\t\t<p>Rozwi\u0105zania cyfrowe umo\u017cliwiaj\u0105 dealerom popraw\u0119 wydajno\u015bci operacyjnej i zapewnienie lepszej obs\u0142ugi klienta, co przek\u0142ada si\u0119 na szybsz\u0105 i bardziej efektywn\u0105 rentowno\u015b\u0107.<\/p><p>W tym oficjalnym dokumencie dowiesz si\u0119, jak to zrobi\u0107:<\/p><ul><li>Cyfryzacja proces\u00f3w posprzeda\u017cowych zwi\u0119ksza lojalno\u015b\u0107 klient\u00f3w.<\/li><li>Rozwi\u0105zania samoobs\u0142ugowe skracaj\u0105 czas oczekiwania i zwi\u0119kszaj\u0105 elastyczno\u015b\u0107.<\/li><li>Spersonalizowana sprzeda\u017c dodatkowa zwi\u0119ksza przychody z obs\u0142ugi posprzeda\u017cnej.<\/li><\/ul><p>Dowiedz si\u0119 r\u00f3wnie\u017c, w jaki spos\u00f3b Grupo Concesur przesz\u0142a proces cyfrowej transformacji, zwi\u0119kszaj\u0105c wydajno\u015b\u0107 we wszystkich swoich dzia\u0142ach &#8211; w tym sprzeda\u017cy, obs\u0142ugi posprzeda\u017cnej i ksi\u0119gowo\u015bci.<\/p><p><em>* Bia\u0142a ksi\u0119ga opublikowana w j\u0119zyku hiszpa\u0144skim<\/em><\/p>\t\t\t\t\t\t\t\t<\/div>\n\t\t\t\t<\/div>\n\t\t\t\t<\/div>\n\t\t\t\t<div class=\"elementor-element elementor-element-2ac7bbb elementor-widget elementor-widget-spacer\" data-id=\"2ac7bbb\" data-element_type=\"widget\" data-e-type=\"widget\" data-widget_type=\"spacer.default\">\n\t\t\t\t<div class=\"elementor-widget-container\">\n\t\t\t\t\t\t\t<div class=\"elementor-spacer\">\n\t\t\t<div class=\"elementor-spacer-inner\"><\/div>\n\t\t<\/div>\n\t\t\t\t\t\t<\/div>\n\t\t\t\t<\/div>\n\t\t<div class=\"elementor-element elementor-element-efc9f46 e-con-full e-flex e-con e-child\" data-id=\"efc9f46\" data-element_type=\"container\" data-e-type=\"container\">\n\t\t\t\t<div class=\"elementor-element elementor-element-6ed0ddb elementor-widget elementor-widget-text-editor\" data-id=\"6ed0ddb\" data-element_type=\"widget\" data-e-type=\"widget\" data-widget_type=\"text-editor.default\">\n\t\t\t\t<div class=\"elementor-widget-container\">\n\t\t\t\t\t\t\t\t\t<p><strong>Pobierz bia\u0142\u0105 ksi\u0119g\u0119<\/strong><\/p>\t\t\t\t\t\t\t\t<\/div>\n\t\t\t\t<\/div>\n\t\t\t\t<div class=\"elementor-element elementor-element-662515a elementor-widget elementor-widget-html\" data-id=\"662515a\" data-element_type=\"widget\" data-e-type=\"widget\" data-widget_type=\"html.default\">\n\t\t\t\t<div class=\"elementor-widget-container\">\n\t\t\t\t\t<script charset=\"utf-8\" type=\"text\/javascript\" src=\"\/\/js-eu1.hsforms.net\/forms\/embed\/v2.js\"><\/script><script>hbspt.forms.create({\n    portalId: \"26682254\",\n    formId: \"95fbec2e-8716-4e18-89d8-92bd9b6e7336\",\n    region: \"eu1\"\n  });\n<\/script>\t\t\t\t<\/div>\n\t\t\t\t<\/div>\n\t\t\t\t<\/div>\n\t\t\t\t\t<\/div>\n\t\t\t\t<\/div>\n\t\t\t\t<\/div>\n\t\t","protected":false},"excerpt":{"rendered":"<p>Przeczytaj historie naszych klient\u00f3w, aby dowiedzie\u0107 si\u0119, jak setki organizacji zwi\u0119kszy\u0142y swoj\u0105 wydajno\u015b\u0107 i rentowno\u015b\u0107 dzi\u0119ki technologii samoobs\u0142ugowej Tjekvik intelligence.<\/p>\n","protected":false},"author":29,"featured_media":3444,"parent":0,"menu_order":0,"comment_status":"closed","ping_status":"closed","template":"","meta":{"_acf_changed":false,"footnotes":""},"class_list":["post-23133","page","type-page","status-publish","has-post-thumbnail","hentry"],"acf":[],"aioseo_notices":[],"_links":{"self":[{"href":"https:\/\/tjekvik.com\/pl\/wp-json\/wp\/v2\/pages\/23133","targetHints":{"allow":["GET"]}}],"collection":[{"href":"https:\/\/tjekvik.com\/pl\/wp-json\/wp\/v2\/pages"}],"about":[{"href":"https:\/\/tjekvik.com\/pl\/wp-json\/wp\/v2\/types\/page"}],"author":[{"embeddable":true,"href":"https:\/\/tjekvik.com\/pl\/wp-json\/wp\/v2\/users\/29"}],"replies":[{"embeddable":true,"href":"https:\/\/tjekvik.com\/pl\/wp-json\/wp\/v2\/comments?post=23133"}],"version-history":[{"count":3,"href":"https:\/\/tjekvik.com\/pl\/wp-json\/wp\/v2\/pages\/23133\/revisions"}],"predecessor-version":[{"id":23176,"href":"https:\/\/tjekvik.com\/pl\/wp-json\/wp\/v2\/pages\/23133\/revisions\/23176"}],"wp:featuredmedia":[{"embeddable":true,"href":"https:\/\/tjekvik.com\/pl\/wp-json\/wp\/v2\/media\/3444"}],"wp:attachment":[{"href":"https:\/\/tjekvik.com\/pl\/wp-json\/wp\/v2\/media?parent=23133"}],"curies":[{"name":"wp","href":"https:\/\/api.w.org\/{rel}","templated":true}]}}