{"id":25006,"date":"2026-03-07T21:11:47","date_gmt":"2026-03-07T21:11:47","guid":{"rendered":"https:\/\/tjekvik.com\/whitepapers\/whitepaper-maksymalizacja-utrzymania-klientow-w-obsludze-posprzedazowej-polska\/"},"modified":"2026-03-07T21:22:35","modified_gmt":"2026-03-07T21:22:35","slug":"whitepaper-maksymalizacja-utrzymania-klientow-w-obsludze-posprzedazowej-polska","status":"publish","type":"page","link":"https:\/\/tjekvik.com\/pl\/whitepapers\/whitepaper-maksymalizacja-utrzymania-klientow-w-obsludze-posprzedazowej-polska\/","title":{"rendered":"Whitepaper &#8211; Maksymalizacja utrzymania klient\u00f3w w obs\u0142udze posprzeda\u017cowej [Polska]"},"content":{"rendered":"\t\t<div data-elementor-type=\"wp-page\" data-elementor-id=\"25006\" class=\"elementor elementor-25006 elementor-24974\" data-elementor-post-type=\"page\">\n\t\t\t\t<div class=\"elementor-element elementor-element-c961d4d e-flex e-con-boxed e-con e-parent\" data-id=\"c961d4d\" data-element_type=\"container\" data-e-type=\"container\" data-settings=\"{&quot;background_background&quot;:&quot;classic&quot;}\">\n\t\t\t\t\t<div class=\"e-con-inner\">\n\t\t<div class=\"elementor-element elementor-element-3d4c4d5 e-con-full e-flex e-con e-child\" data-id=\"3d4c4d5\" data-element_type=\"container\" data-e-type=\"container\">\n\t\t\t\t<div class=\"elementor-element elementor-element-99f189d elementor-widget elementor-widget-heading\" data-id=\"99f189d\" data-element_type=\"widget\" data-e-type=\"widget\" data-widget_type=\"heading.default\">\n\t\t\t\t<div class=\"elementor-widget-container\">\n\t\t\t\t\t<h1 class=\"elementor-heading-title elementor-size-default\">Maksymalizacja retencji poprzez redefinicj\u0119 do\u015bwiadczenia klienta<\/h1>\t\t\t\t<\/div>\n\t\t\t\t<\/div>\n\t\t\t\t<div class=\"elementor-element elementor-element-6a44000 elementor-widget elementor-widget-text-editor\" data-id=\"6a44000\" data-element_type=\"widget\" data-e-type=\"widget\" data-widget_type=\"text-editor.default\">\n\t\t\t\t<div class=\"elementor-widget-container\">\n\t\t\t\t\t\t\t\t\t<div class=\"wp-block-group is-content-justification-left is-layout-constrained wp-container-core-group-is-layout-2 wp-block-group-is-layout-constrained\"><p class=\"has-v-8-gray-color has-text-color has-link-color wp-elements-101e5bad1ef9ba6f659675d051178bd3\">Rola cyfrowej samoobs\u0142ugi w zwi\u0119kszaniu lojalno\u015bci klient\u00f3w posprzeda\u017cowych.<\/p><\/div>\t\t\t\t\t\t\t\t<\/div>\n\t\t\t\t<\/div>\n\t\t\t\t<\/div>\n\t\t\t\t\t<\/div>\n\t\t\t\t<\/div>\n\t\t<div class=\"elementor-element elementor-element-297c897 e-flex e-con-boxed e-con e-parent\" data-id=\"297c897\" data-element_type=\"container\" data-e-type=\"container\">\n\t\t\t\t\t<div class=\"e-con-inner\">\n\t\t\t\t<div class=\"elementor-element elementor-element-0b2badb elementor-widget elementor-widget-spacer\" data-id=\"0b2badb\" data-element_type=\"widget\" data-e-type=\"widget\" data-widget_type=\"spacer.default\">\n\t\t\t\t<div class=\"elementor-widget-container\">\n\t\t\t\t\t\t\t<div class=\"elementor-spacer\">\n\t\t\t<div class=\"elementor-spacer-inner\"><\/div>\n\t\t<\/div>\n\t\t\t\t\t\t<\/div>\n\t\t\t\t<\/div>\n\t\t\t\t\t<\/div>\n\t\t\t\t<\/div>\n\t\t<div class=\"elementor-element elementor-element-622408a elementor-hidden-widescreen elementor-hidden-desktop elementor-hidden-laptop elementor-hidden-tablet_extra elementor-hidden-tablet elementor-hidden-mobile_extra e-flex e-con-boxed e-con e-parent\" data-id=\"622408a\" data-element_type=\"container\" data-e-type=\"container\" data-settings=\"{&quot;background_background&quot;:&quot;classic&quot;}\">\n\t\t\t\t\t<div class=\"e-con-inner\">\n\t\t\t\t<div class=\"elementor-element elementor-element-c2334ec elementor-hidden-desktop elementor-hidden-tablet elementor-widget elementor-widget-image\" data-id=\"c2334ec\" data-element_type=\"widget\" data-e-type=\"widget\" data-widget_type=\"image.default\">\n\t\t\t\t<div class=\"elementor-widget-container\">\n\t\t\t\t\t\t\t\t\t\t\t\t\t\t\t<img fetchpriority=\"high\" decoding=\"async\" width=\"658\" height=\"903\" src=\"https:\/\/tjekvik.com\/wp-content\/uploads\/2026\/03\/ScreenShot-Tool-20260307221209.png\" class=\"attachment-full size-full wp-image-24986\" alt=\"Polish whitepaper screenshot\" srcset=\"https:\/\/tjekvik.com\/wp-content\/uploads\/2026\/03\/ScreenShot-Tool-20260307221209.png 658w, https:\/\/tjekvik.com\/wp-content\/uploads\/2026\/03\/ScreenShot-Tool-20260307221209-219x300.png 219w\" sizes=\"(max-width: 658px) 100vw, 658px\" title=\"ScreenShot Tool -20260307221209 | Tjekvik\" \/>\t\t\t\t\t\t\t\t\t\t\t\t\t\t\t<\/div>\n\t\t\t\t<\/div>\n\t\t\t\t\t<\/div>\n\t\t\t\t<\/div>\n\t\t<div class=\"elementor-element elementor-element-e36675a e-flex e-con-boxed e-con e-parent\" data-id=\"e36675a\" data-element_type=\"container\" data-e-type=\"container\">\n\t\t\t\t\t<div class=\"e-con-inner\">\n\t\t<div class=\"elementor-element elementor-element-3f88bca e-con-full e-flex e-con e-child\" data-id=\"3f88bca\" data-element_type=\"container\" data-e-type=\"container\">\n\t\t\t\t<div class=\"elementor-element elementor-element-d2b7df2 elementor-widget elementor-widget-heading\" data-id=\"d2b7df2\" data-element_type=\"widget\" data-e-type=\"widget\" data-widget_type=\"heading.default\">\n\t\t\t\t<div class=\"elementor-widget-container\">\n\t\t\t\t\t<h2 class=\"elementor-heading-title elementor-size-default\">Maksymalizacja utrzymania klient\u00f3w w obs\u0142udze posprzeda\u017cowej<\/h2>\t\t\t\t<\/div>\n\t\t\t\t<\/div>\n\t\t\t\t<div class=\"elementor-element elementor-element-d62de34 elementor-widget elementor-widget-text-editor\" data-id=\"d62de34\" data-element_type=\"widget\" data-e-type=\"widget\" data-widget_type=\"text-editor.default\">\n\t\t\t\t<div class=\"elementor-widget-container\">\n\t\t\t\t\t\t\t\t\t<p data-start=\"238\" data-end=\"398\">Wdra\u017caj\u0105c rozwi\u0105zania cyfrowe, kt\u00f3re usprawniaj\u0105 og\u00f3ln\u0105 podr\u00f3\u017c klienta, dealerzy mog\u0105 szybko i skutecznie poprawi\u0107 rentowno\u015b\u0107.<\/p><p>Z tej bia\u0142ej ksi\u0119gi dowiesz si\u0119, jak:<\/p><ul><li>Wzmocnienie lojalno\u015bci klient\u00f3w poprzez cyfryzacj\u0119 proces\u00f3w posprzeda\u017cowych.<\/li><li>Skr\u00f3\u0107 czas oczekiwania i zaoferuj wi\u0119ksz\u0105 elastyczno\u015b\u0107 dzi\u0119ki rozwi\u0105zaniom samoobs\u0142ugowym.<\/li><li>Zwi\u0119ksz przychody z obs\u0142ugi posprzeda\u017cnej dzi\u0119ki spersonalizowanym mo\u017cliwo\u015bciom sprzeda\u017cy dodatkowej.<\/li><li style=\"list-style-type: none;\"> <\/li><\/ul><p data-start=\"603\" data-end=\"673\">Dowiesz si\u0119 r\u00f3wnie\u017c, w jaki spos\u00f3b <strong>Porsche Inter Auto<\/strong> <strong>Polska<\/strong> wykorzysta\u0142o technologi\u0119 samoobs\u0142ugow\u0105 Tjekvik, aby zwi\u0119kszy\u0107 wydajno\u015b\u0107 operacyjn\u0105 i poprawi\u0107 jako\u015b\u0107 obs\u0142ugi klienta.<\/p><p><i>* Whitepaper opublikowany w j\u0119zyku polskim<\/i><\/p>\t\t\t\t\t\t\t\t<\/div>\n\t\t\t\t<\/div>\n\t\t\t\t<\/div>\n\t\t\t\t<div class=\"elementor-element elementor-element-2ac7bbb elementor-widget elementor-widget-spacer\" data-id=\"2ac7bbb\" data-element_type=\"widget\" data-e-type=\"widget\" data-widget_type=\"spacer.default\">\n\t\t\t\t<div class=\"elementor-widget-container\">\n\t\t\t\t\t\t\t<div class=\"elementor-spacer\">\n\t\t\t<div class=\"elementor-spacer-inner\"><\/div>\n\t\t<\/div>\n\t\t\t\t\t\t<\/div>\n\t\t\t\t<\/div>\n\t\t<div class=\"elementor-element elementor-element-efc9f46 e-con-full e-flex e-con e-child\" data-id=\"efc9f46\" data-element_type=\"container\" data-e-type=\"container\">\n\t\t\t\t<div class=\"elementor-element elementor-element-6ed0ddb elementor-widget elementor-widget-text-editor\" data-id=\"6ed0ddb\" data-element_type=\"widget\" data-e-type=\"widget\" data-widget_type=\"text-editor.default\">\n\t\t\t\t<div class=\"elementor-widget-container\">\n\t\t\t\t\t\t\t\t\t<p><strong>Pobierz bia\u0142\u0105 ksi\u0119g\u0119<\/strong><\/p>\t\t\t\t\t\t\t\t<\/div>\n\t\t\t\t<\/div>\n\t\t\t\t<div class=\"elementor-element elementor-element-662515a elementor-widget elementor-widget-html\" data-id=\"662515a\" data-element_type=\"widget\" data-e-type=\"widget\" data-widget_type=\"html.default\">\n\t\t\t\t<div class=\"elementor-widget-container\">\n\t\t\t\t\t<script charset=\"utf-8\" type=\"text\/javascript\" src=\"\/\/js-eu1.hsforms.net\/forms\/embed\/v2.js\"><\/script><script>hbspt.forms.create({\n    portalId: \"26682254\",\n    formId: \"50790212-8aab-4ae5-a753-73d23f518865\",\n    region: \"eu1\"\n  });\n<\/script>\t\t\t\t<\/div>\n\t\t\t\t<\/div>\n\t\t\t\t<\/div>\n\t\t\t\t\t<\/div>\n\t\t\t\t<\/div>\n\t\t\t\t<\/div>\n\t\t","protected":false},"excerpt":{"rendered":"<p>Przeczytaj historie naszych klient\u00f3w, aby dowiedzie\u0107 si\u0119, jak setki organizacji zwi\u0119kszy\u0142y swoj\u0105 wydajno\u015b\u0107 i rentowno\u015b\u0107 dzi\u0119ki technologii samoobs\u0142ugowej Tjekvik intelligence.<\/p>\n","protected":false},"author":29,"featured_media":24986,"parent":13423,"menu_order":0,"comment_status":"closed","ping_status":"closed","template":"","meta":{"_acf_changed":false,"footnotes":""},"class_list":["post-25006","page","type-page","status-publish","has-post-thumbnail","hentry"],"acf":[],"aioseo_notices":[],"_links":{"self":[{"href":"https:\/\/tjekvik.com\/pl\/wp-json\/wp\/v2\/pages\/25006","targetHints":{"allow":["GET"]}}],"collection":[{"href":"https:\/\/tjekvik.com\/pl\/wp-json\/wp\/v2\/pages"}],"about":[{"href":"https:\/\/tjekvik.com\/pl\/wp-json\/wp\/v2\/types\/page"}],"author":[{"embeddable":true,"href":"https:\/\/tjekvik.com\/pl\/wp-json\/wp\/v2\/users\/29"}],"replies":[{"embeddable":true,"href":"https:\/\/tjekvik.com\/pl\/wp-json\/wp\/v2\/comments?post=25006"}],"version-history":[{"count":1,"href":"https:\/\/tjekvik.com\/pl\/wp-json\/wp\/v2\/pages\/25006\/revisions"}],"predecessor-version":[{"id":25007,"href":"https:\/\/tjekvik.com\/pl\/wp-json\/wp\/v2\/pages\/25006\/revisions\/25007"}],"up":[{"embeddable":true,"href":"https:\/\/tjekvik.com\/pl\/wp-json\/wp\/v2\/pages\/13423"}],"wp:featuredmedia":[{"embeddable":true,"href":"https:\/\/tjekvik.com\/pl\/wp-json\/wp\/v2\/media\/24986"}],"wp:attachment":[{"href":"https:\/\/tjekvik.com\/pl\/wp-json\/wp\/v2\/media?parent=25006"}],"curies":[{"name":"wp","href":"https:\/\/api.w.org\/{rel}","templated":true}]}}