{"id":3874,"date":"2023-04-18T16:28:02","date_gmt":"2023-04-18T16:28:02","guid":{"rendered":"https:\/\/tjekvik.com\/praca\/"},"modified":"2025-02-12T13:48:28","modified_gmt":"2025-02-12T13:48:28","slug":"praca","status":"publish","type":"page","link":"https:\/\/tjekvik.com\/pl\/praca\/","title":{"rendered":"Praca"},"content":{"rendered":"\t\t<div data-elementor-type=\"wp-page\" data-elementor-id=\"3874\" class=\"elementor elementor-3874 elementor-68\" data-elementor-post-type=\"page\">\n\t\t\t\t<div class=\"elementor-element elementor-element-24af02b1 e-flex e-con-boxed e-con e-parent\" data-id=\"24af02b1\" data-element_type=\"container\" data-e-type=\"container\" data-settings=\"{&quot;background_background&quot;:&quot;classic&quot;}\">\n\t\t\t\t\t<div class=\"e-con-inner\">\n\t\t<div class=\"elementor-element elementor-element-64d0d082 e-con-full e-flex e-con e-child\" data-id=\"64d0d082\" data-element_type=\"container\" data-e-type=\"container\">\n\t\t\t\t<div class=\"elementor-element elementor-element-605b4f00 elementor-widget elementor-widget-heading\" data-id=\"605b4f00\" data-element_type=\"widget\" data-e-type=\"widget\" data-widget_type=\"heading.default\">\n\t\t\t\t<div class=\"elementor-widget-container\">\n\t\t\t\t\t<h1 class=\"elementor-heading-title elementor-size-default\">Do\u0142\u0105cz do rodziny Tjekvik<\/h1>\t\t\t\t<\/div>\n\t\t\t\t<\/div>\n\t\t\t\t<div class=\"elementor-element elementor-element-47ead1ef elementor-widget elementor-widget-text-editor\" data-id=\"47ead1ef\" data-element_type=\"widget\" data-e-type=\"widget\" data-widget_type=\"text-editor.default\">\n\t\t\t\t<div class=\"elementor-widget-container\">\n\t\t\t\t\t\t\t\t\t<p>Zawsze szukamy nowych talent\u00f3w, aby powita\u0107 ich w naszych mi\u0119dzynarodowych zespo\u0142ach handlowych i technicznych.<\/p>\n\t\t\t\t\t\t\t\t<\/div>\n\t\t\t\t<\/div>\n\t\t\t\t<div class=\"elementor-element elementor-element-2250872 elementor-widget elementor-widget-button\" data-id=\"2250872\" data-element_type=\"widget\" data-e-type=\"widget\" data-widget_type=\"button.default\">\n\t\t\t\t<div class=\"elementor-widget-container\">\n\t\t\t\t\t\t\t\t\t<div class=\"elementor-button-wrapper\">\n\t\t\t\t\t<a class=\"elementor-button elementor-button-link elementor-size-sm elementor-animation-pulse-shrink\" href=\"mailto:hr@tjekvik.com\">\n\t\t\t\t\t\t<span class=\"elementor-button-content-wrapper\">\n\t\t\t\t\t\t\t\t\t<span class=\"elementor-button-text\">SKONTAKTUJ SI\u0118 Z NAMI<\/span>\n\t\t\t\t\t<\/span>\n\t\t\t\t\t<\/a>\n\t\t\t\t<\/div>\n\t\t\t\t\t\t\t\t<\/div>\n\t\t\t\t<\/div>\n\t\t\t\t<\/div>\n\t\t\t\t\t<\/div>\n\t\t\t\t<\/div>\n\t\t<div class=\"elementor-element elementor-element-56606e4 elementor-hidden-desktop elementor-hidden-tablet elementor-hidden-widescreen elementor-hidden-laptop elementor-hidden-tablet_extra elementor-hidden-mobile_extra e-flex e-con-boxed e-con e-parent\" data-id=\"56606e4\" data-element_type=\"container\" data-e-type=\"container\" data-settings=\"{&quot;background_background&quot;:&quot;classic&quot;}\">\n\t\t\t\t\t<div class=\"e-con-inner\">\n\t\t\t\t<div class=\"elementor-element elementor-element-86c7052 elementor-hidden-desktop elementor-hidden-tablet elementor-widget elementor-widget-image\" data-id=\"86c7052\" data-element_type=\"widget\" data-e-type=\"widget\" data-widget_type=\"image.default\">\n\t\t\t\t<div class=\"elementor-widget-container\">\n\t\t\t\t\t\t\t\t\t\t\t\t\t\t\t<img fetchpriority=\"high\" decoding=\"async\" width=\"400\" height=\"408\" src=\"https:\/\/tjekvik.com\/wp-content\/uploads\/2023\/04\/tjekvik_mobile_careers_banner_top-2.png\" class=\"attachment-full size-full wp-image-3059\" alt=\"\" srcset=\"https:\/\/tjekvik.com\/wp-content\/uploads\/2023\/04\/tjekvik_mobile_careers_banner_top-2.png 400w, https:\/\/tjekvik.com\/wp-content\/uploads\/2023\/04\/tjekvik_mobile_careers_banner_top-2-294x300.png 294w\" sizes=\"(max-width: 400px) 100vw, 400px\" title=\"tjekvik_mobile_careers_banner_top-2 | Tjekvik\" \/>\t\t\t\t\t\t\t\t\t\t\t\t\t\t\t<\/div>\n\t\t\t\t<\/div>\n\t\t\t\t\t<\/div>\n\t\t\t\t<\/div>\n\t\t<div class=\"elementor-element elementor-element-c7179f0 e-flex e-con-boxed e-con e-parent\" data-id=\"c7179f0\" data-element_type=\"container\" data-e-type=\"container\">\n\t\t\t\t\t<div class=\"e-con-inner\">\n\t\t\t\t<div class=\"elementor-element elementor-element-23c7cb6 elementor-widget elementor-widget-html\" data-id=\"23c7cb6\" data-element_type=\"widget\" data-e-type=\"widget\" data-widget_type=\"html.default\">\n\t\t\t\t<div class=\"elementor-widget-container\">\n\t\t\t\t\t<div id=\"BambooHR\" data-domain=\"tjekvik.bamboohr.com\" data-version=\"1.0.0\" data-departmentid=\"\"><\/div><script src=\"https:\/\/tjekvik.bamboohr.com\/js\/embed.js\" type=\"text\/javascript\" async=\"\" defer><\/script>\t\t\t\t<\/div>\n\t\t\t\t<\/div>\n\t\t\t\t\t<\/div>\n\t\t\t\t<\/div>\n\t\t<div class=\"elementor-element elementor-element-5b43c16 e-flex e-con-boxed e-con e-parent\" data-id=\"5b43c16\" data-element_type=\"container\" data-e-type=\"container\" data-settings=\"{&quot;background_background&quot;:&quot;classic&quot;}\">\n\t\t\t\t\t<div class=\"e-con-inner\">\n\t\t<div class=\"elementor-element elementor-element-ac3bfba e-con-full elementor-hidden-mobile e-flex e-con e-child\" data-id=\"ac3bfba\" data-element_type=\"container\" data-e-type=\"container\" data-settings=\"{&quot;background_background&quot;:&quot;classic&quot;}\">\n\t\t\t\t<\/div>\n\t\t<div class=\"elementor-element elementor-element-ba00cf8 e-con-full e-flex e-con e-child\" data-id=\"ba00cf8\" data-element_type=\"container\" data-e-type=\"container\">\n\t\t\t\t<div class=\"elementor-element elementor-element-967f75b elementor-widget elementor-widget-heading\" data-id=\"967f75b\" data-element_type=\"widget\" data-e-type=\"widget\" data-widget_type=\"heading.default\">\n\t\t\t\t<div class=\"elementor-widget-container\">\n\t\t\t\t\t<h2 class=\"elementor-heading-title elementor-size-default\">Motywuje nas pasja, z jak\u0105 podchodzimy do naszej pracy, oraz wiara w to, \u017ce rozwi\u0105zania cyfrowe to przysz\u0142o\u015b\u0107.<\/h2>\t\t\t\t<\/div>\n\t\t\t\t<\/div>\n\t\t\t\t<div class=\"elementor-element elementor-element-d29ffec elementor-widget elementor-widget-text-editor\" data-id=\"d29ffec\" data-element_type=\"widget\" data-e-type=\"widget\" data-widget_type=\"text-editor.default\">\n\t\t\t\t<div class=\"elementor-widget-container\">\n\t\t\t\t\t\t\t\t\t<p>Firma Tjekvik wierzy w znaczenie otwarto\u015bci i szczero\u015bci oraz uwa\u017ca, \u017ce jako\u015b\u0107 ma priorytetowe znaczenie. Cenimy te\u017c innowacyjno\u015b\u0107, do\u015bwiadczenie i umiej\u0119tno\u015b\u0107 pracy w zespole \u2013 to pomaga nam nieustannie rozwija\u0107 si\u0119 i oferowa\u0107 najlepsze produtky i us\u0142ugi. <br data-w-id=\"223ffc18-108e-e369-aebc-f644608690ee\" data-wf-id=\"[\"223ffc18-108e-e369-aebc-f644608690ee\",\"LineBreak\"]\">Przejrzysto\u015b\u0107 i odpowiedzialno\u015bc to dla nas kluczowe warto\u015bci, poniewa\u017c wierzymy w otwart\u0105 komunikacj\u0119 i branie odpowiedzialno\u015bci za swoj\u0105 prac\u0119.<\/p>\n\t\t\t\t\t\t\t\t<\/div>\n\t\t\t\t<\/div>\n\t\t\t\t<div class=\"elementor-element elementor-element-1596633 elementor-widget elementor-widget-button\" data-id=\"1596633\" data-element_type=\"widget\" data-e-type=\"widget\" data-widget_type=\"button.default\">\n\t\t\t\t<div class=\"elementor-widget-container\">\n\t\t\t\t\t\t\t\t\t<div class=\"elementor-button-wrapper\">\n\t\t\t\t\t<a class=\"elementor-button elementor-button-link elementor-size-sm elementor-animation-pulse-shrink\" href=\"mailto:hr@tjekvik.com\">\n\t\t\t\t\t\t<span class=\"elementor-button-content-wrapper\">\n\t\t\t\t\t\t\t\t\t<span class=\"elementor-button-text\">SKONTAKTUJ SI\u0118 Z NAMI<\/span>\n\t\t\t\t\t<\/span>\n\t\t\t\t\t<\/a>\n\t\t\t\t<\/div>\n\t\t\t\t\t\t\t\t<\/div>\n\t\t\t\t<\/div>\n\t\t\t\t<\/div>\n\t\t\t\t\t<\/div>\n\t\t\t\t<\/div>\n\t\t<div class=\"elementor-element elementor-element-63b4fe4 elementor-hidden-desktop elementor-hidden-tablet e-grid elementor-hidden-widescreen elementor-hidden-laptop elementor-hidden-tablet_extra elementor-hidden-mobile_extra e-con-boxed e-con e-parent\" data-id=\"63b4fe4\" data-element_type=\"container\" data-e-type=\"container\" data-settings=\"{&quot;background_background&quot;:&quot;classic&quot;}\">\n\t\t\t\t\t<div class=\"e-con-inner\">\n\t\t\t\t<div class=\"elementor-element elementor-element-75008a4 elementor-hidden-desktop elementor-hidden-tablet elementor-widget elementor-widget-image\" data-id=\"75008a4\" data-element_type=\"widget\" data-e-type=\"widget\" data-widget_type=\"image.default\">\n\t\t\t\t<div class=\"elementor-widget-container\">\n\t\t\t\t\t\t\t\t\t\t\t\t\t\t\t<img decoding=\"async\" width=\"320\" height=\"326\" src=\"https:\/\/tjekvik.com\/wp-content\/uploads\/2023\/04\/tjekvik_mobile_careers_banner_values.svg\" class=\"attachment-full size-full wp-image-3054\" alt=\"\" title=\"tjekvik_mobile_careers_banner_values | Tjekvik\" \/>\t\t\t\t\t\t\t\t\t\t\t\t\t\t\t<\/div>\n\t\t\t\t<\/div>\n\t\t\t\t\t<\/div>\n\t\t\t\t<\/div>\n\t\t<div class=\"elementor-element elementor-element-b1d07e0 e-flex e-con-boxed e-con e-parent\" data-id=\"b1d07e0\" data-element_type=\"container\" data-e-type=\"container\" data-settings=\"{&quot;background_background&quot;:&quot;classic&quot;}\">\n\t\t\t\t\t<div class=\"e-con-inner\">\n\t\t<div class=\"elementor-element elementor-element-520e4b1 e-con-full e-flex e-con e-child\" data-id=\"520e4b1\" data-element_type=\"container\" data-e-type=\"container\">\n\t\t\t\t<div class=\"elementor-element elementor-element-90b27d7 elementor-widget elementor-widget-heading\" data-id=\"90b27d7\" data-element_type=\"widget\" data-e-type=\"widget\" data-widget_type=\"heading.default\">\n\t\t\t\t<div class=\"elementor-widget-container\">\n\t\t\t\t\t<h2 class=\"elementor-heading-title elementor-size-default\">Jeste\u015bmy zespo\u0142em, rodzin\u0105, spo\u0142eczno\u015bci\u0105 \u2013 zawsze pracujemy wsp\u00f3lnie, by osi\u0105gn\u0105\u0107 nasz\u0105 wizj\u0119.<\/h2>\t\t\t\t<\/div>\n\t\t\t\t<\/div>\n\t\t\t\t<div class=\"elementor-element elementor-element-835db15 elementor-widget elementor-widget-text-editor\" data-id=\"835db15\" data-element_type=\"widget\" data-e-type=\"widget\" data-widget_type=\"text-editor.default\">\n\t\t\t\t<div class=\"elementor-widget-container\">\n\t\t\t\t\t\t\t\t\t<p>Firma Tjekvik stawia na wsp\u00f3\u0142prac\u0119 i budowanie miejsca pracy, w kt\u00f3rym ka\u017cdy mo\u017ce liczy\u0107 na wsparcie i jest motywowany do wykorzystywania ca\u0142o\u015bci swojego potencja\u0142u. Jeste\u015bmy otwarci i przyja\u017anie nastawieni \u2013 wierzymy w sprawiedliwo\u015b\u0107, kreatywno\u015b\u0107 i ambicje. Nasz zesp\u00f3\u0142 tworz\u0105 wspaniali ludzie pochodz\u0105cy z r\u00f3\u017cnych \u015brodowisk, kt\u00f3rzy wsp\u00f3lnie mog\u0105 osi\u0105ga\u0107 jeszcze wi\u0119cej. <br data-w-id=\"bc80b688-822d-70a3-b808-10ada94db627\" data-wf-id=\"[\"bc80b688-822d-70a3-b808-10ada94db627\",\"LineBreak\"]\">Innowacyjno\u015b\u0107, kreatywno\u015b\u0107 i energia \u2013 to podstawy ducha Tjekvik. Dzia\u0142amy w cyfrowym \u015bwiecie, na skal\u0119 mi\u0119dzynarodow\u0105 i zawsze szukamy nowych wyzwa\u0144.<\/p>\n\t\t\t\t\t\t\t\t<\/div>\n\t\t\t\t<\/div>\n\t\t\t\t<div class=\"elementor-element elementor-element-d97daa2 elementor-widget elementor-widget-button\" data-id=\"d97daa2\" data-element_type=\"widget\" data-e-type=\"widget\" data-widget_type=\"button.default\">\n\t\t\t\t<div class=\"elementor-widget-container\">\n\t\t\t\t\t\t\t\t\t<div class=\"elementor-button-wrapper\">\n\t\t\t\t\t<a class=\"elementor-button elementor-button-link elementor-size-sm elementor-animation-pulse-shrink\" href=\"mailto:hr@tjekvik.com\">\n\t\t\t\t\t\t<span class=\"elementor-button-content-wrapper\">\n\t\t\t\t\t\t\t\t\t<span class=\"elementor-button-text\">SKONTAKTUJ SI\u0118 Z NAMI<\/span>\n\t\t\t\t\t<\/span>\n\t\t\t\t\t<\/a>\n\t\t\t\t<\/div>\n\t\t\t\t\t\t\t\t<\/div>\n\t\t\t\t<\/div>\n\t\t\t\t<div class=\"elementor-element elementor-element-8c8be05 elementor-widget elementor-widget-heading\" data-id=\"8c8be05\" data-element_type=\"widget\" data-e-type=\"widget\" data-widget_type=\"heading.default\">\n\t\t\t\t<div class=\"elementor-widget-container\">\n\t\t\t\t\t<h2 class=\"elementor-heading-title elementor-size-default\"><a href=\"https:\/\/tjekvik.com\/wp-content\/uploads\/2023\/09\/Privacy-Policy-for-Applications.pdf\" target=\"_blank\">Polityka prywatno\u015bci dla wnioskodawc\u00f3w<\/a><\/h2>\t\t\t\t<\/div>\n\t\t\t\t<\/div>\n\t\t\t\t<\/div>\n\t\t\t\t\t<\/div>\n\t\t\t\t<\/div>\n\t\t<div class=\"elementor-element elementor-element-3ff7297 elementor-hidden-desktop elementor-hidden-tablet e-grid elementor-hidden-widescreen elementor-hidden-laptop elementor-hidden-tablet_extra elementor-hidden-mobile_extra e-con-boxed e-con e-parent\" data-id=\"3ff7297\" data-element_type=\"container\" data-e-type=\"container\" data-settings=\"{&quot;background_background&quot;:&quot;classic&quot;}\">\n\t\t\t\t\t<div class=\"e-con-inner\">\n\t\t\t\t<div class=\"elementor-element elementor-element-cf230c2 elementor-hidden-desktop elementor-hidden-tablet elementor-widget elementor-widget-image\" data-id=\"cf230c2\" data-element_type=\"widget\" data-e-type=\"widget\" data-widget_type=\"image.default\">\n\t\t\t\t<div class=\"elementor-widget-container\">\n\t\t\t\t\t\t\t\t\t\t\t\t\t\t\t<img decoding=\"async\" width=\"320\" height=\"285\" src=\"https:\/\/tjekvik.com\/wp-content\/uploads\/2023\/04\/tjekvik_mobile_careers_banner_spirit.svg\" class=\"attachment-full size-full wp-image-3049\" alt=\"\" title=\"tjekvik_mobile_careers_banner_spirit | Tjekvik\" \/>\t\t\t\t\t\t\t\t\t\t\t\t\t\t\t<\/div>\n\t\t\t\t<\/div>\n\t\t\t\t\t<\/div>\n\t\t\t\t<\/div>\n\t\t<div class=\"elementor-element elementor-element-6842944f e-flex e-con-boxed e-con e-parent\" data-id=\"6842944f\" data-element_type=\"container\" data-e-type=\"container\" data-settings=\"{&quot;background_background&quot;:&quot;classic&quot;}\">\n\t\t\t\t\t<div class=\"e-con-inner\">\n\t\t\t\t<div class=\"elementor-element elementor-element-6e2ba53b elementor-pagination-type-bullets elementor-arrows-position-inside elementor-pagination-position-outside elementor-widget elementor-widget-n-carousel\" data-id=\"6e2ba53b\" data-element_type=\"widget\" data-e-type=\"widget\" data-settings=\"{&quot;carousel_items&quot;:[{&quot;slide_title&quot;:&quot;Slide Dennis&quot;,&quot;_id&quot;:&quot;4ab2544&quot;},{&quot;slide_title&quot;:&quot;Slide Dennis&quot;,&quot;_id&quot;:&quot;44345e3&quot;}],&quot;slides_to_show&quot;:&quot;1&quot;,&quot;slides_to_scroll&quot;:&quot;1&quot;,&quot;slides_to_show_tablet&quot;:&quot;2&quot;,&quot;slides_to_show_mobile&quot;:&quot;1&quot;,&quot;autoplay&quot;:&quot;yes&quot;,&quot;autoplay_speed&quot;:5000,&quot;pause_on_interaction&quot;:&quot;yes&quot;,&quot;infinite&quot;:&quot;yes&quot;,&quot;speed&quot;:500,&quot;offset_sides&quot;:&quot;none&quot;,&quot;arrows&quot;:&quot;yes&quot;,&quot;pagination&quot;:&quot;bullets&quot;,&quot;image_spacing_custom&quot;:{&quot;unit&quot;:&quot;px&quot;,&quot;size&quot;:10,&quot;sizes&quot;:[]},&quot;image_spacing_custom_widescreen&quot;:{&quot;unit&quot;:&quot;px&quot;,&quot;size&quot;:&quot;&quot;,&quot;sizes&quot;:[]},&quot;image_spacing_custom_laptop&quot;:{&quot;unit&quot;:&quot;px&quot;,&quot;size&quot;:&quot;&quot;,&quot;sizes&quot;:[]},&quot;image_spacing_custom_tablet_extra&quot;:{&quot;unit&quot;:&quot;px&quot;,&quot;size&quot;:&quot;&quot;,&quot;sizes&quot;:[]},&quot;image_spacing_custom_tablet&quot;:{&quot;unit&quot;:&quot;px&quot;,&quot;size&quot;:&quot;&quot;,&quot;sizes&quot;:[]},&quot;image_spacing_custom_mobile_extra&quot;:{&quot;unit&quot;:&quot;px&quot;,&quot;size&quot;:&quot;&quot;,&quot;sizes&quot;:[]},&quot;image_spacing_custom_mobile&quot;:{&quot;unit&quot;:&quot;px&quot;,&quot;size&quot;:&quot;&quot;,&quot;sizes&quot;:[]}}\" data-widget_type=\"nested-carousel.default\">\n\t\t\t\t<div class=\"elementor-widget-container\">\n\t\t\t\t\t\t\t<div class=\"e-n-carousel swiper\" role=\"region\" aria-roledescription=\"carousel\" aria-label=\"Carousel\" dir=\"ltr\">\n\t\t\t<div class=\"swiper-wrapper\" aria-live=\"off\">\n\t\t\t\t\t\t\t\t\t\t<div class=\"swiper-slide\" data-slide=\"1\" role=\"group\" aria-roledescription=\"slide\" aria-label=\"1 of 2\">\n\t\t\t\t\t\t\t<div class=\"elementor-element elementor-element-1d41b99b e-flex e-con-boxed e-con e-child\" data-id=\"1d41b99b\" data-element_type=\"container\" data-e-type=\"container\" data-settings=\"{&quot;background_background&quot;:&quot;classic&quot;}\">\n\t\t\t\t\t<div class=\"e-con-inner\">\n\t\t<div class=\"elementor-element elementor-element-8ace8d6 e-con-full e-flex e-con e-child\" data-id=\"8ace8d6\" data-element_type=\"container\" data-e-type=\"container\" data-settings=\"{&quot;background_background&quot;:&quot;classic&quot;}\">\n\t\t\t\t<div class=\"elementor-element elementor-element-f2da86f elementor-widget elementor-widget-image\" data-id=\"f2da86f\" data-element_type=\"widget\" data-e-type=\"widget\" data-widget_type=\"image.default\">\n\t\t\t\t<div class=\"elementor-widget-container\">\n\t\t\t\t\t\t\t\t\t\t\t\t\t\t\t<img loading=\"lazy\" decoding=\"async\" width=\"300\" height=\"300\" src=\"https:\/\/tjekvik.com\/wp-content\/uploads\/2023\/04\/Scott-300x300.png\" class=\"attachment-medium size-medium wp-image-3044\" alt=\"\" srcset=\"https:\/\/tjekvik.com\/wp-content\/uploads\/2023\/04\/Scott-300x300.png 300w, https:\/\/tjekvik.com\/wp-content\/uploads\/2023\/04\/Scott-150x150.png 150w, https:\/\/tjekvik.com\/wp-content\/uploads\/2023\/04\/Scott.png 500w\" sizes=\"(max-width: 300px) 100vw, 300px\" title=\"Scott | Tjekvik\" \/>\t\t\t\t\t\t\t\t\t\t\t\t\t\t\t<\/div>\n\t\t\t\t<\/div>\n\t\t\t\t<\/div>\n\t\t\t\t<div class=\"elementor-element elementor-element-506899f elementor-blockquote--skin-clean elementor-blockquote--align-center elementor-widget elementor-widget-blockquote\" data-id=\"506899f\" data-element_type=\"widget\" data-e-type=\"widget\" data-widget_type=\"blockquote.default\">\n\t\t\t\t<div class=\"elementor-widget-container\">\n\t\t\t\t\t\t\t<blockquote class=\"elementor-blockquote\">\n\t\t\t<p class=\"elementor-blockquote__content\">\n\t\t\t\t\u201eFirma Tjekvik jest pe\u0142na wspania\u0142ych ludzi, kt\u00f3rzy razem d\u0105\u017c\u0105 do wsp\u00f3lnego celu: u\u015bwiadomienia klientom, jak Tjekvik mo\u017ce usprawni\u0107 proces obs\u0142ugi posprzeda\u017cowej. Lubi\u0119 codziennie rozmawia\u0107 z naszymi klientami i pomaga\u0107 im wdra\u017ca\u0107 rozwi\u0105zania Tjekvik do codziennych procedur\u201d.\t\t\t<\/p>\n\t\t\t\t\t\t\t<div class=\"e-q-footer\">\n\t\t\t\t\t\t\t\t\t\t\t<cite class=\"elementor-blockquote__author\">Scott, Customer Success Manager UK Lead, UK<\/cite>\n\t\t\t\t\t\t\t\t\t\t\t\t\t\t<\/div>\n\t\t\t\t\t<\/blockquote>\n\t\t\t\t\t\t<\/div>\n\t\t\t\t<\/div>\n\t\t\t\t\t<\/div>\n\t\t\t\t<\/div>\n\t\t\t\t\t\t\t\t<\/div>\n\t\t\t\t\t\t\t\t\t\t\t<div class=\"swiper-slide\" data-slide=\"2\" role=\"group\" aria-roledescription=\"slide\" aria-label=\"2 of 2\">\n\t\t\t\t\t\t\t<div class=\"elementor-element elementor-element-945dc5a e-flex e-con-boxed e-con e-child\" data-id=\"945dc5a\" data-element_type=\"container\" data-e-type=\"container\" data-settings=\"{&quot;background_background&quot;:&quot;classic&quot;}\">\n\t\t\t\t\t<div class=\"e-con-inner\">\n\t\t<div class=\"elementor-element elementor-element-c2a250a e-con-full e-flex e-con e-child\" data-id=\"c2a250a\" data-element_type=\"container\" data-e-type=\"container\" data-settings=\"{&quot;background_background&quot;:&quot;classic&quot;}\">\n\t\t\t\t<div class=\"elementor-element elementor-element-712a424 elementor-widget elementor-widget-image\" data-id=\"712a424\" data-element_type=\"widget\" data-e-type=\"widget\" data-widget_type=\"image.default\">\n\t\t\t\t<div class=\"elementor-widget-container\">\n\t\t\t\t\t\t\t\t\t\t\t\t\t\t\t<img loading=\"lazy\" decoding=\"async\" width=\"300\" height=\"300\" src=\"https:\/\/tjekvik.com\/wp-content\/uploads\/2024\/11\/DamiendePotter-300x300.webp\" class=\"attachment-medium size-medium wp-image-12017\" alt=\"\" srcset=\"https:\/\/tjekvik.com\/wp-content\/uploads\/2024\/11\/DamiendePotter-300x300.webp 300w, https:\/\/tjekvik.com\/wp-content\/uploads\/2024\/11\/DamiendePotter-1024x1024.webp 1024w, https:\/\/tjekvik.com\/wp-content\/uploads\/2024\/11\/DamiendePotter-150x150.webp 150w, https:\/\/tjekvik.com\/wp-content\/uploads\/2024\/11\/DamiendePotter-768x768.webp 768w, https:\/\/tjekvik.com\/wp-content\/uploads\/2024\/11\/DamiendePotter.webp 1080w\" sizes=\"(max-width: 300px) 100vw, 300px\" title=\"DamiendePotter | Tjekvik\" \/>\t\t\t\t\t\t\t\t\t\t\t\t\t\t\t<\/div>\n\t\t\t\t<\/div>\n\t\t\t\t<\/div>\n\t\t\t\t<div class=\"elementor-element elementor-element-49132ff elementor-blockquote--skin-clean elementor-blockquote--align-center elementor-widget elementor-widget-blockquote\" data-id=\"49132ff\" data-element_type=\"widget\" data-e-type=\"widget\" data-widget_type=\"blockquote.default\">\n\t\t\t\t<div class=\"elementor-widget-container\">\n\t\t\t\t\t\t\t<blockquote class=\"elementor-blockquote\">\n\t\t\t<p class=\"elementor-blockquote__content\">\n\t\t\t\tDo\u0142\u0105czenie do Tjekvik oznacza stanie si\u0119 cz\u0119\u015bci\u0105 mi\u0119dzynarodowego zespo\u0142u, w kt\u00f3rym wiedza, pasja i odwaga s\u0105 w centrum ka\u017cdego projektu. Ciesz\u0119 si\u0119, \u017ce mog\u0119 by\u0107 cz\u0119\u015bci\u0105 firmy, kt\u00f3ra \u0142\u0105czy innowacje z r\u00f3wnowag\u0105 mi\u0119dzy \u017cyciem zawodowym a prywatnym, i z przyjemno\u015bci\u0105 promuj\u0119 te rozwi\u0105zania na moim rynku, kt\u00f3re upraszczaj\u0105 i optymalizuj\u0105 sektor posprzeda\u017cowy w bran\u017cy motoryzacyjnej. \t\t\t<\/p>\n\t\t\t\t\t\t\t<div class=\"e-q-footer\">\n\t\t\t\t\t\t\t\t\t\t\t<cite class=\"elementor-blockquote__author\">Damien, Key Account Executive, France<\/cite>\n\t\t\t\t\t\t\t\t\t\t\t\t\t\t<\/div>\n\t\t\t\t\t<\/blockquote>\n\t\t\t\t\t\t<\/div>\n\t\t\t\t<\/div>\n\t\t\t\t\t<\/div>\n\t\t\t\t<\/div>\n\t\t\t\t\t\t\t\t<\/div>\n\t\t\t\t\t\t\t\t<\/div>\n\t\t<\/div>\n\t\t\t\t\t<div class=\"elementor-swiper-button elementor-swiper-button-prev\" role=\"button\" tabindex=\"0\" aria-label=\"Poprzedni\">\n\t\t\t\t<svg aria-hidden=\"true\" class=\"e-font-icon-svg e-eicon-chevron-left\" viewBox=\"0 0 1000 1000\" xmlns=\"http:\/\/www.w3.org\/2000\/svg\"><path d=\"M646 125C629 125 613 133 604 142L308 442C296 454 292 471 292 487 292 504 296 521 308 533L604 854C617 867 629 875 646 875 663 875 679 871 692 858 704 846 713 829 713 812 713 796 708 779 692 767L438 487 692 225C700 217 708 204 708 187 708 171 704 154 692 142 675 129 663 125 646 125Z\"><\/path><\/svg>\t\t\t<\/div>\n\t\t\t<div class=\"elementor-swiper-button elementor-swiper-button-next\" role=\"button\" tabindex=\"0\" aria-label=\"Nast\u0119pny\">\n\t\t\t\t<svg aria-hidden=\"true\" class=\"e-font-icon-svg e-eicon-chevron-right\" viewBox=\"0 0 1000 1000\" xmlns=\"http:\/\/www.w3.org\/2000\/svg\"><path d=\"M696 533C708 521 713 504 713 487 713 471 708 454 696 446L400 146C388 133 375 125 354 125 338 125 325 129 313 142 300 154 292 171 292 187 292 204 296 221 308 233L563 492 304 771C292 783 288 800 288 817 288 833 296 850 308 863 321 871 338 875 354 875 371 875 388 867 400 854L696 533Z\"><\/path><\/svg>\t\t\t<\/div>\n\t\t\t\t\t<div class=\"swiper-pagination\"><\/div>\n\t\t\t\t\t\t<\/div>\n\t\t\t\t<\/div>\n\t\t\t\t\t<\/div>\n\t\t\t\t<\/div>\n\t\t\t\t<\/div>\n\t\t","protected":false},"excerpt":{"rendered":"<p>Najnowsze oferty pracy w Tjekvik<\/p>\n","protected":false},"author":20,"featured_media":3444,"parent":0,"menu_order":0,"comment_status":"closed","ping_status":"closed","template":"elementor_header_footer","meta":{"_acf_changed":false,"footnotes":""},"class_list":["post-3874","page","type-page","status-publish","has-post-thumbnail","hentry"],"acf":[],"aioseo_notices":[],"_links":{"self":[{"href":"https:\/\/tjekvik.com\/pl\/wp-json\/wp\/v2\/pages\/3874","targetHints":{"allow":["GET"]}}],"collection":[{"href":"https:\/\/tjekvik.com\/pl\/wp-json\/wp\/v2\/pages"}],"about":[{"href":"https:\/\/tjekvik.com\/pl\/wp-json\/wp\/v2\/types\/page"}],"author":[{"embeddable":true,"href":"https:\/\/tjekvik.com\/pl\/wp-json\/wp\/v2\/users\/20"}],"replies":[{"embeddable":true,"href":"https:\/\/tjekvik.com\/pl\/wp-json\/wp\/v2\/comments?post=3874"}],"version-history":[{"count":25,"href":"https:\/\/tjekvik.com\/pl\/wp-json\/wp\/v2\/pages\/3874\/revisions"}],"predecessor-version":[{"id":13083,"href":"https:\/\/tjekvik.com\/pl\/wp-json\/wp\/v2\/pages\/3874\/revisions\/13083"}],"wp:featuredmedia":[{"embeddable":true,"href":"https:\/\/tjekvik.com\/pl\/wp-json\/wp\/v2\/media\/3444"}],"wp:attachment":[{"href":"https:\/\/tjekvik.com\/pl\/wp-json\/wp\/v2\/media?parent=3874"}],"curies":[{"name":"wp","href":"https:\/\/api.w.org\/{rel}","templated":true}]}}