{"id":9982,"date":"2024-01-13T05:14:34","date_gmt":"2024-01-13T05:14:34","guid":{"rendered":"https:\/\/tjekvik.com\/blog\/"},"modified":"2025-06-30T10:50:00","modified_gmt":"2025-06-30T10:50:00","slug":"blog","status":"publish","type":"page","link":"https:\/\/tjekvik.com\/pl\/blog\/","title":{"rendered":"Blog"},"content":{"rendered":"\t\t<div data-elementor-type=\"wp-page\" data-elementor-id=\"9982\" class=\"elementor elementor-9982 elementor-8443\" data-elementor-post-type=\"page\">\n\t\t\t\t<div class=\"elementor-element elementor-element-ad37ad8 e-flex e-con-boxed e-con e-parent\" data-id=\"ad37ad8\" data-element_type=\"container\" data-e-type=\"container\" data-settings=\"{&quot;background_background&quot;:&quot;classic&quot;}\">\n\t\t\t\t\t<div class=\"e-con-inner\">\n\t\t\t\t<div class=\"elementor-element elementor-element-6922d3a elementor-widget elementor-widget-heading\" data-id=\"6922d3a\" data-element_type=\"widget\" data-e-type=\"widget\" data-widget_type=\"heading.default\">\n\t\t\t\t<div class=\"elementor-widget-container\">\n\t\t\t\t\t<h2 class=\"elementor-heading-title elementor-size-default\">Tjekvik aktualno\u015bci motoryzacyjne<\/h2>\t\t\t\t<\/div>\n\t\t\t\t<\/div>\n\t\t\t\t\t<\/div>\n\t\t\t\t<\/div>\n\t\t<div class=\"elementor-element elementor-element-7853605 e-flex e-con-boxed e-con e-parent\" data-id=\"7853605\" data-element_type=\"container\" data-e-type=\"container\">\n\t\t\t\t\t<div class=\"e-con-inner\">\n\t\t\t\t<div class=\"elementor-element elementor-element-d3204ce elementor-grid-1 elementor-grid-tablet-2 elementor-grid-mobile-1 elementor-posts--thumbnail-top elementor-card-shadow-yes elementor-posts__hover-gradient elementor-widget elementor-widget-posts\" data-id=\"d3204ce\" data-element_type=\"widget\" data-e-type=\"widget\" data-settings=\"{&quot;cards_columns&quot;:&quot;1&quot;,&quot;pagination_type&quot;:&quot;numbers&quot;,&quot;cards_columns_tablet&quot;:&quot;2&quot;,&quot;cards_columns_mobile&quot;:&quot;1&quot;,&quot;cards_row_gap&quot;:{&quot;unit&quot;:&quot;px&quot;,&quot;size&quot;:35,&quot;sizes&quot;:[]},&quot;cards_row_gap_widescreen&quot;:{&quot;unit&quot;:&quot;px&quot;,&quot;size&quot;:&quot;&quot;,&quot;sizes&quot;:[]},&quot;cards_row_gap_laptop&quot;:{&quot;unit&quot;:&quot;px&quot;,&quot;size&quot;:&quot;&quot;,&quot;sizes&quot;:[]},&quot;cards_row_gap_tablet_extra&quot;:{&quot;unit&quot;:&quot;px&quot;,&quot;size&quot;:&quot;&quot;,&quot;sizes&quot;:[]},&quot;cards_row_gap_tablet&quot;:{&quot;unit&quot;:&quot;px&quot;,&quot;size&quot;:&quot;&quot;,&quot;sizes&quot;:[]},&quot;cards_row_gap_mobile_extra&quot;:{&quot;unit&quot;:&quot;px&quot;,&quot;size&quot;:&quot;&quot;,&quot;sizes&quot;:[]},&quot;cards_row_gap_mobile&quot;:{&quot;unit&quot;:&quot;px&quot;,&quot;size&quot;:&quot;&quot;,&quot;sizes&quot;:[]}}\" data-widget_type=\"posts.cards\">\n\t\t\t\t<div class=\"elementor-widget-container\">\n\t\t\t\t\t\t\t<div class=\"elementor-posts-container elementor-posts elementor-posts--skin-cards elementor-grid\" role=\"list\">\n\t\t\t\t<article class=\"elementor-post elementor-grid-item post-25653 post type-post status-publish format-standard has-post-thumbnail hentry category-sukces-klienta tag-anglia tag-historia-klienta tag-sukces-klienta\" role=\"listitem\">\n\t\t\t<div class=\"elementor-post__card\">\n\t\t\t\t<a class=\"elementor-post__thumbnail__link\" href=\"https:\/\/tjekvik.com\/pl\/blog\/46-klientow-obslugi-posprzedazowej-czeka-w-kolejce-na-rozmowe-z-doradca-serwisowym\/\" tabindex=\"-1\" target=\"_blank\"><div class=\"elementor-post__thumbnail\"><img fetchpriority=\"high\" decoding=\"async\" width=\"800\" height=\"534\" src=\"https:\/\/tjekvik.com\/wp-content\/uploads\/2026\/04\/Uk-drivers-blog-1-1024x683.png\" class=\"attachment-large size-large wp-image-25645\" alt=\"\" srcset=\"https:\/\/tjekvik.com\/wp-content\/uploads\/2026\/04\/Uk-drivers-blog-1-1024x683.png 1024w, https:\/\/tjekvik.com\/wp-content\/uploads\/2026\/04\/Uk-drivers-blog-1-300x200.png 300w, https:\/\/tjekvik.com\/wp-content\/uploads\/2026\/04\/Uk-drivers-blog-1-768x513.png 768w, https:\/\/tjekvik.com\/wp-content\/uploads\/2026\/04\/Uk-drivers-blog-1.png 1500w\" sizes=\"(max-width: 800px) 100vw, 800px\" \/><\/div><\/a>\n\t\t\t\t<div class=\"elementor-post__text\">\n\t\t\t\t<h3 class=\"elementor-post__title\">\n\t\t\t<a href=\"https:\/\/tjekvik.com\/pl\/blog\/46-klientow-obslugi-posprzedazowej-czeka-w-kolejce-na-rozmowe-z-doradca-serwisowym\/\" target=&quot;_blank&quot;>\n\t\t\t\t46% klient\u00f3w obs\u0142ugi posprzeda\u017cowej czeka w kolejce na rozmow\u0119 z doradc\u0105 serwisowym.\t\t\t<\/a>\n\t\t<\/h3>\n\t\t\t\t<div class=\"elementor-post__excerpt\">\n\t\t\t<p>Ostatnie og\u00f3lnokrajowe badanie wykaza\u0142o, \u017ce 46% brytyjskich klient\u00f3w obs\u0142ugi posprzeda\u017cnej nadal musi sta\u0107 w kolejce, aby spotka\u0107 si\u0119 z doradc\u0105 serwisowym, zgodnie z badaniami zleconymi przez Tjekvik.<\/p>\n\t\t<\/div>\n\t\t\t\t\t<div class=\"elementor-post__read-more-wrapper\">\n\t\t\n\t\t<a class=\"elementor-post__read-more\" href=\"https:\/\/tjekvik.com\/pl\/blog\/46-klientow-obslugi-posprzedazowej-czeka-w-kolejce-na-rozmowe-z-doradca-serwisowym\/\" aria-label=\"Read more about 46% klient\u00f3w obs\u0142ugi posprzeda\u017cowej czeka w kolejce na rozmow\u0119 z doradc\u0105 serwisowym.\" tabindex=\"-1\" target=\"_blank\">\n\t\t\tCzytaj dalej\t\t<\/a>\n\n\t\t\t\t\t<\/div>\n\t\t\t\t<\/div>\n\t\t\t\t<div class=\"elementor-post__meta-data\">\n\t\t\t\t\t<span class=\"elementor-post-author\">\n\t\t\tJan Borysiak\t\t<\/span>\n\t\t\t\t<span class=\"elementor-post-date\">\n\t\t\t2026-04-27\t\t<\/span>\n\t\t\t\t<\/div>\n\t\t\t\t\t<\/div>\n\t\t<\/article>\n\t\t\t\t<article class=\"elementor-post elementor-grid-item post-25561 post type-post status-publish format-standard has-post-thumbnail hentry category-sukces-klienta tag-historia-klienta tag-niemcy tag-sukces-klienta\" role=\"listitem\">\n\t\t\t<div class=\"elementor-post__card\">\n\t\t\t\t<a class=\"elementor-post__thumbnail__link\" href=\"https:\/\/tjekvik.com\/pl\/blog\/jak-firma-glinicke-automobile-przeksztalcila-obsluge-posprzedazna-dzieki-cyfrowej-samoobsludze\/\" tabindex=\"-1\" target=\"_blank\"><div class=\"elementor-post__thumbnail\"><img decoding=\"async\" width=\"800\" height=\"534\" src=\"https:\/\/tjekvik.com\/wp-content\/uploads\/2026\/04\/glinicke-blog-post-1024x683.png\" class=\"attachment-large size-large wp-image-25355\" alt=\"\" srcset=\"https:\/\/tjekvik.com\/wp-content\/uploads\/2026\/04\/glinicke-blog-post-1024x683.png 1024w, https:\/\/tjekvik.com\/wp-content\/uploads\/2026\/04\/glinicke-blog-post-300x200.png 300w, https:\/\/tjekvik.com\/wp-content\/uploads\/2026\/04\/glinicke-blog-post-768x513.png 768w, https:\/\/tjekvik.com\/wp-content\/uploads\/2026\/04\/glinicke-blog-post.png 1500w\" sizes=\"(max-width: 800px) 100vw, 800px\" \/><\/div><\/a>\n\t\t\t\t<div class=\"elementor-post__text\">\n\t\t\t\t<h3 class=\"elementor-post__title\">\n\t\t\t<a href=\"https:\/\/tjekvik.com\/pl\/blog\/jak-firma-glinicke-automobile-przeksztalcila-obsluge-posprzedazna-dzieki-cyfrowej-samoobsludze\/\" target=&quot;_blank&quot;>\n\t\t\t\tJak firma Glinicke Automobile przekszta\u0142ci\u0142a obs\u0142ug\u0119 posprzeda\u017cn\u0105 dzi\u0119ki cyfrowej samoobs\u0142udze\t\t\t<\/a>\n\t\t<\/h3>\n\t\t\t\t<div class=\"elementor-post__excerpt\">\n\t\t\t<p>Firma Glinicke Automobile chcia\u0142a przekszta\u0142ci\u0107 ca\u0142\u0105 obs\u0142ug\u0119 posprzeda\u017cn\u0105 zar\u00f3wno dla klient\u00f3w, jak i pracownik\u00f3w.  <\/p>\n\t\t<\/div>\n\t\t\t\t\t<div class=\"elementor-post__read-more-wrapper\">\n\t\t\n\t\t<a class=\"elementor-post__read-more\" href=\"https:\/\/tjekvik.com\/pl\/blog\/jak-firma-glinicke-automobile-przeksztalcila-obsluge-posprzedazna-dzieki-cyfrowej-samoobsludze\/\" aria-label=\"Read more about Jak firma Glinicke Automobile przekszta\u0142ci\u0142a obs\u0142ug\u0119 posprzeda\u017cn\u0105 dzi\u0119ki cyfrowej samoobs\u0142udze\" tabindex=\"-1\" target=\"_blank\">\n\t\t\tCzytaj dalej\t\t<\/a>\n\n\t\t\t\t\t<\/div>\n\t\t\t\t<\/div>\n\t\t\t\t<div class=\"elementor-post__meta-data\">\n\t\t\t\t\t<span class=\"elementor-post-author\">\n\t\t\tJan Borysiak\t\t<\/span>\n\t\t\t\t<span class=\"elementor-post-date\">\n\t\t\t2026-04-20\t\t<\/span>\n\t\t\t\t<\/div>\n\t\t\t\t\t<\/div>\n\t\t<\/article>\n\t\t\t\t<article class=\"elementor-post elementor-grid-item post-25345 post type-post status-publish format-standard has-post-thumbnail hentry category-spostrzezenia tag-badania-rynku tag-badanie tag-samoobsluga\" role=\"listitem\">\n\t\t\t<div class=\"elementor-post__card\">\n\t\t\t\t<a class=\"elementor-post__thumbnail__link\" href=\"https:\/\/tjekvik.com\/pl\/blog\/44-hiszpanskich-kierowcow-chce-miec-mozliwosc-odprawy-swoich-pojazdow-online-wedlug-wlasnego-harmonogramu\/\" tabindex=\"-1\" target=\"_blank\"><div class=\"elementor-post__thumbnail\"><img decoding=\"async\" width=\"800\" height=\"534\" src=\"https:\/\/tjekvik.com\/wp-content\/uploads\/2026\/04\/spanish-survey-blog-1024x683.png\" class=\"attachment-large size-large wp-image-25330\" alt=\"\" srcset=\"https:\/\/tjekvik.com\/wp-content\/uploads\/2026\/04\/spanish-survey-blog-1024x683.png 1024w, https:\/\/tjekvik.com\/wp-content\/uploads\/2026\/04\/spanish-survey-blog-300x200.png 300w, https:\/\/tjekvik.com\/wp-content\/uploads\/2026\/04\/spanish-survey-blog-768x513.png 768w, https:\/\/tjekvik.com\/wp-content\/uploads\/2026\/04\/spanish-survey-blog.png 1500w\" sizes=\"(max-width: 800px) 100vw, 800px\" \/><\/div><\/a>\n\t\t\t\t<div class=\"elementor-post__text\">\n\t\t\t\t<h3 class=\"elementor-post__title\">\n\t\t\t<a href=\"https:\/\/tjekvik.com\/pl\/blog\/44-hiszpanskich-kierowcow-chce-miec-mozliwosc-odprawy-swoich-pojazdow-online-wedlug-wlasnego-harmonogramu\/\" target=&quot;_blank&quot;>\n\t\t\t\t44% hiszpa\u0144skich kierowc\u00f3w chce mie\u0107 mo\u017cliwo\u015b\u0107 odprawy swoich pojazd\u00f3w online, wed\u0142ug w\u0142asnego harmonogramu.\t\t\t<\/a>\n\t\t<\/h3>\n\t\t\t\t<div class=\"elementor-post__excerpt\">\n\t\t\t<p>44% hiszpa\u0144skich kierowc\u00f3w chce mie\u0107 mo\u017cliwo\u015b\u0107 odprawy swoich pojazd\u00f3w online, wed\u0142ug w\u0142asnego harmonogramu.<\/p>\n\t\t<\/div>\n\t\t\t\t\t<div class=\"elementor-post__read-more-wrapper\">\n\t\t\n\t\t<a class=\"elementor-post__read-more\" href=\"https:\/\/tjekvik.com\/pl\/blog\/44-hiszpanskich-kierowcow-chce-miec-mozliwosc-odprawy-swoich-pojazdow-online-wedlug-wlasnego-harmonogramu\/\" aria-label=\"Read more about 44% hiszpa\u0144skich kierowc\u00f3w chce mie\u0107 mo\u017cliwo\u015b\u0107 odprawy swoich pojazd\u00f3w online, wed\u0142ug w\u0142asnego harmonogramu.\" tabindex=\"-1\" target=\"_blank\">\n\t\t\tCzytaj dalej\t\t<\/a>\n\n\t\t\t\t\t<\/div>\n\t\t\t\t<\/div>\n\t\t\t\t<div class=\"elementor-post__meta-data\">\n\t\t\t\t\t<span class=\"elementor-post-author\">\n\t\t\tJan Borysiak\t\t<\/span>\n\t\t\t\t<span class=\"elementor-post-date\">\n\t\t\t2026-04-07\t\t<\/span>\n\t\t\t\t<\/div>\n\t\t\t\t\t<\/div>\n\t\t<\/article>\n\t\t\t\t<article class=\"elementor-post elementor-grid-item post-25313 post type-post status-publish format-standard has-post-thumbnail hentry category-spostrzezenia category-sukces-klienta tag-historia-klienta tag-samoobsluga tag-sukces-klienta\" role=\"listitem\">\n\t\t\t<div class=\"elementor-post__card\">\n\t\t\t\t<a class=\"elementor-post__thumbnail__link\" href=\"https:\/\/tjekvik.com\/pl\/blog\/jak-wspolczesni-dealerzy-wykorzystuja-technologie-do-zwiekszania-przychodow-przy-mniejszej-liczbie-administratorow\/\" tabindex=\"-1\" target=\"_blank\"><div class=\"elementor-post__thumbnail\"><img loading=\"lazy\" decoding=\"async\" width=\"800\" height=\"534\" src=\"https:\/\/tjekvik.com\/wp-content\/uploads\/2026\/03\/Blog-images-3-1024x683.png\" class=\"attachment-large size-large wp-image-25292\" alt=\"\" srcset=\"https:\/\/tjekvik.com\/wp-content\/uploads\/2026\/03\/Blog-images-3-1024x683.png 1024w, https:\/\/tjekvik.com\/wp-content\/uploads\/2026\/03\/Blog-images-3-300x200.png 300w, https:\/\/tjekvik.com\/wp-content\/uploads\/2026\/03\/Blog-images-3-768x513.png 768w, https:\/\/tjekvik.com\/wp-content\/uploads\/2026\/03\/Blog-images-3.png 1500w\" sizes=\"(max-width: 800px) 100vw, 800px\" \/><\/div><\/a>\n\t\t\t\t<div class=\"elementor-post__text\">\n\t\t\t\t<h3 class=\"elementor-post__title\">\n\t\t\t<a href=\"https:\/\/tjekvik.com\/pl\/blog\/jak-wspolczesni-dealerzy-wykorzystuja-technologie-do-zwiekszania-przychodow-przy-mniejszej-liczbie-administratorow\/\" target=&quot;_blank&quot;>\n\t\t\t\tJak wsp\u00f3\u0142cze\u015bni dealerzy wykorzystuj\u0105 technologi\u0119 do zwi\u0119kszania przychod\u00f3w przy mniejszej liczbie administrator\u00f3w?\t\t\t<\/a>\n\t\t<\/h3>\n\t\t\t\t<div class=\"elementor-post__excerpt\">\n\t\t\t<p>Elektryfikacja, niedobory umiej\u0119tno\u015bci i cyfryzacja szybko przekszta\u0142caj\u0105 obs\u0142ug\u0119 posprzeda\u017cn\u0105 &#8211; a dla dealer\u00f3w, kt\u00f3rzy chc\u0105 nad\u0105\u017cy\u0107, technologia nie jest ju\u017c mi\u0142ym dodatkiem. To spos\u00f3b na<\/p>\n\t\t<\/div>\n\t\t\t\t\t<div class=\"elementor-post__read-more-wrapper\">\n\t\t\n\t\t<a class=\"elementor-post__read-more\" href=\"https:\/\/tjekvik.com\/pl\/blog\/jak-wspolczesni-dealerzy-wykorzystuja-technologie-do-zwiekszania-przychodow-przy-mniejszej-liczbie-administratorow\/\" aria-label=\"Read more about Jak wsp\u00f3\u0142cze\u015bni dealerzy wykorzystuj\u0105 technologi\u0119 do zwi\u0119kszania przychod\u00f3w przy mniejszej liczbie administrator\u00f3w?\" tabindex=\"-1\" target=\"_blank\">\n\t\t\tCzytaj dalej\t\t<\/a>\n\n\t\t\t\t\t<\/div>\n\t\t\t\t<\/div>\n\t\t\t\t<div class=\"elementor-post__meta-data\">\n\t\t\t\t\t<span class=\"elementor-post-author\">\n\t\t\tAna Dragnea\t\t<\/span>\n\t\t\t\t<span class=\"elementor-post-date\">\n\t\t\t2026-03-23\t\t<\/span>\n\t\t\t\t<\/div>\n\t\t\t\t\t<\/div>\n\t\t<\/article>\n\t\t\t\t<article class=\"elementor-post elementor-grid-item post-25231 post type-post status-publish format-standard has-post-thumbnail hentry category-spostrzezenia category-sukces-klienta tag-historia-klienta tag-sukces-klienta tag-tjekvik-pl\" role=\"listitem\">\n\t\t\t<div class=\"elementor-post__card\">\n\t\t\t\t<a class=\"elementor-post__thumbnail__link\" href=\"https:\/\/tjekvik.com\/pl\/blog\/jak-chorley-group-przeksztalcila-swoja-obsluge-posprzedazowa-dzieki-cyfrowej-samoobsludze\/\" tabindex=\"-1\" target=\"_blank\"><div class=\"elementor-post__thumbnail\"><img loading=\"lazy\" decoding=\"async\" width=\"800\" height=\"534\" src=\"https:\/\/tjekvik.com\/wp-content\/uploads\/2026\/03\/Blog-images-10-1024x683.png\" class=\"attachment-large size-large wp-image-25200\" alt=\"\" srcset=\"https:\/\/tjekvik.com\/wp-content\/uploads\/2026\/03\/Blog-images-10-1024x683.png 1024w, https:\/\/tjekvik.com\/wp-content\/uploads\/2026\/03\/Blog-images-10-300x200.png 300w, https:\/\/tjekvik.com\/wp-content\/uploads\/2026\/03\/Blog-images-10-768x513.png 768w, https:\/\/tjekvik.com\/wp-content\/uploads\/2026\/03\/Blog-images-10.png 1500w\" sizes=\"(max-width: 800px) 100vw, 800px\" \/><\/div><\/a>\n\t\t\t\t<div class=\"elementor-post__text\">\n\t\t\t\t<h3 class=\"elementor-post__title\">\n\t\t\t<a href=\"https:\/\/tjekvik.com\/pl\/blog\/jak-chorley-group-przeksztalcila-swoja-obsluge-posprzedazowa-dzieki-cyfrowej-samoobsludze\/\" target=&quot;_blank&quot;>\n\t\t\t\tJak Chorley Group przekszta\u0142ci\u0142a swoj\u0105 obs\u0142ug\u0119 posprzeda\u017cow\u0105 dzi\u0119ki cyfrowej samoobs\u0142udze\t\t\t<\/a>\n\t\t<\/h3>\n\t\t\t\t<div class=\"elementor-post__excerpt\">\n\t\t\t<p>To dobry przyk\u0142ad tego, co dzieje si\u0119, gdy w\u0142a\u015bciwa technologia spotyka si\u0119 z w\u0142a\u015bciwym sposobem my\u015blenia. Do\u015bwiadczenie Chorley Group pokazuje, co mo\u017ce zrobi\u0107 Tjekvik, gdy zesp\u00f3\u0142 w pe\u0142ni si\u0119 w to zaanga\u017cuje. <\/p>\n\t\t<\/div>\n\t\t\t\t\t<div class=\"elementor-post__read-more-wrapper\">\n\t\t\n\t\t<a class=\"elementor-post__read-more\" href=\"https:\/\/tjekvik.com\/pl\/blog\/jak-chorley-group-przeksztalcila-swoja-obsluge-posprzedazowa-dzieki-cyfrowej-samoobsludze\/\" aria-label=\"Read more about Jak Chorley Group przekszta\u0142ci\u0142a swoj\u0105 obs\u0142ug\u0119 posprzeda\u017cow\u0105 dzi\u0119ki cyfrowej samoobs\u0142udze\" tabindex=\"-1\" target=\"_blank\">\n\t\t\tCzytaj dalej\t\t<\/a>\n\n\t\t\t\t\t<\/div>\n\t\t\t\t<\/div>\n\t\t\t\t<div class=\"elementor-post__meta-data\">\n\t\t\t\t\t<span class=\"elementor-post-author\">\n\t\t\tJan Borysiak\t\t<\/span>\n\t\t\t\t<span class=\"elementor-post-date\">\n\t\t\t2026-03-19\t\t<\/span>\n\t\t\t\t<\/div>\n\t\t\t\t\t<\/div>\n\t\t<\/article>\n\t\t\t\t<article class=\"elementor-post elementor-grid-item post-24864 post type-post status-publish format-standard has-post-thumbnail hentry category-aktualnosci category-komunikat-prasowy category-produkt category-spostrzezenia tag-aktualnosci tag-mobility tag-tjekvik-pl\" role=\"listitem\">\n\t\t\t<div class=\"elementor-post__card\">\n\t\t\t\t<a class=\"elementor-post__thumbnail__link\" href=\"https:\/\/tjekvik.com\/pl\/blog\/nowe-oprogramowanie-tjekvik-usprawnia-zarzadzanie-samochodami-sluzbowymi\/\" tabindex=\"-1\" target=\"_blank\"><div class=\"elementor-post__thumbnail\"><img loading=\"lazy\" decoding=\"async\" width=\"800\" height=\"534\" src=\"https:\/\/tjekvik.com\/wp-content\/uploads\/2026\/03\/Tjekvik-mobility-blog-1-1024x683.png\" class=\"attachment-large size-large wp-image-24785\" alt=\"\" srcset=\"https:\/\/tjekvik.com\/wp-content\/uploads\/2026\/03\/Tjekvik-mobility-blog-1-1024x683.png 1024w, https:\/\/tjekvik.com\/wp-content\/uploads\/2026\/03\/Tjekvik-mobility-blog-1-300x200.png 300w, https:\/\/tjekvik.com\/wp-content\/uploads\/2026\/03\/Tjekvik-mobility-blog-1-768x513.png 768w, https:\/\/tjekvik.com\/wp-content\/uploads\/2026\/03\/Tjekvik-mobility-blog-1.png 1500w\" sizes=\"(max-width: 800px) 100vw, 800px\" \/><\/div><\/a>\n\t\t\t\t<div class=\"elementor-post__text\">\n\t\t\t\t<h3 class=\"elementor-post__title\">\n\t\t\t<a href=\"https:\/\/tjekvik.com\/pl\/blog\/nowe-oprogramowanie-tjekvik-usprawnia-zarzadzanie-samochodami-sluzbowymi\/\" target=&quot;_blank&quot;>\n\t\t\t\tNowe oprogramowanie Tjekvik usprawnia zarz\u0105dzanie samochodami s\u0142u\u017cbowymi\t\t\t<\/a>\n\t\t<\/h3>\n\t\t\t\t<div class=\"elementor-post__excerpt\">\n\t\t\t<p>Tjekvik uruchomi\u0142 nowy system, kt\u00f3ry znacznie u\u0142atwia dealerom zarz\u0105dzanie przydzia\u0142em samochod\u00f3w&#8230;<\/p>\n\t\t<\/div>\n\t\t\t\t\t<div class=\"elementor-post__read-more-wrapper\">\n\t\t\n\t\t<a class=\"elementor-post__read-more\" href=\"https:\/\/tjekvik.com\/pl\/blog\/nowe-oprogramowanie-tjekvik-usprawnia-zarzadzanie-samochodami-sluzbowymi\/\" aria-label=\"Read more about Nowe oprogramowanie Tjekvik usprawnia zarz\u0105dzanie samochodami s\u0142u\u017cbowymi\" tabindex=\"-1\" target=\"_blank\">\n\t\t\tCzytaj dalej\t\t<\/a>\n\n\t\t\t\t\t<\/div>\n\t\t\t\t<\/div>\n\t\t\t\t<div class=\"elementor-post__meta-data\">\n\t\t\t\t\t<span class=\"elementor-post-author\">\n\t\t\tJan Borysiak\t\t<\/span>\n\t\t\t\t<span class=\"elementor-post-date\">\n\t\t\t2026-03-06\t\t<\/span>\n\t\t\t\t<\/div>\n\t\t\t\t\t<\/div>\n\t\t<\/article>\n\t\t\t\t<\/div>\n\t\t\n\t\t\t\t<div class=\"e-load-more-anchor\" data-page=\"1\" data-max-page=\"14\" data-next-page=\"https:\/\/tjekvik.com\/pl\/wp-json\/wp\/v2\/pages\/9982\/page\/2\/\"><\/div>\n\t\t\t\t<nav class=\"elementor-pagination\" aria-label=\"Paginacja\">\n\t\t\t<span aria-current=\"page\" class=\"page-numbers current\"><span class=\"elementor-screen-only\">Strona<\/span>1<\/span>\n<a class=\"page-numbers\" href=\"https:\/\/tjekvik.com\/pl\/wp-json\/wp\/v2\/pages\/9982\/page\/2\/\"><span class=\"elementor-screen-only\">Strona<\/span>2<\/a>\n<a class=\"page-numbers\" href=\"https:\/\/tjekvik.com\/pl\/wp-json\/wp\/v2\/pages\/9982\/page\/3\/\"><span class=\"elementor-screen-only\">Strona<\/span>3<\/a>\n<a class=\"page-numbers\" href=\"https:\/\/tjekvik.com\/pl\/wp-json\/wp\/v2\/pages\/9982\/page\/4\/\"><span class=\"elementor-screen-only\">Strona<\/span>4<\/a>\n<a class=\"page-numbers\" href=\"https:\/\/tjekvik.com\/pl\/wp-json\/wp\/v2\/pages\/9982\/page\/5\/\"><span class=\"elementor-screen-only\">Strona<\/span>5<\/a>\t\t<\/nav>\n\t\t\t\t\t\t<\/div>\n\t\t\t\t<\/div>\n\t\t\t\t\t<\/div>\n\t\t\t\t<\/div>\n\t\t<div class=\"elementor-element elementor-element-adde683 e-flex e-con-boxed e-con e-parent\" data-id=\"adde683\" data-element_type=\"container\" data-e-type=\"container\">\n\t\t\t\t\t<div class=\"e-con-inner\">\n\t\t\t\t<div class=\"elementor-element elementor-element-448de9b elementor-widget elementor-widget-heading\" data-id=\"448de9b\" data-element_type=\"widget\" data-e-type=\"widget\" data-widget_type=\"heading.default\">\n\t\t\t\t<div class=\"elementor-widget-container\">\n\t\t\t\t\t<h2 class=\"elementor-heading-title elementor-size-default\">Subskrybuj nasz biuletyn<\/h2>\t\t\t\t<\/div>\n\t\t\t\t<\/div>\n\t\t\t\t<div class=\"elementor-element elementor-element-47c6d49 elementor-widget elementor-widget-html\" data-id=\"47c6d49\" data-element_type=\"widget\" data-e-type=\"widget\" data-widget_type=\"html.default\">\n\t\t\t\t<div class=\"elementor-widget-container\">\n\t\t\t\t\t<script charset=\"utf-8\" type=\"text\/javascript\" src=\"\/\/js-eu1.hsforms.net\/forms\/embed\/v2.js\"><\/script><script>hbspt.forms.create({\n    portalId: \"26682254\",\n    formId: \"b8bd2a68-f33b-4756-a2d2-d3186c65962c\",\n    region: \"eu1\"\n  });\n<\/script>\t\t\t\t<\/div>\n\t\t\t\t<\/div>\n\t\t\t\t\t<\/div>\n\t\t\t\t<\/div>\n\t\t\t\t<\/div>\n\t\t","protected":false},"excerpt":{"rendered":"<p>Tjekvik aktualno\u015bci motoryzacyjne Subskrybuj nasz biuletyn<\/p>\n","protected":false},"author":20,"featured_media":0,"parent":0,"menu_order":0,"comment_status":"closed","ping_status":"closed","template":"","meta":{"_acf_changed":false,"footnotes":""},"class_list":["post-9982","page","type-page","status-publish","hentry"],"acf":[],"aioseo_notices":[],"_links":{"self":[{"href":"https:\/\/tjekvik.com\/pl\/wp-json\/wp\/v2\/pages\/9982","targetHints":{"allow":["GET"]}}],"collection":[{"href":"https:\/\/tjekvik.com\/pl\/wp-json\/wp\/v2\/pages"}],"about":[{"href":"https:\/\/tjekvik.com\/pl\/wp-json\/wp\/v2\/types\/page"}],"author":[{"embeddable":true,"href":"https:\/\/tjekvik.com\/pl\/wp-json\/wp\/v2\/users\/20"}],"replies":[{"embeddable":true,"href":"https:\/\/tjekvik.com\/pl\/wp-json\/wp\/v2\/comments?post=9982"}],"version-history":[{"count":5,"href":"https:\/\/tjekvik.com\/pl\/wp-json\/wp\/v2\/pages\/9982\/revisions"}],"predecessor-version":[{"id":19048,"href":"https:\/\/tjekvik.com\/pl\/wp-json\/wp\/v2\/pages\/9982\/revisions\/19048"}],"wp:attachment":[{"href":"https:\/\/tjekvik.com\/pl\/wp-json\/wp\/v2\/media?parent=9982"}],"curies":[{"name":"wp","href":"https:\/\/api.w.org\/{rel}","templated":true}]}}